{"id":1464,"date":"2023-06-23T19:39:35","date_gmt":"2023-06-23T19:39:35","guid":{"rendered":"https:\/\/aboutcom.com.br\/pt\/?page_id=1464"},"modified":"2026-04-17T13:40:26","modified_gmt":"2026-04-17T13:40:26","slug":"quem-somos","status":"publish","type":"page","link":"https:\/\/aboutcom.com.br\/en\/quem-somos\/","title":{"rendered":"aboutCOM | Quem somos"},"content":{"rendered":"\n<h2 class=\"wp-block-heading\">Somos especialistas em comunica\u00e7\u00e3o<\/h2>\n\n\n\n<div class=\"wp-block-columns is-layout-flex wp-container-core-columns-is-layout-f9ff4cd5 wp-block-columns-is-layout-flex\" style=\"padding-right:var(--wp--preset--spacing--40);padding-left:var(--wp--preset--spacing--40)\">\n<div class=\"wp-block-column is-layout-flow wp-block-column-is-layout-flow\">\n<p class=\"has-medium-font-size\" style=\"margin-right:0;margin-left:0;padding-right:0;padding-left:0\"><strong>aboutCOM Comunica\u00e7\u00e3o Integrada<\/strong> \u00e9 uma consultoria de comunica\u00e7\u00e3o com mais de <strong>11 anos no mercado latino-americano<\/strong>. Chamamos de consultoria e n\u00e3o de ag\u00eancia, porque acreditamos que <strong>a comunica\u00e7\u00e3o direcionada a neg\u00f3cios vem antes de qualquer ferramenta<\/strong>.<\/p>\n\n\n\n<p class=\"has-medium-font-size\" style=\"border-style:none;border-width:0px;margin-right:0;margin-left:0;padding-right:0;padding-left:0\">Trabalhamos com uma <strong>metodologia registrada no INPI na IBN, e comprovada<\/strong> por multinacionais como Hitachi, Verisure, ESET, OpenSignal, ShareiT Group, Adjust, Geopagos, Wirecard, entre outras.<\/p>\n<\/div>\n<\/div>\n\n\n\n<div class=\"wp-block-getwid-section getwid-section-content-full-width\"><div class=\"wp-block-getwid-section__wrapper\"><div class=\"wp-block-getwid-section__inner-wrapper\"><div class=\"wp-block-getwid-section__background-holder\"><div class=\"wp-block-getwid-section__background\"><\/div><div class=\"wp-block-getwid-section__foreground\"><\/div><\/div><div class=\"wp-block-getwid-section__content\"><div class=\"wp-block-getwid-section__inner-content\">\n<div class=\"wp-block-columns is-layout-flex wp-container-core-columns-is-layout-28f84493 wp-block-columns-is-layout-flex\">\n<div class=\"wp-block-column has-medium-font-size is-layout-flow wp-block-column-is-layout-flow\" style=\"flex-basis:70%\">\n<p style=\"margin-right:0;padding-right:0\">Com <strong>a <a href=\"https:\/\/aboutcom.com.br\/pt\/t2h\/\">metodologia T2H <\/a>(ou Tech2Human) sua empresa passa por uma jornada consultiva de comunica\u00e7\u00e3o <\/strong>pensada exclusivamente para o seu objetivo de neg\u00f3cio, e sai com <strong>um planejamento completo de comunica\u00e7\u00e3o, 100% voltado para amplificar as suas mensagens e tornar o seu cliente o maior componente da sua venda.<\/strong><\/p>\n\n\n\n<p>Usamos como engrenagens o diagn\u00f3stico do seu cen\u00e1rio atual de comunica\u00e7\u00e3o, o seu objetivo de neg\u00f3cios, quem voc\u00ea quer alcan\u00e7ar, as dores que voc\u00ea atende das suas personas de interesse, um funil de influ\u00eancias, insights de mercado e, por \u00faltimo, <a href=\"https:\/\/aboutcom.com.br\/pt\/servicos\/\">as ferramentas de comunica\u00e7\u00e3o<\/a> que sua empresa j\u00e1 utiliza \u2013 tudo isso girando com um <strong>\u00fanico prop\u00f3sito: torn\u00e1-los conhecidos por seus clientes e instig\u00e1-los a fazer neg\u00f3cio com voc\u00eas.<\/strong><\/p>\n\n\n\n<p style=\"margin-right:0;padding-right:0\">Al\u00e9m <strong>uma expertise j\u00e1 consolidada<\/strong>, a aboutCOM conta com <strong>profissionais com mais de 20 anos de mercado <\/strong>e com <strong>o apoio de tecnologias de ponta<\/strong>, como <strong>machine learning, IA e Business Analytics,<\/strong> que tornam a nossa entrega ainda mais moderna, r\u00e1pida e certeira.<\/p>\n\n\n\n<div class=\"wp-block-buttons is-layout-flex wp-block-buttons-is-layout-flex\">\n<div class=\"wp-block-button\"><a class=\"wp-block-button__link has-medium-font-size has-custom-font-size wp-element-button\" href=\"https:\/\/aboutcom.com.br\/pt\/t2h\/\">Conhe\u00e7a mais da metologia T2H<\/a><\/div>\n<\/div>\n<\/div>\n\n\n\n<div class=\"wp-block-column is-vertically-aligned-center is-layout-flow wp-block-column-is-layout-flow\" style=\"flex-basis:40%\">\n<figure class=\"wp-block-image size-large\"><img loading=\"lazy\" decoding=\"async\" width=\"954\" height=\"1024\" src=\"https:\/\/aboutcom.com.br\/wp-content\/uploads\/2025\/08\/T2H-1-954x1024.png\" alt=\"aboutCOM\" class=\"wp-image-1734\" srcset=\"https:\/\/aboutcom.com.br\/wp-content\/uploads\/2025\/08\/T2H-1-954x1024.png 954w, https:\/\/aboutcom.com.br\/wp-content\/uploads\/2025\/08\/T2H-1-279x300.png 279w, https:\/\/aboutcom.com.br\/wp-content\/uploads\/2025\/08\/T2H-1-768x824.png 768w, https:\/\/aboutcom.com.br\/wp-content\/uploads\/2025\/08\/T2H-1-500x537.png 500w, https:\/\/aboutcom.com.br\/wp-content\/uploads\/2025\/08\/T2H-1.png 1006w\" sizes=\"auto, (max-width: 954px) 100vw, 954px\" \/><\/figure>\n<\/div>\n<\/div>\n<\/div><\/div><\/div><\/div><\/div>\n\n\n\n<div class=\"wp-block-getwid-section alignfull alignfull\"><div class=\"wp-block-getwid-section__wrapper\"><div class=\"wp-block-getwid-section__inner-wrapper\"><div class=\"wp-block-getwid-section__background-holder\"><div class=\"wp-block-getwid-section__background has-background has-palette-color-3-background-color\"><\/div><div class=\"wp-block-getwid-section__foreground\"><\/div><\/div><div class=\"wp-block-getwid-section__content\"><div class=\"wp-block-getwid-section__inner-content\">\n<div class=\"wp-block-columns is-layout-flex wp-container-core-columns-is-layout-69cf8084 wp-block-columns-is-layout-flex\" style=\"margin-top:var(--wp--preset--spacing--40)\">\n<div class=\"wp-block-column is-vertically-aligned-center is-layout-flow wp-block-column-is-layout-flow\" style=\"flex-basis:33.33%\">\n<figure class=\"wp-block-image aligncenter size-large is-resized is-style-rounded\"><img loading=\"lazy\" decoding=\"async\" width=\"683\" height=\"1024\" src=\"https:\/\/aboutcom.com.br\/wp-content\/uploads\/2025\/08\/FlaviaSobral_aboutCOM_2023-683x1024.jpg\" alt=\"Flavia Sobral\" class=\"wp-image-1739\" style=\"width:268px;height:auto\" srcset=\"https:\/\/aboutcom.com.br\/wp-content\/uploads\/2025\/08\/FlaviaSobral_aboutCOM_2023-683x1024.jpg 683w, https:\/\/aboutcom.com.br\/wp-content\/uploads\/2025\/08\/FlaviaSobral_aboutCOM_2023-200x300.jpg 200w, https:\/\/aboutcom.com.br\/wp-content\/uploads\/2025\/08\/FlaviaSobral_aboutCOM_2023-768x1151.jpg 768w, https:\/\/aboutcom.com.br\/wp-content\/uploads\/2025\/08\/FlaviaSobral_aboutCOM_2023-1025x1536.jpg 1025w, https:\/\/aboutcom.com.br\/wp-content\/uploads\/2025\/08\/FlaviaSobral_aboutCOM_2023-1366x2048.jpg 1366w, https:\/\/aboutcom.com.br\/wp-content\/uploads\/2025\/08\/FlaviaSobral_aboutCOM_2023-500x750.jpg 500w, https:\/\/aboutcom.com.br\/wp-content\/uploads\/2025\/08\/FlaviaSobral_aboutCOM_2023-scaled.jpg 1708w\" sizes=\"auto, (max-width: 683px) 100vw, 683px\" \/><\/figure>\n<\/div>\n\n\n\n<div class=\"wp-block-column is-vertically-aligned-center has-medium-font-size is-layout-flow wp-block-column-is-layout-flow\" style=\"flex-basis:70%\">\n<h2 class=\"wp-block-heading has-palette-color-8-color has-text-color has-link-color wp-elements-a99543ee2d7303a5c8a14424714430ff\">Perfil: Flavia Sobral<\/h2>\n\n\n\n<p class=\"has-palette-color-8-color has-text-color has-link-color wp-elements-03002e66d2b0937b72f293b185668d90\" style=\"font-size:clamp(14px, 0.875rem + ((1vw - 3.2px) * 0.469), 20px);\">Empreendedora e profissional de Comunica\u00e7\u00e3o Corporativa, com grande conhecimento em projetos integrados de comunica\u00e7\u00e3o para multinacionais com foco em tecnologia B2B. Flavia tem mais de 20 anos de experi\u00eancia em rela\u00e7\u00f5es p\u00fablicas, assessoria de imprensa, treinamentos em comunica\u00e7\u00e3o, produ\u00e7\u00e3o de conte\u00fado para marcas, coordena\u00e7\u00e3o de ag\u00eancias e dos esfor\u00e7os de comunica\u00e7\u00e3o dos clientes na Am\u00e9rica Latina.<\/p>\n\n\n\n<p class=\"has-palette-color-8-color has-text-color has-link-color wp-elements-91e8faff7eabf809299188ffeac3c9a6\" style=\"font-size:clamp(14px, 0.875rem + ((1vw - 3.2px) * 0.469), 20px);\">Flavia \u00e9 tamb\u00e9m a respons\u00e1vel pela cria\u00e7\u00e3o da&nbsp; <a href=\"https:\/\/aboutcom.com.br\/pt\/t2h\/\">T2H<\/a> (Tech2Human) \u2013 uma metodologia \u00fanica que permite um planejar realmente integrado de comunica\u00e7\u00e3o, para que ela aponte para o mesmo lado que o objetivo de neg\u00f3cios.<\/p>\n<\/div>\n<\/div>\n<\/div><\/div><\/div><\/div><\/div>\n\n\n\n<div class=\"wp-block-columns are-vertically-aligned-center is-layout-flex wp-container-core-columns-is-layout-28f84493 wp-block-columns-is-layout-flex\">\n<div class=\"wp-block-column is-vertically-aligned-center has-medium-font-size is-layout-flow wp-block-column-is-layout-flow\" style=\"flex-basis:70%\">\n<p><strong>A aboutCOM parte da premissa que lan\u00e7amentos de produtos, projetos e grandes momentos da sua empresa ter\u00e3o planos integrados de comunica\u00e7\u00e3o<\/strong> baseados na narrativa central (mensagem) considerando todos os canais (meios) em sua estrat\u00e9gia.<\/p>\n\n\n\n<p>Fazemos tudo isso <strong>baseando-nos em ferramentas de IA e Ci\u00eancia de Dados<\/strong>, para que seu p\u00fablico absorva sua mensagem e replique-a, engajando com sua empresa <strong>pela compra ou pela amplifica\u00e7\u00e3o da sua reputa\u00e7\u00e3o.<\/strong><\/p>\n<\/div>\n\n\n\n<div class=\"wp-block-column is-vertically-aligned-center is-layout-flow wp-block-column-is-layout-flow\" style=\"flex-basis:33.33%\">\n<figure class=\"wp-block-image aligncenter size-large\"><img loading=\"lazy\" decoding=\"async\" width=\"1024\" height=\"576\" src=\"https:\/\/aboutcom.com.br\/wp-content\/uploads\/2025\/08\/abstrato-1024x576.png\" alt=\"aboutCOM\" class=\"wp-image-1748\" srcset=\"https:\/\/aboutcom.com.br\/wp-content\/uploads\/2025\/08\/abstrato-1024x576.png 1024w, https:\/\/aboutcom.com.br\/wp-content\/uploads\/2025\/08\/abstrato-300x169.png 300w, https:\/\/aboutcom.com.br\/wp-content\/uploads\/2025\/08\/abstrato-768x432.png 768w, https:\/\/aboutcom.com.br\/wp-content\/uploads\/2025\/08\/abstrato-1536x864.png 1536w, https:\/\/aboutcom.com.br\/wp-content\/uploads\/2025\/08\/abstrato-500x281.png 500w, https:\/\/aboutcom.com.br\/wp-content\/uploads\/2025\/08\/abstrato.png 1920w\" sizes=\"auto, (max-width: 1024px) 100vw, 1024px\" \/><\/figure>\n<\/div>\n<\/div>\n\n\n\n<div class=\"wp-block-buttons has-custom-font-size has-medium-font-size is-layout-flex wp-block-buttons-is-layout-flex\">\n<div class=\"wp-block-button\"><a class=\"wp-block-button__link wp-element-button\" href=\"https:\/\/aboutcom.com.br\/pt\/servicos\/\">Saiba tudo que a aboutCOM pode fazer pela sua empresa.<\/a><\/div>\n<\/div>\n\n\n\n<p><\/p>\n","protected":false},"excerpt":{"rendered":"<p>Somos especialistas em comunica\u00e7\u00e3o aboutCOM Comunica\u00e7\u00e3o Integrada \u00e9 uma consultoria de comunica\u00e7\u00e3o com mais de 11 anos no mercado latino-americano. Chamamos de consultoria e n\u00e3o de ag\u00eancia, porque acreditamos que a comunica\u00e7\u00e3o direcionada a neg\u00f3cios vem antes de qualquer ferramenta. Trabalhamos com uma metodologia registrada no INPI na IBN, e comprovada por multinacionais como Hitachi, [&hellip;]<\/p>\n","protected":false},"author":2,"featured_media":0,"parent":0,"menu_order":0,"comment_status":"closed","ping_status":"closed","template":"","meta":{"_acf_changed":false,"inline_featured_image":false,"footnotes":""},"class_list":["post-1464","page","type-page","status-publish","hentry"],"blocksy_meta":{"has_hero_section":"disabled","styles_descriptor":{"styles":{"desktop":"","tablet":"","mobile":""},"google_fonts":[],"version":6}},"acf":[],"yoast_head":"<!-- This site is optimized with the Yoast SEO plugin v27.6 - https:\/\/yoast.com\/product\/yoast-seo-wordpress\/ -->\n<title>aboutCOM | Quem somos<\/title>\n<meta name=\"description\" content=\"aboutCOM Comunica\u00e7\u00e3o Integrada \u00e9 uma consultoria de comunica\u00e7\u00e3o com mais de 11 anos no mercado latino-americano. Chamamos de consultoria e n\u00e3o de ag\u00eancia, porque acreditamos que a comunica\u00e7\u00e3o direcionada a neg\u00f3cios vem antes de qualquer ferramenta.\" \/>\n<meta name=\"robots\" content=\"index, follow, max-snippet:-1, max-image-preview:large, max-video-preview:-1\" \/>\n<link rel=\"canonical\" href=\"https:\/\/aboutcom.com.br\/en\/quem-somos\/\" \/>\n<meta property=\"og:locale\" content=\"en_US\" \/>\n<meta property=\"og:locale:alternate\" content=\"pt_BR\" \/>\n<meta property=\"og:locale:alternate\" content=\"es_ES\" \/>\n<meta property=\"og:type\" content=\"article\" \/>\n<meta property=\"og:title\" content=\"aboutCOM | Quem somos\" \/>\n<meta property=\"og:description\" content=\"aboutCOM Comunica\u00e7\u00e3o Integrada \u00e9 uma consultoria de comunica\u00e7\u00e3o com mais de 11 anos no mercado latino-americano. Chamamos de consultoria e n\u00e3o de ag\u00eancia, porque acreditamos que a comunica\u00e7\u00e3o direcionada a neg\u00f3cios vem antes de qualquer ferramenta.\" \/>\n<meta property=\"og:url\" content=\"https:\/\/aboutcom.com.br\/en\/quem-somos\/\" \/>\n<meta property=\"og:site_name\" content=\"Aboutcom\" \/>\n<meta property=\"article:modified_time\" content=\"2026-04-17T13:40:26+00:00\" \/>\n<meta property=\"og:image\" content=\"https:\/\/aboutcom.com.br\/wp-content\/uploads\/2025\/08\/T2H-1.png\" \/>\n\t<meta property=\"og:image:width\" content=\"1006\" \/>\n\t<meta property=\"og:image:height\" content=\"1080\" \/>\n\t<meta property=\"og:image:type\" content=\"image\/png\" \/>\n<meta name=\"twitter:card\" content=\"summary_large_image\" \/>\n<meta name=\"twitter:label1\" content=\"Est. reading time\" \/>\n\t<meta name=\"twitter:data1\" content=\"3 minutes\" \/>\n<script type=\"application\/ld+json\" class=\"yoast-schema-graph\">{\"@context\":\"https:\\\/\\\/schema.org\",\"@graph\":[{\"@type\":\"WebPage\",\"@id\":\"https:\\\/\\\/aboutcom.com.br\\\/pt\\\/quem-somos\\\/\",\"url\":\"https:\\\/\\\/aboutcom.com.br\\\/pt\\\/quem-somos\\\/\",\"name\":\"aboutCOM | Quem somos\",\"isPartOf\":{\"@id\":\"https:\\\/\\\/aboutcom.com.br\\\/pt\\\/#website\"},\"primaryImageOfPage\":{\"@id\":\"https:\\\/\\\/aboutcom.com.br\\\/pt\\\/quem-somos\\\/#primaryimage\"},\"image\":{\"@id\":\"https:\\\/\\\/aboutcom.com.br\\\/pt\\\/quem-somos\\\/#primaryimage\"},\"thumbnailUrl\":\"https:\\\/\\\/aboutcom.com.br\\\/wp-content\\\/uploads\\\/2025\\\/08\\\/T2H-1-954x1024.png\",\"datePublished\":\"2023-06-23T19:39:35+00:00\",\"dateModified\":\"2026-04-17T13:40:26+00:00\",\"description\":\"aboutCOM Comunica\u00e7\u00e3o Integrada \u00e9 uma consultoria de comunica\u00e7\u00e3o com mais de 11 anos no mercado latino-americano. Chamamos de consultoria e n\u00e3o de ag\u00eancia, porque acreditamos que a comunica\u00e7\u00e3o direcionada a neg\u00f3cios vem antes de qualquer ferramenta.\",\"breadcrumb\":{\"@id\":\"https:\\\/\\\/aboutcom.com.br\\\/pt\\\/quem-somos\\\/#breadcrumb\"},\"inLanguage\":\"en-US\",\"potentialAction\":[{\"@type\":\"ReadAction\",\"target\":[\"https:\\\/\\\/aboutcom.com.br\\\/pt\\\/quem-somos\\\/\"]}]},{\"@type\":\"ImageObject\",\"inLanguage\":\"en-US\",\"@id\":\"https:\\\/\\\/aboutcom.com.br\\\/pt\\\/quem-somos\\\/#primaryimage\",\"url\":\"https:\\\/\\\/aboutcom.com.br\\\/wp-content\\\/uploads\\\/2025\\\/08\\\/T2H-1-954x1024.png\",\"contentUrl\":\"https:\\\/\\\/aboutcom.com.br\\\/wp-content\\\/uploads\\\/2025\\\/08\\\/T2H-1-954x1024.png\"},{\"@type\":\"BreadcrumbList\",\"@id\":\"https:\\\/\\\/aboutcom.com.br\\\/pt\\\/quem-somos\\\/#breadcrumb\",\"itemListElement\":[{\"@type\":\"ListItem\",\"position\":1,\"name\":\"Home\",\"item\":\"https:\\\/\\\/aboutcom.com.br\\\/pt\\\/\"},{\"@type\":\"ListItem\",\"position\":2,\"name\":\"aboutCOM | Quem somos\"}]},{\"@type\":\"WebSite\",\"@id\":\"https:\\\/\\\/aboutcom.com.br\\\/pt\\\/#website\",\"url\":\"https:\\\/\\\/aboutcom.com.br\\\/pt\\\/\",\"name\":\"Aboutcom\",\"description\":\"Communication Specialists\",\"publisher\":{\"@id\":\"https:\\\/\\\/aboutcom.com.br\\\/pt\\\/#organization\"},\"potentialAction\":[{\"@type\":\"SearchAction\",\"target\":{\"@type\":\"EntryPoint\",\"urlTemplate\":\"https:\\\/\\\/aboutcom.com.br\\\/pt\\\/?s={search_term_string}\"},\"query-input\":{\"@type\":\"PropertyValueSpecification\",\"valueRequired\":true,\"valueName\":\"search_term_string\"}}],\"inLanguage\":\"en-US\"},{\"@type\":\"Organization\",\"@id\":\"https:\\\/\\\/aboutcom.com.br\\\/pt\\\/#organization\",\"name\":\"Aboutcom\",\"url\":\"https:\\\/\\\/aboutcom.com.br\\\/pt\\\/\",\"logo\":{\"@type\":\"ImageObject\",\"inLanguage\":\"en-US\",\"@id\":\"https:\\\/\\\/aboutcom.com.br\\\/pt\\\/#\\\/schema\\\/logo\\\/image\\\/\",\"url\":\"https:\\\/\\\/aboutcom.com.br\\\/wp-content\\\/uploads\\\/2025\\\/08\\\/aboutCOM_LOGO-10-scaled.png\",\"contentUrl\":\"https:\\\/\\\/aboutcom.com.br\\\/wp-content\\\/uploads\\\/2025\\\/08\\\/aboutCOM_LOGO-10-scaled.png\",\"width\":2560,\"height\":786,\"caption\":\"Aboutcom\"},\"image\":{\"@id\":\"https:\\\/\\\/aboutcom.com.br\\\/pt\\\/#\\\/schema\\\/logo\\\/image\\\/\"}}]}<\/script>\n<!-- \/ Yoast SEO plugin. -->","yoast_head_json":{"title":"aboutCOM | Quem somos","description":"aboutCOM Comunica\u00e7\u00e3o Integrada \u00e9 uma consultoria de comunica\u00e7\u00e3o com mais de 11 anos no mercado latino-americano. Chamamos de consultoria e n\u00e3o de ag\u00eancia, porque acreditamos que a comunica\u00e7\u00e3o direcionada a neg\u00f3cios vem antes de qualquer ferramenta.","robots":{"index":"index","follow":"follow","max-snippet":"max-snippet:-1","max-image-preview":"max-image-preview:large","max-video-preview":"max-video-preview:-1"},"canonical":"https:\/\/aboutcom.com.br\/en\/quem-somos\/","og_locale":"en_US","og_type":"article","og_title":"[:pt]aboutCOM | Quem somos[:] - Aboutcom","og_description":"[:pt]aboutCOM Comunica\u00e7\u00e3o Integrada \u00e9 uma consultoria de comunica\u00e7\u00e3o com mais de 11 anos no mercado latino-americano. Chamamos de consultoria e n\u00e3o de ag\u00eancia, porque acreditamos que a comunica\u00e7\u00e3o direcionada a neg\u00f3cios vem antes de qualquer ferramenta.[:]","og_url":"https:\/\/aboutcom.com.br\/en\/quem-somos\/","og_site_name":"Aboutcom","article_modified_time":"2026-04-17T13:40:26+00:00","og_image":[{"width":1006,"height":1080,"url":"https:\/\/aboutcom.com.br\/wp-content\/uploads\/2025\/08\/T2H-1.png","type":"image\/png"}],"twitter_card":"summary_large_image","twitter_misc":{"Est. reading time":"3 minutes"},"schema":{"@context":"https:\/\/schema.org","@graph":[{"@type":"WebPage","@id":"https:\/\/aboutcom.com.br\/pt\/quem-somos\/","url":"https:\/\/aboutcom.com.br\/pt\/quem-somos\/","name":"aboutCOM | Quem somos","isPartOf":{"@id":"https:\/\/aboutcom.com.br\/pt\/#website"},"primaryImageOfPage":{"@id":"https:\/\/aboutcom.com.br\/pt\/quem-somos\/#primaryimage"},"image":{"@id":"https:\/\/aboutcom.com.br\/pt\/quem-somos\/#primaryimage"},"thumbnailUrl":"https:\/\/aboutcom.com.br\/wp-content\/uploads\/2025\/08\/T2H-1-954x1024.png","datePublished":"2023-06-23T19:39:35+00:00","dateModified":"2026-04-17T13:40:26+00:00","description":"aboutCOM Comunica\u00e7\u00e3o Integrada \u00e9 uma consultoria de comunica\u00e7\u00e3o com mais de 11 anos no mercado latino-americano. Chamamos de consultoria e n\u00e3o de ag\u00eancia, porque acreditamos que a comunica\u00e7\u00e3o direcionada a neg\u00f3cios vem antes de qualquer ferramenta.","breadcrumb":{"@id":"https:\/\/aboutcom.com.br\/pt\/quem-somos\/#breadcrumb"},"inLanguage":"en-US","potentialAction":[{"@type":"ReadAction","target":["https:\/\/aboutcom.com.br\/pt\/quem-somos\/"]}]},{"@type":"ImageObject","inLanguage":"en-US","@id":"https:\/\/aboutcom.com.br\/pt\/quem-somos\/#primaryimage","url":"https:\/\/aboutcom.com.br\/wp-content\/uploads\/2025\/08\/T2H-1-954x1024.png","contentUrl":"https:\/\/aboutcom.com.br\/wp-content\/uploads\/2025\/08\/T2H-1-954x1024.png"},{"@type":"BreadcrumbList","@id":"https:\/\/aboutcom.com.br\/pt\/quem-somos\/#breadcrumb","itemListElement":[{"@type":"ListItem","position":1,"name":"Home","item":"https:\/\/aboutcom.com.br\/pt\/"},{"@type":"ListItem","position":2,"name":"aboutCOM | Quem somos"}]},{"@type":"WebSite","@id":"https:\/\/aboutcom.com.br\/pt\/#website","url":"https:\/\/aboutcom.com.br\/pt\/","name":"Aboutcom","description":"Communication Specialists","publisher":{"@id":"https:\/\/aboutcom.com.br\/pt\/#organization"},"potentialAction":[{"@type":"SearchAction","target":{"@type":"EntryPoint","urlTemplate":"https:\/\/aboutcom.com.br\/pt\/?s={search_term_string}"},"query-input":{"@type":"PropertyValueSpecification","valueRequired":true,"valueName":"search_term_string"}}],"inLanguage":"en-US"},{"@type":"Organization","@id":"https:\/\/aboutcom.com.br\/pt\/#organization","name":"Aboutcom","url":"https:\/\/aboutcom.com.br\/pt\/","logo":{"@type":"ImageObject","inLanguage":"en-US","@id":"https:\/\/aboutcom.com.br\/pt\/#\/schema\/logo\/image\/","url":"https:\/\/aboutcom.com.br\/wp-content\/uploads\/2025\/08\/aboutCOM_LOGO-10-scaled.png","contentUrl":"https:\/\/aboutcom.com.br\/wp-content\/uploads\/2025\/08\/aboutCOM_LOGO-10-scaled.png","width":2560,"height":786,"caption":"Aboutcom"},"image":{"@id":"https:\/\/aboutcom.com.br\/pt\/#\/schema\/logo\/image\/"}}]}},"_links":{"self":[{"href":"https:\/\/aboutcom.com.br\/en\/wp-json\/wp\/v2\/pages\/1464","targetHints":{"allow":["GET"]}}],"collection":[{"href":"https:\/\/aboutcom.com.br\/en\/wp-json\/wp\/v2\/pages"}],"about":[{"href":"https:\/\/aboutcom.com.br\/en\/wp-json\/wp\/v2\/types\/page"}],"author":[{"embeddable":true,"href":"https:\/\/aboutcom.com.br\/en\/wp-json\/wp\/v2\/users\/2"}],"replies":[{"embeddable":true,"href":"https:\/\/aboutcom.com.br\/en\/wp-json\/wp\/v2\/comments?post=1464"}],"version-history":[{"count":5,"href":"https:\/\/aboutcom.com.br\/en\/wp-json\/wp\/v2\/pages\/1464\/revisions"}],"predecessor-version":[{"id":2176,"href":"https:\/\/aboutcom.com.br\/en\/wp-json\/wp\/v2\/pages\/1464\/revisions\/2176"}],"wp:attachment":[{"href":"https:\/\/aboutcom.com.br\/en\/wp-json\/wp\/v2\/media?parent=1464"}],"curies":[{"name":"wp","href":"https:\/\/api.w.org\/{rel}","templated":true}]}}