{"id":2008,"date":"2026-01-22T14:01:04","date_gmt":"2026-01-22T14:01:04","guid":{"rendered":"https:\/\/aboutcom.com.br\/pt\/?page_id=2008"},"modified":"2026-04-17T13:53:50","modified_gmt":"2026-04-17T13:53:50","slug":"premio-jatoba-2025","status":"publish","type":"page","link":"https:\/\/aboutcom.com.br\/en\/premio-jatoba-2025\/","title":{"rendered":"aboutCOM | Pr\u00eamio Jatob\u00e1 2025"},"content":{"rendered":"\n<h2 class=\"wp-block-heading\">Pr\u00eamio Jatob\u00e1 2025<\/h2>\n\n\n\n<div class=\"wp-block-columns is-layout-flex wp-container-core-columns-is-layout-28f84493 wp-block-columns-is-layout-flex\">\n<div class=\"wp-block-column is-layout-flow wp-block-column-is-layout-flow\" style=\"flex-basis:60%\">\n<figure class=\"wp-block-image size-large has-custom-border\"><img loading=\"lazy\" decoding=\"async\" width=\"1024\" height=\"535\" src=\"https:\/\/aboutcom.com.br\/wp-content\/uploads\/2026\/01\/ABOUTCOM_Jatoba2025PREMIO_Linkedin-1024x535.png\" alt=\"\" class=\"wp-image-2009\" style=\"border-top-left-radius:35px;border-top-right-radius:35px;border-bottom-left-radius:35px;border-bottom-right-radius:35px\" srcset=\"https:\/\/aboutcom.com.br\/wp-content\/uploads\/2026\/01\/ABOUTCOM_Jatoba2025PREMIO_Linkedin-1024x535.png 1024w, https:\/\/aboutcom.com.br\/wp-content\/uploads\/2026\/01\/ABOUTCOM_Jatoba2025PREMIO_Linkedin-300x157.png 300w, https:\/\/aboutcom.com.br\/wp-content\/uploads\/2026\/01\/ABOUTCOM_Jatoba2025PREMIO_Linkedin-768x401.png 768w, https:\/\/aboutcom.com.br\/wp-content\/uploads\/2026\/01\/ABOUTCOM_Jatoba2025PREMIO_Linkedin-500x261.png 500w, https:\/\/aboutcom.com.br\/wp-content\/uploads\/2026\/01\/ABOUTCOM_Jatoba2025PREMIO_Linkedin.png 1200w\" sizes=\"auto, (max-width: 1024px) 100vw, 1024px\" \/><\/figure>\n<\/div>\n\n\n\n<div class=\"wp-block-column has-medium-font-size is-layout-flow wp-block-column-is-layout-flow\" style=\"flex-basis:70%\">\n<p>A <strong>aboutCOM foi reconhecida no Pr\u00eamio Jatob\u00e1 PR 2025, na categoria <em>Media Training<\/em>, com o case \u201cVozes Ascenty: mais que um media training, uma forma\u00e7\u00e3o completa de porta-vozes\u201d<\/strong>.<\/p>\n\n\n\n<p>Este reconhecimento chega em um momento muito significativo para n\u00f3s. No in\u00edcio de 2025 anunciamos o <strong>reposicionamento da nossa marca<\/strong>, consolidando nossa atua\u00e7\u00e3o como <strong>consultoria e treinamentos em comunica\u00e7\u00e3o<\/strong>. Nosso objetivo sempre foi ir al\u00e9m do tradicional media training e oferecer programas completos que preparam porta-vozes para todos os desafios de comunica\u00e7\u00e3o que enfrentam em seus mercados.<\/p>\n<\/div>\n<\/div>\n\n\n\n<div class=\"wp-block-getwid-section\"><div class=\"wp-block-getwid-section__wrapper\"><div class=\"wp-block-getwid-section__inner-wrapper\"><div class=\"wp-block-getwid-section__background-holder\"><div class=\"wp-block-getwid-section__background\"><\/div><div class=\"wp-block-getwid-section__foreground\"><\/div><\/div><div class=\"wp-block-getwid-section__content\"><div class=\"wp-block-getwid-section__inner-content\">\n<div class=\"wp-block-columns is-layout-flex wp-container-core-columns-is-layout-28f84493 wp-block-columns-is-layout-flex\">\n<div class=\"wp-block-column has-medium-font-size is-layout-flow wp-block-column-is-layout-flow\" style=\"flex-basis:70%\">\n<h4 class=\"wp-block-heading\"><strong>Marca pessoal e posicionamento executivo<\/strong><\/h4>\n\n\n\n<ul style=\"font-size:clamp(14px, 0.875rem + ((1vw - 3.2px) * 0.156), 16px);\" class=\"wp-block-list\">\n<li class=\"has-medium-font-size\"><strong>Media training com pr\u00e1tica individualizada<\/strong><\/li>\n\n\n\n<li class=\"has-medium-font-size\"><strong>Social Selling e uso estrat\u00e9gico do LinkedIn<\/strong><\/li>\n\n\n\n<li class=\"has-medium-font-size\"><strong>Falas de impacto e palestras de alto n\u00edvel<\/strong><\/li>\n\n\n\n<li class=\"has-medium-font-size\"><strong>Sess\u00f5es individuais de postura e feedback personalizado<\/strong><\/li>\n\n\n\n<li class=\"has-medium-font-size\"><strong>Treinamentos sob medida<\/strong><\/li>\n<\/ul>\n\n\n\n<p style=\"font-size:clamp(14px, 0.875rem + ((1vw - 3.2px) * 0.469), 20px);\">Mais do que treinar para entrevistas, buscamos formar l\u00edderes capazes de comunicar com clareza, confian\u00e7a e relev\u00e2ncia em qualquer contexto.<\/p>\n\n\n\n<p style=\"font-size:clamp(14px, 0.875rem + ((1vw - 3.2px) * 0.469), 20px);\"><strong>\u201cVozes Ascenty: mais que um media training, uma forma\u00e7\u00e3o completa de porta-vozes\u201d <\/strong>\u00a0<\/p>\n<\/div>\n\n\n\n<div class=\"wp-block-column is-vertically-aligned-center is-layout-flow wp-block-column-is-layout-flow\" style=\"flex-basis:33.33%\">\n<figure class=\"wp-block-image aligncenter size-full\"><img loading=\"lazy\" decoding=\"async\" width=\"492\" height=\"492\" src=\"https:\/\/aboutcom.com.br\/wp-content\/uploads\/2025\/08\/img173.jpg\" alt=\"\" class=\"wp-image-1910\" srcset=\"https:\/\/aboutcom.com.br\/wp-content\/uploads\/2025\/08\/img173.jpg 492w, https:\/\/aboutcom.com.br\/wp-content\/uploads\/2025\/08\/img173-300x300.jpg 300w, https:\/\/aboutcom.com.br\/wp-content\/uploads\/2025\/08\/img173-150x150.jpg 150w\" sizes=\"auto, (max-width: 492px) 100vw, 492px\" \/><\/figure>\n<\/div>\n<\/div>\n<\/div><\/div><\/div><\/div><\/div>\n\n\n\n<div class=\"wp-block-columns has-medium-font-size is-layout-flex wp-container-core-columns-is-layout-28f84493 wp-block-columns-is-layout-flex\">\n<div class=\"wp-block-column is-layout-flow wp-block-column-is-layout-flow\">\n<p style=\"font-size:clamp(14px, 0.875rem + ((1vw - 3.2px) * 0.469), 20px);\">O projeto premiado nasceu da necessidade da Ascenty de preparar seus executivos para serem porta-vozes consistentes e estrat\u00e9gicos. Criamos um programa que uniu <strong>media training tradicional a m\u00f3dulos de constru\u00e7\u00e3o de marca pessoal, posicionamento em redes sociais e palestras de impacto<\/strong>, resultando em uma forma\u00e7\u00e3o completa. O sucesso foi medido n\u00e3o apenas pela performance em entrevistas, mas pela capacidade dos executivos de se posicionarem como refer\u00eancias em seus setores.<\/p>\n\n\n\n<p>Essa conquista refor\u00e7a nossa convic\u00e7\u00e3o de que <strong>formar porta-vozes \u00e9 muito mais do que treinar para a m\u00eddia: \u00e9 desenvolver l\u00edderes comunicadores preparados para representar suas empresas em qualquer arena<\/strong>.<\/p>\n<\/div>\n<\/div>\n\n\n\n<div class=\"wp-block-buttons has-custom-font-size has-medium-font-size is-layout-flex wp-block-buttons-is-layout-flex\">\n<div class=\"wp-block-button\"><a class=\"wp-block-button__link wp-element-button\" href=\"https:\/\/bancodecases.com.br\/case\/vozes-ascenty-mais-que-um-media-training-uma-formacao-completa-de-porta-vozes\" target=\"_blank\" rel=\"noreferrer noopener\">Veja o case completo aqui<\/a><\/div>\n<\/div>\n\n\n\n<div class=\"wp-block-getwid-section\"><div class=\"wp-block-getwid-section__wrapper\"><div class=\"wp-block-getwid-section__inner-wrapper\"><div class=\"wp-block-getwid-section__background-holder\"><div class=\"wp-block-getwid-section__background\"><\/div><div class=\"wp-block-getwid-section__foreground\"><\/div><\/div><div class=\"wp-block-getwid-section__content\"><div class=\"wp-block-getwid-section__inner-content\">\n<div class=\"wp-block-columns is-layout-flex wp-container-core-columns-is-layout-28f84493 wp-block-columns-is-layout-flex\">\n<div class=\"wp-block-column is-vertically-aligned-center is-layout-flow wp-block-column-is-layout-flow\" style=\"flex-basis:33.33%\">\n<figure class=\"wp-block-image aligncenter size-large\"><img loading=\"lazy\" decoding=\"async\" width=\"1024\" height=\"576\" src=\"https:\/\/aboutcom.com.br\/wp-content\/uploads\/2025\/08\/abstrato-1024x576.png\" alt=\"\" class=\"wp-image-1748\" srcset=\"https:\/\/aboutcom.com.br\/wp-content\/uploads\/2025\/08\/abstrato-1024x576.png 1024w, https:\/\/aboutcom.com.br\/wp-content\/uploads\/2025\/08\/abstrato-300x169.png 300w, https:\/\/aboutcom.com.br\/wp-content\/uploads\/2025\/08\/abstrato-768x432.png 768w, https:\/\/aboutcom.com.br\/wp-content\/uploads\/2025\/08\/abstrato-1536x864.png 1536w, https:\/\/aboutcom.com.br\/wp-content\/uploads\/2025\/08\/abstrato-500x281.png 500w, https:\/\/aboutcom.com.br\/wp-content\/uploads\/2025\/08\/abstrato.png 1920w\" sizes=\"auto, (max-width: 1024px) 100vw, 1024px\" \/><\/figure>\n<\/div>\n\n\n\n<div class=\"wp-block-column is-layout-flow wp-block-column-is-layout-flow\" style=\"flex-basis:66.66%\">\n<h2 class=\"wp-block-heading\"><strong>Convite especial<\/strong><\/h2>\n\n\n\n<p class=\"has-medium-font-size\">Se voc\u00ea tamb\u00e9m deseja preparar suas vozes corporativas para comunicar com impacto e relev\u00e2ncia, conhe\u00e7a nosso programa de <strong>Treinamento de Porta-Vozes (TPV)<\/strong>.&nbsp;<\/p>\n\n\n\n<p class=\"has-medium-font-size\">Clique aqui e descubra como transformar seus l\u00edderes em comunicadores estrat\u00e9gicos:<\/p>\n\n\n\n<div class=\"wp-block-buttons is-layout-flex wp-block-buttons-is-layout-flex\">\n<div class=\"wp-block-button\"><a class=\"wp-block-button__link has-medium-font-size has-custom-font-size wp-element-button\" href=\"https:\/\/aboutcom.com.br\/pt\/tpv\/\">TPV<\/a><\/div>\n<\/div>\n<\/div>\n<\/div>\n<\/div><\/div><\/div><\/div><\/div>\n\n\n\n<p class=\"has-text-align-center has-medium-font-size\">Agradecemos a todos que caminham conosco nessa jornada. Este pr\u00eamio \u00e9 tamb\u00e9m de voc\u00eas, que acreditam na for\u00e7a da comunica\u00e7\u00e3o estrat\u00e9gica.<\/p>\n\n\n\n<p><\/p>\n","protected":false},"excerpt":{"rendered":"<p>Pr\u00eamio Jatob\u00e1 2025 A aboutCOM foi reconhecida no Pr\u00eamio Jatob\u00e1 PR 2025, na categoria Media Training, com o case \u201cVozes Ascenty: mais que um media training, uma forma\u00e7\u00e3o completa de porta-vozes\u201d. Este reconhecimento chega em um momento muito significativo para n\u00f3s. No in\u00edcio de 2025 anunciamos o reposicionamento da nossa marca, consolidando nossa atua\u00e7\u00e3o como [&hellip;]<\/p>\n","protected":false},"author":6,"featured_media":0,"parent":0,"menu_order":0,"comment_status":"closed","ping_status":"closed","template":"","meta":{"_acf_changed":false,"inline_featured_image":false,"footnotes":""},"class_list":["post-2008","page","type-page","status-publish","hentry"],"blocksy_meta":{"has_hero_section":"disabled","styles_descriptor":{"styles":{"desktop":"","tablet":"","mobile":""},"google_fonts":[],"version":6}},"acf":[],"yoast_head":"<!-- This site is optimized with the Yoast SEO plugin v27.4 - https:\/\/yoast.com\/product\/yoast-seo-wordpress\/ -->\n<title>aboutCOM | Pr\u00eamio Jatob\u00e1 2025<\/title>\n<meta name=\"description\" content=\"A aboutCOM foi reconhecida no Pr\u00eamio Jatob\u00e1 PR 2025, na categoria Media Training, com o case \u201cVozes Ascenty: mais que um media training, uma forma\u00e7\u00e3o completa de porta-vozes\u201d.\" \/>\n<meta name=\"robots\" content=\"index, follow, max-snippet:-1, max-image-preview:large, max-video-preview:-1\" \/>\n<link rel=\"canonical\" href=\"https:\/\/aboutcom.com.br\/en\/premio-jatoba-2025\/\" \/>\n<meta property=\"og:locale\" content=\"en_US\" \/>\n<meta property=\"og:locale:alternate\" content=\"pt_BR\" \/>\n<meta property=\"og:locale:alternate\" content=\"es_ES\" \/>\n<meta property=\"og:type\" content=\"article\" \/>\n<meta property=\"og:title\" content=\"aboutCOM | Pr\u00eamio Jatob\u00e1 2025\" \/>\n<meta property=\"og:description\" content=\"A aboutCOM foi reconhecida no Pr\u00eamio Jatob\u00e1 PR 2025, na categoria Media Training, com o case \u201cVozes Ascenty: mais que um media training, uma forma\u00e7\u00e3o completa de porta-vozes\u201d.\" \/>\n<meta property=\"og:url\" content=\"https:\/\/aboutcom.com.br\/en\/premio-jatoba-2025\/\" \/>\n<meta property=\"og:site_name\" content=\"Aboutcom\" \/>\n<meta property=\"article:modified_time\" content=\"2026-04-17T13:53:50+00:00\" \/>\n<meta property=\"og:image\" content=\"https:\/\/aboutcom.com.br\/wp-content\/uploads\/2026\/01\/ABOUTCOM_Jatoba2025PREMIO_Linkedin.png\" \/>\n\t<meta property=\"og:image:width\" content=\"1200\" \/>\n\t<meta property=\"og:image:height\" content=\"627\" \/>\n\t<meta property=\"og:image:type\" content=\"image\/png\" \/>\n<meta name=\"twitter:card\" content=\"summary_large_image\" \/>\n<meta name=\"twitter:label1\" content=\"Est. reading time\" \/>\n\t<meta name=\"twitter:data1\" content=\"3 minutes\" \/>\n<script type=\"application\/ld+json\" class=\"yoast-schema-graph\">{\"@context\":\"https:\\\/\\\/schema.org\",\"@graph\":[{\"@type\":\"WebPage\",\"@id\":\"https:\\\/\\\/aboutcom.com.br\\\/pt\\\/premio-jatoba-2025\\\/\",\"url\":\"https:\\\/\\\/aboutcom.com.br\\\/pt\\\/premio-jatoba-2025\\\/\",\"name\":\"aboutCOM | Pr\u00eamio Jatob\u00e1 2025\",\"isPartOf\":{\"@id\":\"https:\\\/\\\/aboutcom.com.br\\\/pt\\\/#website\"},\"primaryImageOfPage\":{\"@id\":\"https:\\\/\\\/aboutcom.com.br\\\/pt\\\/premio-jatoba-2025\\\/#primaryimage\"},\"image\":{\"@id\":\"https:\\\/\\\/aboutcom.com.br\\\/pt\\\/premio-jatoba-2025\\\/#primaryimage\"},\"thumbnailUrl\":\"https:\\\/\\\/aboutcom.com.br\\\/wp-content\\\/uploads\\\/2026\\\/01\\\/ABOUTCOM_Jatoba2025PREMIO_Linkedin-1024x535.png\",\"datePublished\":\"2026-01-22T14:01:04+00:00\",\"dateModified\":\"2026-04-17T13:53:50+00:00\",\"description\":\"A aboutCOM foi reconhecida no Pr\u00eamio Jatob\u00e1 PR 2025, na categoria Media Training, com o case \u201cVozes Ascenty: mais que um media training, uma forma\u00e7\u00e3o completa de porta-vozes\u201d.\",\"breadcrumb\":{\"@id\":\"https:\\\/\\\/aboutcom.com.br\\\/pt\\\/premio-jatoba-2025\\\/#breadcrumb\"},\"inLanguage\":\"en-US\",\"potentialAction\":[{\"@type\":\"ReadAction\",\"target\":[\"https:\\\/\\\/aboutcom.com.br\\\/pt\\\/premio-jatoba-2025\\\/\"]}]},{\"@type\":\"ImageObject\",\"inLanguage\":\"en-US\",\"@id\":\"https:\\\/\\\/aboutcom.com.br\\\/pt\\\/premio-jatoba-2025\\\/#primaryimage\",\"url\":\"https:\\\/\\\/aboutcom.com.br\\\/wp-content\\\/uploads\\\/2026\\\/01\\\/ABOUTCOM_Jatoba2025PREMIO_Linkedin-1024x535.png\",\"contentUrl\":\"https:\\\/\\\/aboutcom.com.br\\\/wp-content\\\/uploads\\\/2026\\\/01\\\/ABOUTCOM_Jatoba2025PREMIO_Linkedin-1024x535.png\"},{\"@type\":\"BreadcrumbList\",\"@id\":\"https:\\\/\\\/aboutcom.com.br\\\/pt\\\/premio-jatoba-2025\\\/#breadcrumb\",\"itemListElement\":[{\"@type\":\"ListItem\",\"position\":1,\"name\":\"Home\",\"item\":\"https:\\\/\\\/aboutcom.com.br\\\/pt\\\/\"},{\"@type\":\"ListItem\",\"position\":2,\"name\":\"aboutCOM | Pr\u00eamio Jatob\u00e1 2025\"}]},{\"@type\":\"WebSite\",\"@id\":\"https:\\\/\\\/aboutcom.com.br\\\/pt\\\/#website\",\"url\":\"https:\\\/\\\/aboutcom.com.br\\\/pt\\\/\",\"name\":\"Aboutcom\",\"description\":\"Communication Specialists\",\"publisher\":{\"@id\":\"https:\\\/\\\/aboutcom.com.br\\\/pt\\\/#organization\"},\"potentialAction\":[{\"@type\":\"SearchAction\",\"target\":{\"@type\":\"EntryPoint\",\"urlTemplate\":\"https:\\\/\\\/aboutcom.com.br\\\/pt\\\/?s={search_term_string}\"},\"query-input\":{\"@type\":\"PropertyValueSpecification\",\"valueRequired\":true,\"valueName\":\"search_term_string\"}}],\"inLanguage\":\"en-US\"},{\"@type\":\"Organization\",\"@id\":\"https:\\\/\\\/aboutcom.com.br\\\/pt\\\/#organization\",\"name\":\"Aboutcom\",\"url\":\"https:\\\/\\\/aboutcom.com.br\\\/pt\\\/\",\"logo\":{\"@type\":\"ImageObject\",\"inLanguage\":\"en-US\",\"@id\":\"https:\\\/\\\/aboutcom.com.br\\\/pt\\\/#\\\/schema\\\/logo\\\/image\\\/\",\"url\":\"https:\\\/\\\/aboutcom.com.br\\\/wp-content\\\/uploads\\\/2025\\\/08\\\/aboutCOM_LOGO-10-scaled.png\",\"contentUrl\":\"https:\\\/\\\/aboutcom.com.br\\\/wp-content\\\/uploads\\\/2025\\\/08\\\/aboutCOM_LOGO-10-scaled.png\",\"width\":2560,\"height\":786,\"caption\":\"Aboutcom\"},\"image\":{\"@id\":\"https:\\\/\\\/aboutcom.com.br\\\/pt\\\/#\\\/schema\\\/logo\\\/image\\\/\"}}]}<\/script>\n<!-- \/ Yoast SEO plugin. -->","yoast_head_json":{"title":"aboutCOM | Pr\u00eamio Jatob\u00e1 2025","description":"A aboutCOM foi reconhecida no Pr\u00eamio Jatob\u00e1 PR 2025, na categoria Media Training, com o case \u201cVozes Ascenty: mais que um media training, uma forma\u00e7\u00e3o completa de porta-vozes\u201d.","robots":{"index":"index","follow":"follow","max-snippet":"max-snippet:-1","max-image-preview":"max-image-preview:large","max-video-preview":"max-video-preview:-1"},"canonical":"https:\/\/aboutcom.com.br\/en\/premio-jatoba-2025\/","og_locale":"en_US","og_type":"article","og_title":"[:pt]aboutCOM | Pr\u00eamio Jatob\u00e1 2025[:] - Aboutcom","og_description":"[:pt]A aboutCOM foi reconhecida no Pr\u00eamio Jatob\u00e1 PR 2025, na categoria Media Training, com o case \u201cVozes Ascenty: mais que um media training, uma forma\u00e7\u00e3o completa de porta-vozes\u201d.[:]","og_url":"https:\/\/aboutcom.com.br\/en\/premio-jatoba-2025\/","og_site_name":"Aboutcom","article_modified_time":"2026-04-17T13:53:50+00:00","og_image":[{"width":1200,"height":627,"url":"https:\/\/aboutcom.com.br\/wp-content\/uploads\/2026\/01\/ABOUTCOM_Jatoba2025PREMIO_Linkedin.png","type":"image\/png"}],"twitter_card":"summary_large_image","twitter_misc":{"Est. reading time":"3 minutes"},"schema":{"@context":"https:\/\/schema.org","@graph":[{"@type":"WebPage","@id":"https:\/\/aboutcom.com.br\/pt\/premio-jatoba-2025\/","url":"https:\/\/aboutcom.com.br\/pt\/premio-jatoba-2025\/","name":"aboutCOM | Pr\u00eamio Jatob\u00e1 2025","isPartOf":{"@id":"https:\/\/aboutcom.com.br\/pt\/#website"},"primaryImageOfPage":{"@id":"https:\/\/aboutcom.com.br\/pt\/premio-jatoba-2025\/#primaryimage"},"image":{"@id":"https:\/\/aboutcom.com.br\/pt\/premio-jatoba-2025\/#primaryimage"},"thumbnailUrl":"https:\/\/aboutcom.com.br\/wp-content\/uploads\/2026\/01\/ABOUTCOM_Jatoba2025PREMIO_Linkedin-1024x535.png","datePublished":"2026-01-22T14:01:04+00:00","dateModified":"2026-04-17T13:53:50+00:00","description":"A aboutCOM foi reconhecida no Pr\u00eamio Jatob\u00e1 PR 2025, na categoria Media Training, com o case \u201cVozes Ascenty: mais que um media training, uma forma\u00e7\u00e3o completa de porta-vozes\u201d.","breadcrumb":{"@id":"https:\/\/aboutcom.com.br\/pt\/premio-jatoba-2025\/#breadcrumb"},"inLanguage":"en-US","potentialAction":[{"@type":"ReadAction","target":["https:\/\/aboutcom.com.br\/pt\/premio-jatoba-2025\/"]}]},{"@type":"ImageObject","inLanguage":"en-US","@id":"https:\/\/aboutcom.com.br\/pt\/premio-jatoba-2025\/#primaryimage","url":"https:\/\/aboutcom.com.br\/wp-content\/uploads\/2026\/01\/ABOUTCOM_Jatoba2025PREMIO_Linkedin-1024x535.png","contentUrl":"https:\/\/aboutcom.com.br\/wp-content\/uploads\/2026\/01\/ABOUTCOM_Jatoba2025PREMIO_Linkedin-1024x535.png"},{"@type":"BreadcrumbList","@id":"https:\/\/aboutcom.com.br\/pt\/premio-jatoba-2025\/#breadcrumb","itemListElement":[{"@type":"ListItem","position":1,"name":"Home","item":"https:\/\/aboutcom.com.br\/pt\/"},{"@type":"ListItem","position":2,"name":"aboutCOM | Pr\u00eamio Jatob\u00e1 2025"}]},{"@type":"WebSite","@id":"https:\/\/aboutcom.com.br\/pt\/#website","url":"https:\/\/aboutcom.com.br\/pt\/","name":"Aboutcom","description":"Communication Specialists","publisher":{"@id":"https:\/\/aboutcom.com.br\/pt\/#organization"},"potentialAction":[{"@type":"SearchAction","target":{"@type":"EntryPoint","urlTemplate":"https:\/\/aboutcom.com.br\/pt\/?s={search_term_string}"},"query-input":{"@type":"PropertyValueSpecification","valueRequired":true,"valueName":"search_term_string"}}],"inLanguage":"en-US"},{"@type":"Organization","@id":"https:\/\/aboutcom.com.br\/pt\/#organization","name":"Aboutcom","url":"https:\/\/aboutcom.com.br\/pt\/","logo":{"@type":"ImageObject","inLanguage":"en-US","@id":"https:\/\/aboutcom.com.br\/pt\/#\/schema\/logo\/image\/","url":"https:\/\/aboutcom.com.br\/wp-content\/uploads\/2025\/08\/aboutCOM_LOGO-10-scaled.png","contentUrl":"https:\/\/aboutcom.com.br\/wp-content\/uploads\/2025\/08\/aboutCOM_LOGO-10-scaled.png","width":2560,"height":786,"caption":"Aboutcom"},"image":{"@id":"https:\/\/aboutcom.com.br\/pt\/#\/schema\/logo\/image\/"}}]}},"_links":{"self":[{"href":"https:\/\/aboutcom.com.br\/en\/wp-json\/wp\/v2\/pages\/2008","targetHints":{"allow":["GET"]}}],"collection":[{"href":"https:\/\/aboutcom.com.br\/en\/wp-json\/wp\/v2\/pages"}],"about":[{"href":"https:\/\/aboutcom.com.br\/en\/wp-json\/wp\/v2\/types\/page"}],"author":[{"embeddable":true,"href":"https:\/\/aboutcom.com.br\/en\/wp-json\/wp\/v2\/users\/6"}],"replies":[{"embeddable":true,"href":"https:\/\/aboutcom.com.br\/en\/wp-json\/wp\/v2\/comments?post=2008"}],"version-history":[{"count":5,"href":"https:\/\/aboutcom.com.br\/en\/wp-json\/wp\/v2\/pages\/2008\/revisions"}],"predecessor-version":[{"id":2180,"href":"https:\/\/aboutcom.com.br\/en\/wp-json\/wp\/v2\/pages\/2008\/revisions\/2180"}],"wp:attachment":[{"href":"https:\/\/aboutcom.com.br\/en\/wp-json\/wp\/v2\/media?parent=2008"}],"curies":[{"name":"wp","href":"https:\/\/api.w.org\/{rel}","templated":true}]}}