{"id":2085,"date":"2026-04-16T13:00:57","date_gmt":"2026-04-16T13:00:57","guid":{"rendered":"https:\/\/aboutcom.com.br\/pt\/?page_id=2085"},"modified":"2026-04-16T18:53:26","modified_gmt":"2026-04-16T18:53:26","slug":"treinamentos-livres","status":"publish","type":"page","link":"https:\/\/aboutcom.com.br\/en\/treinamentos-livres\/","title":{"rendered":"aboutCOM | Treinamentos Livres"},"content":{"rendered":"\n<h2 class=\"wp-block-heading\">Treinamentos Livres<\/h2>\n\n\n\n<div class=\"wp-block-columns is-layout-flex wp-container-core-columns-is-layout-28f84493 wp-block-columns-is-layout-flex\">\n<div class=\"wp-block-column is-layout-flow wp-block-column-is-layout-flow\">\n<figure class=\"wp-block-image aligncenter size-large has-custom-border\"><a href=\"https:\/\/aboutcom.com.br\/pt\/tpv-livre\/\"><img loading=\"lazy\" decoding=\"async\" width=\"1024\" height=\"536\" src=\"https:\/\/aboutcom.com.br\/wp-content\/uploads\/2025\/10\/TPV-banner-sympla-1024x536.jpg\" alt=\"\" class=\"wp-image-2001\" style=\"border-top-left-radius:35px;border-top-right-radius:35px;border-bottom-left-radius:35px;border-bottom-right-radius:35px\" srcset=\"https:\/\/aboutcom.com.br\/wp-content\/uploads\/2025\/10\/TPV-banner-sympla-1024x536.jpg 1024w, https:\/\/aboutcom.com.br\/wp-content\/uploads\/2025\/10\/TPV-banner-sympla-300x157.jpg 300w, https:\/\/aboutcom.com.br\/wp-content\/uploads\/2025\/10\/TPV-banner-sympla-768x402.jpg 768w, https:\/\/aboutcom.com.br\/wp-content\/uploads\/2025\/10\/TPV-banner-sympla-1536x804.jpg 1536w, https:\/\/aboutcom.com.br\/wp-content\/uploads\/2025\/10\/TPV-banner-sympla-500x262.jpg 500w, https:\/\/aboutcom.com.br\/wp-content\/uploads\/2025\/10\/TPV-banner-sympla.jpg 1600w\" sizes=\"auto, (max-width: 1024px) 100vw, 1024px\" \/><\/a><\/figure>\n<\/div>\n\n\n\n<div class=\"wp-block-column is-layout-flow wp-block-column-is-layout-flow\">\n<figure class=\"wp-block-image aligncenter size-large has-custom-border\"><a href=\"https:\/\/aboutcom.com.br\/pt\/narrativas-para-startups\/\"><img loading=\"lazy\" decoding=\"async\" width=\"1024\" height=\"536\" src=\"https:\/\/aboutcom.com.br\/wp-content\/uploads\/2025\/10\/Narrativa-StartUP-banner-sympla-1024x536.jpg\" alt=\"\" class=\"wp-image-2002\" style=\"border-top-left-radius:35px;border-top-right-radius:35px;border-bottom-left-radius:35px;border-bottom-right-radius:35px\" srcset=\"https:\/\/aboutcom.com.br\/wp-content\/uploads\/2025\/10\/Narrativa-StartUP-banner-sympla-1024x536.jpg 1024w, https:\/\/aboutcom.com.br\/wp-content\/uploads\/2025\/10\/Narrativa-StartUP-banner-sympla-300x157.jpg 300w, https:\/\/aboutcom.com.br\/wp-content\/uploads\/2025\/10\/Narrativa-StartUP-banner-sympla-768x402.jpg 768w, https:\/\/aboutcom.com.br\/wp-content\/uploads\/2025\/10\/Narrativa-StartUP-banner-sympla-1536x804.jpg 1536w, https:\/\/aboutcom.com.br\/wp-content\/uploads\/2025\/10\/Narrativa-StartUP-banner-sympla-500x262.jpg 500w, https:\/\/aboutcom.com.br\/wp-content\/uploads\/2025\/10\/Narrativa-StartUP-banner-sympla.jpg 1600w\" sizes=\"auto, (max-width: 1024px) 100vw, 1024px\" \/><\/a><\/figure>\n<\/div>\n<\/div>\n\n\n\n<p><\/p>\n\n\n\n<div class=\"wp-block-getwid-section alignfull alignfull\"><div class=\"wp-block-getwid-section__wrapper\"><div class=\"wp-block-getwid-section__inner-wrapper\"><div class=\"wp-block-getwid-section__background-holder\"><div class=\"wp-block-getwid-section__background has-background has-palette-color-1-background-color\"><\/div><div class=\"wp-block-getwid-section__foreground\"><\/div><\/div><div class=\"wp-block-getwid-section__content\"><div class=\"wp-block-getwid-section__inner-content\">\n<div class=\"wp-block-columns is-layout-flex wp-container-core-columns-is-layout-69cf8084 wp-block-columns-is-layout-flex\" style=\"margin-top:var(--wp--preset--spacing--40)\">\n<div class=\"wp-block-column is-vertically-aligned-center is-layout-flow wp-block-column-is-layout-flow\" style=\"flex-basis:66.66%\">\n<h2 class=\"wp-block-heading has-palette-color-8-color has-text-color has-link-color wp-elements-ccdc62832618c9c7a6ee6f28b88ecc4b\">Facilitadora<\/h2>\n\n\n\n<p class=\"has-palette-color-8-color has-text-color has-link-color wp-elements-b206a4b6fd54c7b7521453130a69d509\" style=\"font-size:clamp(14px, 0.875rem + ((1vw - 3.2px) * 0.469), 20px);\"><strong>Flavia Sobral<\/strong> \u00e9 jornalista, fundadora da aboutCOM e facilitadora de treinamentos em comunica\u00e7\u00e3o.<br><strong>Especialista em comunica\u00e7\u00e3o corporativa, e criadora da metodologia Tech2Human.<\/strong><br>Flavia j\u00e1 <strong>ministrou palestras em diversas universidades em S\u00e3o Paulo<\/strong>, como USP, Mackenzie, FMU, FAM), al\u00e9m de uma aula magna sobre Comunica\u00e7\u00e3o e Storytelling na Am\u00e9rica Latina na St. Francis College, em Nova Iorque.<br>Ela ainda possui em seu curr\u00edculo <strong>mais de 40 sess\u00f5es de treinamentos com executivos <\/strong>representantes de empresas nacionais e multinacionais, sobre diversas \u00e1reas da<br>comunica\u00e7\u00e3o.<br>Hoje, tamb\u00e9m atua como <strong>embaixadora do programa Elas na IA<\/strong>, da ABRIA.<\/p>\n<\/div>\n\n\n\n<div class=\"wp-block-column is-vertically-aligned-center is-layout-flow wp-block-column-is-layout-flow\" style=\"flex-basis:33.33%\">\n<figure class=\"wp-block-image aligncenter size-large is-resized is-style-rounded\"><img loading=\"lazy\" decoding=\"async\" width=\"683\" height=\"1024\" src=\"https:\/\/aboutcom.com.br\/wp-content\/uploads\/2026\/04\/078A7046-683x1024.jpg\" alt=\"\" class=\"wp-image-2105\" style=\"width:268px;height:auto\" srcset=\"https:\/\/aboutcom.com.br\/wp-content\/uploads\/2026\/04\/078A7046-683x1024.jpg 683w, https:\/\/aboutcom.com.br\/wp-content\/uploads\/2026\/04\/078A7046-200x300.jpg 200w, https:\/\/aboutcom.com.br\/wp-content\/uploads\/2026\/04\/078A7046-768x1152.jpg 768w, https:\/\/aboutcom.com.br\/wp-content\/uploads\/2026\/04\/078A7046-1024x1536.jpg 1024w, https:\/\/aboutcom.com.br\/wp-content\/uploads\/2026\/04\/078A7046-1365x2048.jpg 1365w, https:\/\/aboutcom.com.br\/wp-content\/uploads\/2026\/04\/078A7046-500x750.jpg 500w, https:\/\/aboutcom.com.br\/wp-content\/uploads\/2026\/04\/078A7046-scaled.jpg 1707w\" sizes=\"auto, (max-width: 683px) 100vw, 683px\" \/><\/figure>\n<\/div>\n<\/div>\n<\/div><\/div><\/div><\/div><\/div>\n\n\n\n<div class=\"wp-block-buttons is-content-justification-center is-layout-flex wp-container-core-buttons-is-layout-a89b3969 wp-block-buttons-is-layout-flex\">\n<div class=\"wp-block-button\"><a class=\"wp-block-button__link has-medium-font-size has-custom-font-size wp-element-button\" href=\"https:\/\/aboutcom.com.br\/pt\/treinamentos-corporativos\/\">Conhe\u00e7a nossos Treinamentos Corporativos<\/a><\/div>\n<\/div>\n\n\n\n<p><\/p>\n","protected":false},"excerpt":{"rendered":"<p>Treinamentos Livres<\/p>\n","protected":false},"author":6,"featured_media":0,"parent":0,"menu_order":0,"comment_status":"closed","ping_status":"closed","template":"","meta":{"_acf_changed":false,"inline_featured_image":false,"footnotes":""},"class_list":["post-2085","page","type-page","status-publish","hentry"],"blocksy_meta":{"has_hero_section":"disabled","styles_descriptor":{"styles":{"desktop":"","tablet":"","mobile":""},"google_fonts":[],"version":6}},"acf":[],"yoast_head":"<!-- This site is optimized with the Yoast SEO plugin v27.4 - https:\/\/yoast.com\/product\/yoast-seo-wordpress\/ -->\n<title>aboutCOM | Treinamentos Livres<\/title>\n<meta name=\"robots\" content=\"index, follow, max-snippet:-1, max-image-preview:large, max-video-preview:-1\" \/>\n<link rel=\"canonical\" href=\"https:\/\/aboutcom.com.br\/en\/treinamentos-livres\/\" \/>\n<meta property=\"og:locale\" content=\"en_US\" \/>\n<meta property=\"og:locale:alternate\" content=\"pt_BR\" \/>\n<meta property=\"og:locale:alternate\" content=\"es_ES\" \/>\n<meta property=\"og:type\" content=\"article\" \/>\n<meta property=\"og:title\" content=\"aboutCOM | Treinamentos Livres\" \/>\n<meta property=\"og:description\" content=\"Treinamentos Livres\" \/>\n<meta property=\"og:url\" content=\"https:\/\/aboutcom.com.br\/en\/treinamentos-livres\/\" \/>\n<meta property=\"og:site_name\" content=\"Aboutcom\" \/>\n<meta property=\"article:modified_time\" content=\"2026-04-16T18:53:26+00:00\" \/>\n<meta property=\"og:image\" content=\"https:\/\/aboutcom.com.br\/wp-content\/uploads\/2025\/10\/TPV-banner-sympla.jpg\" \/>\n\t<meta property=\"og:image:width\" content=\"1600\" \/>\n\t<meta property=\"og:image:height\" content=\"838\" \/>\n\t<meta property=\"og:image:type\" content=\"image\/jpeg\" \/>\n<meta name=\"twitter:card\" content=\"summary_large_image\" \/>\n<meta name=\"twitter:label1\" content=\"Est. reading time\" \/>\n\t<meta name=\"twitter:data1\" content=\"2 minutes\" \/>\n<script type=\"application\/ld+json\" class=\"yoast-schema-graph\">{\"@context\":\"https:\\\/\\\/schema.org\",\"@graph\":[{\"@type\":\"WebPage\",\"@id\":\"https:\\\/\\\/aboutcom.com.br\\\/pt\\\/treinamentos-livres\\\/\",\"url\":\"https:\\\/\\\/aboutcom.com.br\\\/pt\\\/treinamentos-livres\\\/\",\"name\":\"aboutCOM | Treinamentos Livres\",\"isPartOf\":{\"@id\":\"https:\\\/\\\/aboutcom.com.br\\\/pt\\\/#website\"},\"primaryImageOfPage\":{\"@id\":\"https:\\\/\\\/aboutcom.com.br\\\/pt\\\/treinamentos-livres\\\/#primaryimage\"},\"image\":{\"@id\":\"https:\\\/\\\/aboutcom.com.br\\\/pt\\\/treinamentos-livres\\\/#primaryimage\"},\"thumbnailUrl\":\"https:\\\/\\\/aboutcom.com.br\\\/wp-content\\\/uploads\\\/2025\\\/10\\\/TPV-banner-sympla-1024x536.jpg\",\"datePublished\":\"2026-04-16T13:00:57+00:00\",\"dateModified\":\"2026-04-16T18:53:26+00:00\",\"breadcrumb\":{\"@id\":\"https:\\\/\\\/aboutcom.com.br\\\/pt\\\/treinamentos-livres\\\/#breadcrumb\"},\"inLanguage\":\"en-US\",\"potentialAction\":[{\"@type\":\"ReadAction\",\"target\":[\"https:\\\/\\\/aboutcom.com.br\\\/pt\\\/treinamentos-livres\\\/\"]}]},{\"@type\":\"ImageObject\",\"inLanguage\":\"en-US\",\"@id\":\"https:\\\/\\\/aboutcom.com.br\\\/pt\\\/treinamentos-livres\\\/#primaryimage\",\"url\":\"https:\\\/\\\/aboutcom.com.br\\\/wp-content\\\/uploads\\\/2025\\\/10\\\/TPV-banner-sympla-1024x536.jpg\",\"contentUrl\":\"https:\\\/\\\/aboutcom.com.br\\\/wp-content\\\/uploads\\\/2025\\\/10\\\/TPV-banner-sympla-1024x536.jpg\"},{\"@type\":\"BreadcrumbList\",\"@id\":\"https:\\\/\\\/aboutcom.com.br\\\/pt\\\/treinamentos-livres\\\/#breadcrumb\",\"itemListElement\":[{\"@type\":\"ListItem\",\"position\":1,\"name\":\"Home\",\"item\":\"https:\\\/\\\/aboutcom.com.br\\\/pt\\\/\"},{\"@type\":\"ListItem\",\"position\":2,\"name\":\"aboutCOM | Treinamentos Livres\"}]},{\"@type\":\"WebSite\",\"@id\":\"https:\\\/\\\/aboutcom.com.br\\\/pt\\\/#website\",\"url\":\"https:\\\/\\\/aboutcom.com.br\\\/pt\\\/\",\"name\":\"Aboutcom\",\"description\":\"Communication Specialists\",\"publisher\":{\"@id\":\"https:\\\/\\\/aboutcom.com.br\\\/pt\\\/#organization\"},\"potentialAction\":[{\"@type\":\"SearchAction\",\"target\":{\"@type\":\"EntryPoint\",\"urlTemplate\":\"https:\\\/\\\/aboutcom.com.br\\\/pt\\\/?s={search_term_string}\"},\"query-input\":{\"@type\":\"PropertyValueSpecification\",\"valueRequired\":true,\"valueName\":\"search_term_string\"}}],\"inLanguage\":\"en-US\"},{\"@type\":\"Organization\",\"@id\":\"https:\\\/\\\/aboutcom.com.br\\\/pt\\\/#organization\",\"name\":\"Aboutcom\",\"url\":\"https:\\\/\\\/aboutcom.com.br\\\/pt\\\/\",\"logo\":{\"@type\":\"ImageObject\",\"inLanguage\":\"en-US\",\"@id\":\"https:\\\/\\\/aboutcom.com.br\\\/pt\\\/#\\\/schema\\\/logo\\\/image\\\/\",\"url\":\"https:\\\/\\\/aboutcom.com.br\\\/wp-content\\\/uploads\\\/2025\\\/08\\\/aboutCOM_LOGO-10-scaled.png\",\"contentUrl\":\"https:\\\/\\\/aboutcom.com.br\\\/wp-content\\\/uploads\\\/2025\\\/08\\\/aboutCOM_LOGO-10-scaled.png\",\"width\":2560,\"height\":786,\"caption\":\"Aboutcom\"},\"image\":{\"@id\":\"https:\\\/\\\/aboutcom.com.br\\\/pt\\\/#\\\/schema\\\/logo\\\/image\\\/\"}}]}<\/script>\n<!-- \/ Yoast SEO plugin. -->","yoast_head_json":{"title":"aboutCOM | Treinamentos Livres","robots":{"index":"index","follow":"follow","max-snippet":"max-snippet:-1","max-image-preview":"max-image-preview:large","max-video-preview":"max-video-preview:-1"},"canonical":"https:\/\/aboutcom.com.br\/en\/treinamentos-livres\/","og_locale":"en_US","og_type":"article","og_title":"[:pt]aboutCOM | Treinamentos Livres[:] - Aboutcom","og_description":"Treinamentos Livres","og_url":"https:\/\/aboutcom.com.br\/en\/treinamentos-livres\/","og_site_name":"Aboutcom","article_modified_time":"2026-04-16T18:53:26+00:00","og_image":[{"width":1600,"height":838,"url":"https:\/\/aboutcom.com.br\/wp-content\/uploads\/2025\/10\/TPV-banner-sympla.jpg","type":"image\/jpeg"}],"twitter_card":"summary_large_image","twitter_misc":{"Est. reading time":"2 minutes"},"schema":{"@context":"https:\/\/schema.org","@graph":[{"@type":"WebPage","@id":"https:\/\/aboutcom.com.br\/pt\/treinamentos-livres\/","url":"https:\/\/aboutcom.com.br\/pt\/treinamentos-livres\/","name":"aboutCOM | Treinamentos Livres","isPartOf":{"@id":"https:\/\/aboutcom.com.br\/pt\/#website"},"primaryImageOfPage":{"@id":"https:\/\/aboutcom.com.br\/pt\/treinamentos-livres\/#primaryimage"},"image":{"@id":"https:\/\/aboutcom.com.br\/pt\/treinamentos-livres\/#primaryimage"},"thumbnailUrl":"https:\/\/aboutcom.com.br\/wp-content\/uploads\/2025\/10\/TPV-banner-sympla-1024x536.jpg","datePublished":"2026-04-16T13:00:57+00:00","dateModified":"2026-04-16T18:53:26+00:00","breadcrumb":{"@id":"https:\/\/aboutcom.com.br\/pt\/treinamentos-livres\/#breadcrumb"},"inLanguage":"en-US","potentialAction":[{"@type":"ReadAction","target":["https:\/\/aboutcom.com.br\/pt\/treinamentos-livres\/"]}]},{"@type":"ImageObject","inLanguage":"en-US","@id":"https:\/\/aboutcom.com.br\/pt\/treinamentos-livres\/#primaryimage","url":"https:\/\/aboutcom.com.br\/wp-content\/uploads\/2025\/10\/TPV-banner-sympla-1024x536.jpg","contentUrl":"https:\/\/aboutcom.com.br\/wp-content\/uploads\/2025\/10\/TPV-banner-sympla-1024x536.jpg"},{"@type":"BreadcrumbList","@id":"https:\/\/aboutcom.com.br\/pt\/treinamentos-livres\/#breadcrumb","itemListElement":[{"@type":"ListItem","position":1,"name":"Home","item":"https:\/\/aboutcom.com.br\/pt\/"},{"@type":"ListItem","position":2,"name":"aboutCOM | Treinamentos Livres"}]},{"@type":"WebSite","@id":"https:\/\/aboutcom.com.br\/pt\/#website","url":"https:\/\/aboutcom.com.br\/pt\/","name":"Aboutcom","description":"Communication Specialists","publisher":{"@id":"https:\/\/aboutcom.com.br\/pt\/#organization"},"potentialAction":[{"@type":"SearchAction","target":{"@type":"EntryPoint","urlTemplate":"https:\/\/aboutcom.com.br\/pt\/?s={search_term_string}"},"query-input":{"@type":"PropertyValueSpecification","valueRequired":true,"valueName":"search_term_string"}}],"inLanguage":"en-US"},{"@type":"Organization","@id":"https:\/\/aboutcom.com.br\/pt\/#organization","name":"Aboutcom","url":"https:\/\/aboutcom.com.br\/pt\/","logo":{"@type":"ImageObject","inLanguage":"en-US","@id":"https:\/\/aboutcom.com.br\/pt\/#\/schema\/logo\/image\/","url":"https:\/\/aboutcom.com.br\/wp-content\/uploads\/2025\/08\/aboutCOM_LOGO-10-scaled.png","contentUrl":"https:\/\/aboutcom.com.br\/wp-content\/uploads\/2025\/08\/aboutCOM_LOGO-10-scaled.png","width":2560,"height":786,"caption":"Aboutcom"},"image":{"@id":"https:\/\/aboutcom.com.br\/pt\/#\/schema\/logo\/image\/"}}]}},"_links":{"self":[{"href":"https:\/\/aboutcom.com.br\/en\/wp-json\/wp\/v2\/pages\/2085","targetHints":{"allow":["GET"]}}],"collection":[{"href":"https:\/\/aboutcom.com.br\/en\/wp-json\/wp\/v2\/pages"}],"about":[{"href":"https:\/\/aboutcom.com.br\/en\/wp-json\/wp\/v2\/types\/page"}],"author":[{"embeddable":true,"href":"https:\/\/aboutcom.com.br\/en\/wp-json\/wp\/v2\/users\/6"}],"replies":[{"embeddable":true,"href":"https:\/\/aboutcom.com.br\/en\/wp-json\/wp\/v2\/comments?post=2085"}],"version-history":[{"count":5,"href":"https:\/\/aboutcom.com.br\/en\/wp-json\/wp\/v2\/pages\/2085\/revisions"}],"predecessor-version":[{"id":2165,"href":"https:\/\/aboutcom.com.br\/en\/wp-json\/wp\/v2\/pages\/2085\/revisions\/2165"}],"wp:attachment":[{"href":"https:\/\/aboutcom.com.br\/en\/wp-json\/wp\/v2\/media?parent=2085"}],"curies":[{"name":"wp","href":"https:\/\/api.w.org\/{rel}","templated":true}]}}