{"id":2129,"date":"2026-04-16T17:37:58","date_gmt":"2026-04-16T17:37:58","guid":{"rendered":"https:\/\/aboutcom.com.br\/pt\/?page_id=2129"},"modified":"2026-04-16T18:22:33","modified_gmt":"2026-04-16T18:22:33","slug":"programa-tpv","status":"publish","type":"page","link":"https:\/\/aboutcom.com.br\/en\/programa-tpv\/","title":{"rendered":"aboutCOM | Programa TPV"},"content":{"rendered":"\n<div class=\"wp-block-columns is-layout-flex wp-container-core-columns-is-layout-28f84493 wp-block-columns-is-layout-flex\">\n<div class=\"wp-block-column is-vertically-aligned-center is-layout-flow wp-block-column-is-layout-flow\">\n<figure class=\"wp-block-image size-large has-custom-border\"><img loading=\"lazy\" decoding=\"async\" width=\"1024\" height=\"536\" src=\"https:\/\/aboutcom.com.br\/wp-content\/uploads\/2026\/04\/1-1024x536.png\" alt=\"\" class=\"wp-image-2108\" style=\"border-top-left-radius:35px;border-top-right-radius:35px;border-bottom-left-radius:35px;border-bottom-right-radius:35px\" srcset=\"https:\/\/aboutcom.com.br\/wp-content\/uploads\/2026\/04\/1-1024x536.png 1024w, https:\/\/aboutcom.com.br\/wp-content\/uploads\/2026\/04\/1-300x157.png 300w, https:\/\/aboutcom.com.br\/wp-content\/uploads\/2026\/04\/1-768x402.png 768w, https:\/\/aboutcom.com.br\/wp-content\/uploads\/2026\/04\/1-1536x804.png 1536w, https:\/\/aboutcom.com.br\/wp-content\/uploads\/2026\/04\/1-500x262.png 500w, https:\/\/aboutcom.com.br\/wp-content\/uploads\/2026\/04\/1.png 1600w\" sizes=\"auto, (max-width: 1024px) 100vw, 1024px\" \/><\/figure>\n<\/div>\n\n\n\n<div class=\"wp-block-column is-vertically-aligned-center is-layout-flow wp-block-column-is-layout-flow\">\n<h2 class=\"wp-block-heading\">Programa TPV<\/h2>\n\n\n\n<p class=\"has-medium-font-size\">O TPV da aboutCOM \u00e9 o <strong>programa de capacita\u00e7\u00e3o de porta-vozes<\/strong> desenvolvido para preparar executivos de empresas para <strong>al\u00e9m da constru\u00e7\u00e3o do seu relacionamento com a m\u00eddia<\/strong>, considerando seu papel em eventos, em social selling e em <strong>todos os momentos em que tenham que falar em nome da empresa.<\/strong><\/p>\n\n\n\n<p class=\"has-medium-font-size\">Os <strong>m\u00f3dulos que s\u00e3o preparados caso a caso<\/strong>, de acordo com as dificuldades enecessidades de cada empresa com seus porta-vozes.<\/p>\n<\/div>\n<\/div>\n\n\n\n<div class=\"wp-block-columns has-palette-color-2-background-color has-background is-layout-flex wp-container-core-columns-is-layout-28f84493 wp-block-columns-is-layout-flex\" style=\"border-top-left-radius:35px;border-top-right-radius:35px;border-bottom-left-radius:35px;border-bottom-right-radius:35px\">\n<div class=\"wp-block-column is-layout-flow wp-block-column-is-layout-flow\">\n<h4 class=\"wp-block-heading has-palette-color-8-color has-text-color has-link-color wp-elements-784e7d65cc1e7376fde55f46b4295978\">Principais t\u00f3picos:<\/h4>\n\n\n\n<ul class=\"wp-block-list\">\n<li class=\"has-palette-color-8-color has-text-color has-link-color has-medium-font-size wp-elements-b605be23c684a86ad0410a6cbcea0c9a\">Marca pessoal<\/li>\n\n\n\n<li class=\"has-palette-color-8-color has-text-color has-link-color has-medium-font-size wp-elements-8cbaf737d241d7069da32b2aca59ee64\">Media training<\/li>\n\n\n\n<li class=\"has-palette-color-8-color has-text-color has-link-color has-medium-font-size wp-elements-ad58a23926bf075766b05df2ddb716bd\">Social Selling<\/li>\n\n\n\n<li class=\"has-palette-color-8-color has-text-color has-link-color has-medium-font-size wp-elements-8dab96fef0408b1f7878e53f52c74ac4\">LinkedIn Executivo<\/li>\n\n\n\n<li class=\"has-palette-color-8-color has-text-color has-link-color has-medium-font-size wp-elements-9154e294bb390aa43c678545f9406004\">Palestras\/pain\u00e9is de alto impacto<\/li>\n<\/ul>\n\n\n\n<h4 class=\"wp-block-heading has-palette-color-8-color has-text-color has-link-color wp-elements-f8ef8c7f56a328f0d891ec02ee1a1c20\">E sess\u00f5es individuais para:<\/h4>\n\n\n\n<ul class=\"wp-block-list\">\n<li class=\"has-palette-color-8-color has-text-color has-link-color has-medium-font-size wp-elements-004c16936a0aebd4c9d12c619963eafb\">Treinamento de postura em entrevistas<\/li>\n\n\n\n<li class=\"has-palette-color-8-color has-text-color has-link-color has-medium-font-size wp-elements-1bdc844a3a17d1c7d8411690d53ce241\">Avalia\u00e7\u00e3o do perfil no LinkedIn e melhorias<\/li>\n<\/ul>\n<\/div>\n\n\n\n<div class=\"wp-block-column is-layout-flow wp-block-column-is-layout-flow\">\n<h4 class=\"wp-block-heading has-palette-color-8-color has-text-color has-link-color wp-elements-3353fe6758165b366eaf20c0120e8e4d\">Facilitadores:<\/h4>\n\n\n\n<p class=\"has-palette-color-8-color has-text-color has-link-color has-medium-font-size wp-elements-5f70da1c8aed94d57a4e2d77f12cbfcf\">Al\u00e9m da equipe de treinamento da aboutCOM, liderada por Flavia<br>Sobral, os facilitadores dos m\u00f3dulos do TPV s\u00e3o escolhidos de<br>acordo com o perfil da empresa, das vozes e da profundidade da<br>tem\u00e1tica abordada.<\/p>\n\n\n\n<h4 class=\"wp-block-heading has-palette-color-8-color has-text-color has-link-color wp-elements-0fb19d5f62034d5ca998d1f803646692\">Dentre eles:<\/h4>\n\n\n\n<ul class=\"wp-block-list\">\n<li class=\"has-palette-color-8-color has-text-color has-link-color has-medium-font-size wp-elements-9f50b9fbab8915d3de578379874cf6dc\"><strong>Eduardo Alves<\/strong>, especialista em social selling e posicionamento no LinkedIn<\/li>\n\n\n\n<li class=\"has-palette-color-8-color has-text-color has-link-color has-medium-font-size wp-elements-eba6bd32c681584369b5b00ff2378d5d\"><strong>Adriele Marchesini<\/strong>, jornalista e curadora, especialista em entrevistas e escuta ativa<\/li>\n\n\n\n<li class=\"has-palette-color-8-color has-text-color has-link-color has-medium-font-size wp-elements-484df71dbc2fb949b4ec28162fe20b43\"><strong>Cristina Schachtidz<\/strong>, especialista em crises e treinamentos de executivos para situa\u00e7\u00f5es de crise<\/li>\n<\/ul>\n<\/div>\n<\/div>\n\n\n\n<div style=\"height:60px\" aria-hidden=\"true\" class=\"wp-block-spacer\"><\/div>\n\n\n\n<hr class=\"wp-block-separator alignwide has-alpha-channel-opacity\"\/>\n\n\n\n<div class=\"wp-block-buttons is-content-justification-center is-layout-flex wp-container-core-buttons-is-layout-a89b3969 wp-block-buttons-is-layout-flex\">\n<div class=\"wp-block-button\"><a class=\"wp-block-button__link has-medium-font-size has-custom-font-size wp-element-button\" href=\"https:\/\/aboutcom.com.br\/pt\/treinamentos-corporativos\/\">Treinamentos Corporativos aboutCOM<\/a><\/div>\n<\/div>\n\n\n\n<div class=\"wp-block-columns are-vertically-aligned-center is-layout-flex wp-container-core-columns-is-layout-28f84493 wp-block-columns-is-layout-flex\">\n<div class=\"wp-block-column is-vertically-aligned-center is-layout-flow wp-block-column-is-layout-flow\" style=\"flex-basis:35%\">\n<figure class=\"wp-block-image aligncenter size-large is-resized has-custom-border\"><a href=\"https:\/\/aboutcom.com.br\/pt\/programa-tpv\/\"><img loading=\"lazy\" decoding=\"async\" width=\"1024\" height=\"536\" src=\"https:\/\/aboutcom.com.br\/wp-content\/uploads\/2026\/04\/1-1024x536.png\" alt=\"\" class=\"wp-image-2108\" style=\"border-top-left-radius:35px;border-top-right-radius:35px;border-bottom-left-radius:35px;border-bottom-right-radius:35px;aspect-ratio:1.9104928082999293;object-fit:cover;width:400px\" srcset=\"https:\/\/aboutcom.com.br\/wp-content\/uploads\/2026\/04\/1-1024x536.png 1024w, https:\/\/aboutcom.com.br\/wp-content\/uploads\/2026\/04\/1-300x157.png 300w, https:\/\/aboutcom.com.br\/wp-content\/uploads\/2026\/04\/1-768x402.png 768w, https:\/\/aboutcom.com.br\/wp-content\/uploads\/2026\/04\/1-1536x804.png 1536w, https:\/\/aboutcom.com.br\/wp-content\/uploads\/2026\/04\/1-500x262.png 500w, https:\/\/aboutcom.com.br\/wp-content\/uploads\/2026\/04\/1.png 1600w\" sizes=\"auto, (max-width: 1024px) 100vw, 1024px\" \/><\/a><\/figure>\n<\/div>\n\n\n\n<div class=\"wp-block-column is-vertically-aligned-center is-layout-flow wp-block-column-is-layout-flow\" style=\"flex-basis:35%\">\n<figure class=\"wp-block-image aligncenter size-large is-resized has-custom-border\"><a href=\"https:\/\/aboutcom.com.br\/pt\/tpv-pocket\/\"><img loading=\"lazy\" decoding=\"async\" width=\"1024\" height=\"536\" src=\"https:\/\/aboutcom.com.br\/wp-content\/uploads\/2026\/04\/2-1024x536.png\" alt=\"\" class=\"wp-image-2109\" style=\"border-top-left-radius:35px;border-top-right-radius:35px;border-bottom-left-radius:35px;border-bottom-right-radius:35px;aspect-ratio:1.9104928082999293;object-fit:cover;width:400px\" srcset=\"https:\/\/aboutcom.com.br\/wp-content\/uploads\/2026\/04\/2-1024x536.png 1024w, https:\/\/aboutcom.com.br\/wp-content\/uploads\/2026\/04\/2-300x157.png 300w, https:\/\/aboutcom.com.br\/wp-content\/uploads\/2026\/04\/2-768x402.png 768w, https:\/\/aboutcom.com.br\/wp-content\/uploads\/2026\/04\/2-1536x804.png 1536w, https:\/\/aboutcom.com.br\/wp-content\/uploads\/2026\/04\/2-500x262.png 500w, https:\/\/aboutcom.com.br\/wp-content\/uploads\/2026\/04\/2.png 1600w\" sizes=\"auto, (max-width: 1024px) 100vw, 1024px\" \/><\/a><\/figure>\n<\/div>\n\n\n\n<div class=\"wp-block-column is-vertically-aligned-center is-layout-flow wp-block-column-is-layout-flow\" style=\"flex-basis:35%\">\n<figure class=\"wp-block-image aligncenter size-large is-resized has-custom-border\"><a href=\"https:\/\/aboutcom.com.br\/pt\/marca-pessoal-posicionamento\/\"><img loading=\"lazy\" decoding=\"async\" width=\"1024\" height=\"536\" src=\"https:\/\/aboutcom.com.br\/wp-content\/uploads\/2026\/04\/3-1024x536.png\" alt=\"\" class=\"wp-image-2110\" style=\"border-top-left-radius:35px;border-top-right-radius:35px;border-bottom-left-radius:35px;border-bottom-right-radius:35px;width:400px\" srcset=\"https:\/\/aboutcom.com.br\/wp-content\/uploads\/2026\/04\/3-1024x536.png 1024w, https:\/\/aboutcom.com.br\/wp-content\/uploads\/2026\/04\/3-300x157.png 300w, https:\/\/aboutcom.com.br\/wp-content\/uploads\/2026\/04\/3-768x402.png 768w, https:\/\/aboutcom.com.br\/wp-content\/uploads\/2026\/04\/3-1536x804.png 1536w, https:\/\/aboutcom.com.br\/wp-content\/uploads\/2026\/04\/3-500x262.png 500w, https:\/\/aboutcom.com.br\/wp-content\/uploads\/2026\/04\/3.png 1600w\" sizes=\"auto, (max-width: 1024px) 100vw, 1024px\" \/><\/a><\/figure>\n<\/div>\n<\/div>\n\n\n\n<div class=\"wp-block-columns are-vertically-aligned-center is-layout-flex wp-container-core-columns-is-layout-28f84493 wp-block-columns-is-layout-flex\">\n<div class=\"wp-block-column is-vertically-aligned-center is-layout-flow wp-block-column-is-layout-flow\" style=\"flex-basis:35%\">\n<figure class=\"wp-block-image aligncenter size-large is-resized has-custom-border\"><a href=\"https:\/\/aboutcom.com.br\/pt\/media-training\/\"><img loading=\"lazy\" decoding=\"async\" width=\"1024\" height=\"536\" src=\"https:\/\/aboutcom.com.br\/wp-content\/uploads\/2026\/04\/4-1024x536.png\" alt=\"\" class=\"wp-image-2111\" style=\"border-top-left-radius:35px;border-top-right-radius:35px;border-bottom-left-radius:35px;border-bottom-right-radius:35px;aspect-ratio:1.9104928082999293;object-fit:cover;width:400px\" srcset=\"https:\/\/aboutcom.com.br\/wp-content\/uploads\/2026\/04\/4-1024x536.png 1024w, https:\/\/aboutcom.com.br\/wp-content\/uploads\/2026\/04\/4-300x157.png 300w, https:\/\/aboutcom.com.br\/wp-content\/uploads\/2026\/04\/4-768x402.png 768w, https:\/\/aboutcom.com.br\/wp-content\/uploads\/2026\/04\/4-1536x804.png 1536w, https:\/\/aboutcom.com.br\/wp-content\/uploads\/2026\/04\/4-500x262.png 500w, https:\/\/aboutcom.com.br\/wp-content\/uploads\/2026\/04\/4.png 1600w\" sizes=\"auto, (max-width: 1024px) 100vw, 1024px\" \/><\/a><\/figure>\n<\/div>\n\n\n\n<div class=\"wp-block-column is-vertically-aligned-center is-layout-flow wp-block-column-is-layout-flow\" style=\"flex-basis:35%\">\n<figure class=\"wp-block-image aligncenter size-large is-resized has-custom-border\"><a href=\"https:\/\/aboutcom.com.br\/pt\/falas-impacto\/\"><img loading=\"lazy\" decoding=\"async\" width=\"1024\" height=\"536\" src=\"https:\/\/aboutcom.com.br\/wp-content\/uploads\/2026\/04\/5-1024x536.png\" alt=\"\" class=\"wp-image-2112\" style=\"border-top-left-radius:35px;border-top-right-radius:35px;border-bottom-left-radius:35px;border-bottom-right-radius:35px;aspect-ratio:1.9104928082999293;object-fit:cover;width:400px\" srcset=\"https:\/\/aboutcom.com.br\/wp-content\/uploads\/2026\/04\/5-1024x536.png 1024w, https:\/\/aboutcom.com.br\/wp-content\/uploads\/2026\/04\/5-300x157.png 300w, https:\/\/aboutcom.com.br\/wp-content\/uploads\/2026\/04\/5-768x402.png 768w, https:\/\/aboutcom.com.br\/wp-content\/uploads\/2026\/04\/5-1536x804.png 1536w, https:\/\/aboutcom.com.br\/wp-content\/uploads\/2026\/04\/5-500x262.png 500w, https:\/\/aboutcom.com.br\/wp-content\/uploads\/2026\/04\/5.png 1600w\" sizes=\"auto, (max-width: 1024px) 100vw, 1024px\" \/><\/a><\/figure>\n<\/div>\n\n\n\n<div class=\"wp-block-column is-vertically-aligned-center is-layout-flow wp-block-column-is-layout-flow\" style=\"flex-basis:35%\">\n<figure class=\"wp-block-image aligncenter size-large is-resized has-custom-border\"><a href=\"https:\/\/aboutcom.com.br\/pt\/social-selling\/\"><img loading=\"lazy\" decoding=\"async\" width=\"1600\" height=\"838\" src=\"https:\/\/aboutcom.com.br\/wp-content\/uploads\/2026\/04\/6-1024x536.png\" alt=\"\" class=\"wp-image-2113\" style=\"border-top-left-radius:35px;border-top-right-radius:35px;border-bottom-left-radius:35px;border-bottom-right-radius:35px;width:400px\" srcset=\"https:\/\/aboutcom.com.br\/wp-content\/uploads\/2026\/04\/6-1024x536.png 1024w, https:\/\/aboutcom.com.br\/wp-content\/uploads\/2026\/04\/6-300x157.png 300w, https:\/\/aboutcom.com.br\/wp-content\/uploads\/2026\/04\/6-768x402.png 768w, https:\/\/aboutcom.com.br\/wp-content\/uploads\/2026\/04\/6-1536x804.png 1536w, https:\/\/aboutcom.com.br\/wp-content\/uploads\/2026\/04\/6-500x262.png 500w, https:\/\/aboutcom.com.br\/wp-content\/uploads\/2026\/04\/6.png 1600w\" sizes=\"auto, (max-width: 1600px) 100vw, 1600px\" \/><\/a><\/figure>\n<\/div>\n<\/div>\n\n\n\n<p><\/p>\n","protected":false},"excerpt":{"rendered":"<p>Programa TPV O TPV da aboutCOM \u00e9 o programa de capacita\u00e7\u00e3o de porta-vozes desenvolvido para preparar executivos de empresas para al\u00e9m da constru\u00e7\u00e3o do seu relacionamento com a m\u00eddia, considerando seu papel em eventos, em social selling e em todos os momentos em que tenham que falar em nome da empresa. Os m\u00f3dulos que s\u00e3o [&hellip;]<\/p>\n","protected":false},"author":6,"featured_media":0,"parent":0,"menu_order":0,"comment_status":"closed","ping_status":"closed","template":"","meta":{"_acf_changed":false,"inline_featured_image":false,"footnotes":""},"class_list":["post-2129","page","type-page","status-publish","hentry"],"blocksy_meta":{"has_hero_section":"disabled","styles_descriptor":{"styles":{"desktop":"","tablet":"","mobile":""},"google_fonts":[],"version":6}},"acf":[],"yoast_head":"<!-- This site is optimized with the Yoast SEO plugin v27.4 - https:\/\/yoast.com\/product\/yoast-seo-wordpress\/ -->\n<title>aboutCOM | Programa TPV<\/title>\n<meta name=\"robots\" content=\"index, follow, max-snippet:-1, max-image-preview:large, max-video-preview:-1\" \/>\n<link rel=\"canonical\" href=\"https:\/\/aboutcom.com.br\/en\/programa-tpv\/\" \/>\n<meta property=\"og:locale\" content=\"en_US\" \/>\n<meta property=\"og:locale:alternate\" content=\"pt_BR\" \/>\n<meta property=\"og:locale:alternate\" content=\"es_ES\" \/>\n<meta property=\"og:type\" content=\"article\" \/>\n<meta property=\"og:title\" content=\"aboutCOM | Programa TPV\" \/>\n<meta property=\"og:description\" content=\"Programa TPV O TPV da aboutCOM \u00e9 o programa de capacita\u00e7\u00e3o de porta-vozes desenvolvido para preparar executivos de empresas para al\u00e9m da constru\u00e7\u00e3o do seu relacionamento com a m\u00eddia, considerando seu papel em eventos, em social selling e em todos os momentos em que tenham que falar em nome da empresa. Os m\u00f3dulos que s\u00e3o [&hellip;]\" \/>\n<meta property=\"og:url\" content=\"https:\/\/aboutcom.com.br\/en\/programa-tpv\/\" \/>\n<meta property=\"og:site_name\" content=\"Aboutcom\" \/>\n<meta property=\"article:modified_time\" content=\"2026-04-16T18:22:33+00:00\" \/>\n<meta property=\"og:image\" content=\"https:\/\/aboutcom.com.br\/wp-content\/uploads\/2026\/04\/1.png\" \/>\n\t<meta property=\"og:image:width\" content=\"1600\" \/>\n\t<meta property=\"og:image:height\" content=\"838\" \/>\n\t<meta property=\"og:image:type\" content=\"image\/png\" \/>\n<meta name=\"twitter:card\" content=\"summary_large_image\" \/>\n<meta name=\"twitter:label1\" content=\"Est. reading time\" \/>\n\t<meta name=\"twitter:data1\" content=\"3 minutes\" \/>\n<script type=\"application\/ld+json\" class=\"yoast-schema-graph\">{\"@context\":\"https:\\\/\\\/schema.org\",\"@graph\":[{\"@type\":\"WebPage\",\"@id\":\"https:\\\/\\\/aboutcom.com.br\\\/pt\\\/programa-tpv\\\/\",\"url\":\"https:\\\/\\\/aboutcom.com.br\\\/pt\\\/programa-tpv\\\/\",\"name\":\"aboutCOM | Programa TPV\",\"isPartOf\":{\"@id\":\"https:\\\/\\\/aboutcom.com.br\\\/pt\\\/#website\"},\"primaryImageOfPage\":{\"@id\":\"https:\\\/\\\/aboutcom.com.br\\\/pt\\\/programa-tpv\\\/#primaryimage\"},\"image\":{\"@id\":\"https:\\\/\\\/aboutcom.com.br\\\/pt\\\/programa-tpv\\\/#primaryimage\"},\"thumbnailUrl\":\"https:\\\/\\\/aboutcom.com.br\\\/wp-content\\\/uploads\\\/2026\\\/04\\\/1-1024x536.png\",\"datePublished\":\"2026-04-16T17:37:58+00:00\",\"dateModified\":\"2026-04-16T18:22:33+00:00\",\"breadcrumb\":{\"@id\":\"https:\\\/\\\/aboutcom.com.br\\\/pt\\\/programa-tpv\\\/#breadcrumb\"},\"inLanguage\":\"en-US\",\"potentialAction\":[{\"@type\":\"ReadAction\",\"target\":[\"https:\\\/\\\/aboutcom.com.br\\\/pt\\\/programa-tpv\\\/\"]}]},{\"@type\":\"ImageObject\",\"inLanguage\":\"en-US\",\"@id\":\"https:\\\/\\\/aboutcom.com.br\\\/pt\\\/programa-tpv\\\/#primaryimage\",\"url\":\"https:\\\/\\\/aboutcom.com.br\\\/wp-content\\\/uploads\\\/2026\\\/04\\\/1-1024x536.png\",\"contentUrl\":\"https:\\\/\\\/aboutcom.com.br\\\/wp-content\\\/uploads\\\/2026\\\/04\\\/1-1024x536.png\"},{\"@type\":\"BreadcrumbList\",\"@id\":\"https:\\\/\\\/aboutcom.com.br\\\/pt\\\/programa-tpv\\\/#breadcrumb\",\"itemListElement\":[{\"@type\":\"ListItem\",\"position\":1,\"name\":\"Home\",\"item\":\"https:\\\/\\\/aboutcom.com.br\\\/pt\\\/\"},{\"@type\":\"ListItem\",\"position\":2,\"name\":\"aboutCOM | Programa TPV\"}]},{\"@type\":\"WebSite\",\"@id\":\"https:\\\/\\\/aboutcom.com.br\\\/pt\\\/#website\",\"url\":\"https:\\\/\\\/aboutcom.com.br\\\/pt\\\/\",\"name\":\"Aboutcom\",\"description\":\"Communication Specialists\",\"publisher\":{\"@id\":\"https:\\\/\\\/aboutcom.com.br\\\/pt\\\/#organization\"},\"potentialAction\":[{\"@type\":\"SearchAction\",\"target\":{\"@type\":\"EntryPoint\",\"urlTemplate\":\"https:\\\/\\\/aboutcom.com.br\\\/pt\\\/?s={search_term_string}\"},\"query-input\":{\"@type\":\"PropertyValueSpecification\",\"valueRequired\":true,\"valueName\":\"search_term_string\"}}],\"inLanguage\":\"en-US\"},{\"@type\":\"Organization\",\"@id\":\"https:\\\/\\\/aboutcom.com.br\\\/pt\\\/#organization\",\"name\":\"Aboutcom\",\"url\":\"https:\\\/\\\/aboutcom.com.br\\\/pt\\\/\",\"logo\":{\"@type\":\"ImageObject\",\"inLanguage\":\"en-US\",\"@id\":\"https:\\\/\\\/aboutcom.com.br\\\/pt\\\/#\\\/schema\\\/logo\\\/image\\\/\",\"url\":\"https:\\\/\\\/aboutcom.com.br\\\/wp-content\\\/uploads\\\/2025\\\/08\\\/aboutCOM_LOGO-10-scaled.png\",\"contentUrl\":\"https:\\\/\\\/aboutcom.com.br\\\/wp-content\\\/uploads\\\/2025\\\/08\\\/aboutCOM_LOGO-10-scaled.png\",\"width\":2560,\"height\":786,\"caption\":\"Aboutcom\"},\"image\":{\"@id\":\"https:\\\/\\\/aboutcom.com.br\\\/pt\\\/#\\\/schema\\\/logo\\\/image\\\/\"}}]}<\/script>\n<!-- \/ Yoast SEO plugin. -->","yoast_head_json":{"title":"aboutCOM | Programa TPV","robots":{"index":"index","follow":"follow","max-snippet":"max-snippet:-1","max-image-preview":"max-image-preview:large","max-video-preview":"max-video-preview:-1"},"canonical":"https:\/\/aboutcom.com.br\/en\/programa-tpv\/","og_locale":"en_US","og_type":"article","og_title":"[:pt]aboutCOM | Programa TPV[:] - Aboutcom","og_description":"Programa TPV O TPV da aboutCOM \u00e9 o programa de capacita\u00e7\u00e3o de porta-vozes desenvolvido para preparar executivos de empresas para al\u00e9m da constru\u00e7\u00e3o do seu relacionamento com a m\u00eddia, considerando seu papel em eventos, em social selling e em todos os momentos em que tenham que falar em nome da empresa. Os m\u00f3dulos que s\u00e3o [&hellip;]","og_url":"https:\/\/aboutcom.com.br\/en\/programa-tpv\/","og_site_name":"Aboutcom","article_modified_time":"2026-04-16T18:22:33+00:00","og_image":[{"width":1600,"height":838,"url":"https:\/\/aboutcom.com.br\/wp-content\/uploads\/2026\/04\/1.png","type":"image\/png"}],"twitter_card":"summary_large_image","twitter_misc":{"Est. reading time":"3 minutes"},"schema":{"@context":"https:\/\/schema.org","@graph":[{"@type":"WebPage","@id":"https:\/\/aboutcom.com.br\/pt\/programa-tpv\/","url":"https:\/\/aboutcom.com.br\/pt\/programa-tpv\/","name":"aboutCOM | Programa TPV","isPartOf":{"@id":"https:\/\/aboutcom.com.br\/pt\/#website"},"primaryImageOfPage":{"@id":"https:\/\/aboutcom.com.br\/pt\/programa-tpv\/#primaryimage"},"image":{"@id":"https:\/\/aboutcom.com.br\/pt\/programa-tpv\/#primaryimage"},"thumbnailUrl":"https:\/\/aboutcom.com.br\/wp-content\/uploads\/2026\/04\/1-1024x536.png","datePublished":"2026-04-16T17:37:58+00:00","dateModified":"2026-04-16T18:22:33+00:00","breadcrumb":{"@id":"https:\/\/aboutcom.com.br\/pt\/programa-tpv\/#breadcrumb"},"inLanguage":"en-US","potentialAction":[{"@type":"ReadAction","target":["https:\/\/aboutcom.com.br\/pt\/programa-tpv\/"]}]},{"@type":"ImageObject","inLanguage":"en-US","@id":"https:\/\/aboutcom.com.br\/pt\/programa-tpv\/#primaryimage","url":"https:\/\/aboutcom.com.br\/wp-content\/uploads\/2026\/04\/1-1024x536.png","contentUrl":"https:\/\/aboutcom.com.br\/wp-content\/uploads\/2026\/04\/1-1024x536.png"},{"@type":"BreadcrumbList","@id":"https:\/\/aboutcom.com.br\/pt\/programa-tpv\/#breadcrumb","itemListElement":[{"@type":"ListItem","position":1,"name":"Home","item":"https:\/\/aboutcom.com.br\/pt\/"},{"@type":"ListItem","position":2,"name":"aboutCOM | Programa TPV"}]},{"@type":"WebSite","@id":"https:\/\/aboutcom.com.br\/pt\/#website","url":"https:\/\/aboutcom.com.br\/pt\/","name":"Aboutcom","description":"Communication Specialists","publisher":{"@id":"https:\/\/aboutcom.com.br\/pt\/#organization"},"potentialAction":[{"@type":"SearchAction","target":{"@type":"EntryPoint","urlTemplate":"https:\/\/aboutcom.com.br\/pt\/?s={search_term_string}"},"query-input":{"@type":"PropertyValueSpecification","valueRequired":true,"valueName":"search_term_string"}}],"inLanguage":"en-US"},{"@type":"Organization","@id":"https:\/\/aboutcom.com.br\/pt\/#organization","name":"Aboutcom","url":"https:\/\/aboutcom.com.br\/pt\/","logo":{"@type":"ImageObject","inLanguage":"en-US","@id":"https:\/\/aboutcom.com.br\/pt\/#\/schema\/logo\/image\/","url":"https:\/\/aboutcom.com.br\/wp-content\/uploads\/2025\/08\/aboutCOM_LOGO-10-scaled.png","contentUrl":"https:\/\/aboutcom.com.br\/wp-content\/uploads\/2025\/08\/aboutCOM_LOGO-10-scaled.png","width":2560,"height":786,"caption":"Aboutcom"},"image":{"@id":"https:\/\/aboutcom.com.br\/pt\/#\/schema\/logo\/image\/"}}]}},"_links":{"self":[{"href":"https:\/\/aboutcom.com.br\/en\/wp-json\/wp\/v2\/pages\/2129","targetHints":{"allow":["GET"]}}],"collection":[{"href":"https:\/\/aboutcom.com.br\/en\/wp-json\/wp\/v2\/pages"}],"about":[{"href":"https:\/\/aboutcom.com.br\/en\/wp-json\/wp\/v2\/types\/page"}],"author":[{"embeddable":true,"href":"https:\/\/aboutcom.com.br\/en\/wp-json\/wp\/v2\/users\/6"}],"replies":[{"embeddable":true,"href":"https:\/\/aboutcom.com.br\/en\/wp-json\/wp\/v2\/comments?post=2129"}],"version-history":[{"count":5,"href":"https:\/\/aboutcom.com.br\/en\/wp-json\/wp\/v2\/pages\/2129\/revisions"}],"predecessor-version":[{"id":2156,"href":"https:\/\/aboutcom.com.br\/en\/wp-json\/wp\/v2\/pages\/2129\/revisions\/2156"}],"wp:attachment":[{"href":"https:\/\/aboutcom.com.br\/en\/wp-json\/wp\/v2\/media?parent=2129"}],"curies":[{"name":"wp","href":"https:\/\/api.w.org\/{rel}","templated":true}]}}