{"id":2140,"date":"2026-04-16T18:09:37","date_gmt":"2026-04-16T18:09:37","guid":{"rendered":"https:\/\/aboutcom.com.br\/pt\/?page_id=2140"},"modified":"2026-04-16T18:32:16","modified_gmt":"2026-04-16T18:32:16","slug":"tpv-pocket","status":"publish","type":"page","link":"https:\/\/aboutcom.com.br\/en\/tpv-pocket\/","title":{"rendered":"aboutCOM | TPV Pocket"},"content":{"rendered":"\n<div class=\"wp-block-columns is-layout-flex wp-container-core-columns-is-layout-28f84493 wp-block-columns-is-layout-flex\">\n<div class=\"wp-block-column is-vertically-aligned-center is-layout-flow wp-block-column-is-layout-flow\">\n<figure class=\"wp-block-image size-large has-custom-border\"><img loading=\"lazy\" decoding=\"async\" width=\"1024\" height=\"536\" src=\"https:\/\/aboutcom.com.br\/wp-content\/uploads\/2026\/04\/2-1024x536.png\" alt=\"\" class=\"wp-image-2109\" style=\"border-top-left-radius:35px;border-top-right-radius:35px;border-bottom-left-radius:35px;border-bottom-right-radius:35px\" srcset=\"https:\/\/aboutcom.com.br\/wp-content\/uploads\/2026\/04\/2-1024x536.png 1024w, https:\/\/aboutcom.com.br\/wp-content\/uploads\/2026\/04\/2-300x157.png 300w, https:\/\/aboutcom.com.br\/wp-content\/uploads\/2026\/04\/2-768x402.png 768w, https:\/\/aboutcom.com.br\/wp-content\/uploads\/2026\/04\/2-1536x804.png 1536w, https:\/\/aboutcom.com.br\/wp-content\/uploads\/2026\/04\/2-500x262.png 500w, https:\/\/aboutcom.com.br\/wp-content\/uploads\/2026\/04\/2.png 1600w\" sizes=\"auto, (max-width: 1024px) 100vw, 1024px\" \/><\/figure>\n<\/div>\n\n\n\n<div class=\"wp-block-column is-vertically-aligned-top is-layout-flow wp-block-column-is-layout-flow\">\n<h2 class=\"wp-block-heading\">TPV Pocket<\/h2>\n\n\n\n<p class=\"has-medium-font-size\">Nosso TPV em formato reduzido, para atender demandas de empresas que possuem <strong>at\u00e9 10 executivos<\/strong> para serem treinados.<\/p>\n<\/div>\n<\/div>\n\n\n\n<div class=\"wp-block-columns has-palette-color-3-background-color has-background is-layout-flex wp-container-core-columns-is-layout-28f84493 wp-block-columns-is-layout-flex\" style=\"border-top-left-radius:35px;border-top-right-radius:35px;border-bottom-left-radius:35px;border-bottom-right-radius:35px\">\n<div class=\"wp-block-column is-layout-flow wp-block-column-is-layout-flow\">\n<h4 class=\"wp-block-heading has-palette-color-8-color has-text-color has-link-color wp-elements-3b0264d2a1b27f150ec34b929652b7ed\">Programa 1<\/h4>\n\n\n\n<h5 class=\"wp-block-heading has-palette-color-8-color has-text-color has-link-color wp-elements-6f66c0c0da75dedbdc9605b304a6d782\">Carga hor\u00e1ria: 8h (dia inteiro)<\/h5>\n\n\n\n<ul class=\"wp-block-list\">\n<li class=\"has-palette-color-8-color has-text-color has-link-color has-medium-font-size wp-elements-e0a4ed19fbf4f4f30abbd27f2a2b6a04\">Introdu\u00e7\u00e3o ao programa TPV (30 min)<\/li>\n\n\n\n<li class=\"has-palette-color-8-color has-text-color has-link-color has-medium-font-size wp-elements-58f9d1c189b518a93685edd05716d4cc\">Marca pessoal e LinkedIn Executivo (1h30)<\/li>\n\n\n\n<li class=\"has-palette-color-8-color has-text-color has-link-color has-medium-font-size wp-elements-2a267de8d41b7e5a9033fc352947c5f1\">Media training com <strong>exerc\u00edcio pr\u00e1tico em duplas<\/strong><br>(3h30)<\/li>\n\n\n\n<li class=\"has-palette-color-8-color has-text-color has-link-color has-medium-font-size wp-elements-f856798b5eb9732b2dad04c4e9258d57\">Storytelling e palestras de alto impacto <strong>com<br>exerc\u00edcio individual<\/strong><\/li>\n<\/ul>\n<\/div>\n\n\n\n<div class=\"wp-block-column is-layout-flow wp-block-column-is-layout-flow\">\n<h4 class=\"wp-block-heading has-palette-color-8-color has-text-color has-link-color wp-elements-4c36984743a411b827ee0cd4cee694b2\">Programa 2<\/h4>\n\n\n\n<h5 class=\"wp-block-heading has-palette-color-8-color has-text-color has-link-color has-medium-font-size wp-elements-b9db0ebd06ef1232976a19b2bb73ba90\">Carga hor\u00e1ria para s<strong>ess\u00e3o presencial: 5h<\/strong> <\/h5>\n\n\n\n<ul class=\"wp-block-list\">\n<li class=\"has-palette-color-8-color has-text-color has-link-color has-medium-font-size wp-elements-e0a4ed19fbf4f4f30abbd27f2a2b6a04\">Introdu\u00e7\u00e3o ao programa TPV (30 min)<\/li>\n\n\n\n<li class=\"has-palette-color-8-color has-text-color has-link-color has-medium-font-size wp-elements-e4246dad6250d7acbed7de9c414ecaae\">Marca pessoal e LinkedIn Executivo (1h)<\/li>\n\n\n\n<li class=\"has-palette-color-8-color has-text-color has-link-color has-medium-font-size wp-elements-1c28d053ffbe2a5585013141df726069\">Media training (2h30)<\/li>\n\n\n\n<li class=\"has-palette-color-8-color has-text-color has-link-color has-medium-font-size wp-elements-2d4dd1072383c544723789cac64e1ab5\">Storytelling e palestras de alto impacto (1h)<\/li>\n<\/ul>\n\n\n\n<h5 class=\"wp-block-heading has-palette-color-8-color has-text-color has-link-color wp-elements-2e1c9df6b6b823c0078e766d39b27afc\">Carga hor\u00e1ria para sess\u00e3o online: 30 minutos<\/h5>\n\n\n\n<ul class=\"wp-block-list\">\n<li class=\"has-palette-color-8-color has-text-color has-link-color has-medium-font-size wp-elements-e3c52aa3e113e5fc6cf9de7c2510519b\">Exerc\u00edcio de entrevista<\/li>\n\n\n\n<li class=\"has-palette-color-8-color has-text-color has-link-color has-medium-font-size wp-elements-87e84bd74308e4019a15e633928f2abd\">\u2022 Envio de feedback formal p\u00f3s avalia\u00e7\u00e3o<\/li>\n<\/ul>\n<\/div>\n<\/div>\n\n\n\n<div style=\"height:60px\" aria-hidden=\"true\" class=\"wp-block-spacer\"><\/div>\n\n\n\n<hr class=\"wp-block-separator alignwide has-alpha-channel-opacity\"\/>\n\n\n\n<div class=\"wp-block-buttons is-content-justification-center is-layout-flex wp-container-core-buttons-is-layout-a89b3969 wp-block-buttons-is-layout-flex\">\n<div class=\"wp-block-button\"><a class=\"wp-block-button__link has-medium-font-size has-custom-font-size wp-element-button\" href=\"https:\/\/aboutcom.com.br\/pt\/treinamentos-corporativos\/\">Treinamentos Corporativos aboutCOM<\/a><\/div>\n<\/div>\n\n\n\n<div class=\"wp-block-columns are-vertically-aligned-center is-layout-flex wp-container-core-columns-is-layout-28f84493 wp-block-columns-is-layout-flex\">\n<div class=\"wp-block-column is-vertically-aligned-center is-layout-flow wp-block-column-is-layout-flow\" style=\"flex-basis:35%\">\n<figure class=\"wp-block-image aligncenter size-large is-resized has-custom-border\"><a href=\"https:\/\/aboutcom.com.br\/pt\/programa-tpv\/\"><img loading=\"lazy\" decoding=\"async\" width=\"1024\" height=\"536\" src=\"https:\/\/aboutcom.com.br\/wp-content\/uploads\/2026\/04\/1-1024x536.png\" alt=\"\" class=\"wp-image-2108\" style=\"border-top-left-radius:35px;border-top-right-radius:35px;border-bottom-left-radius:35px;border-bottom-right-radius:35px;aspect-ratio:1.9104928082999293;object-fit:cover;width:400px\" srcset=\"https:\/\/aboutcom.com.br\/wp-content\/uploads\/2026\/04\/1-1024x536.png 1024w, https:\/\/aboutcom.com.br\/wp-content\/uploads\/2026\/04\/1-300x157.png 300w, https:\/\/aboutcom.com.br\/wp-content\/uploads\/2026\/04\/1-768x402.png 768w, https:\/\/aboutcom.com.br\/wp-content\/uploads\/2026\/04\/1-1536x804.png 1536w, https:\/\/aboutcom.com.br\/wp-content\/uploads\/2026\/04\/1-500x262.png 500w, https:\/\/aboutcom.com.br\/wp-content\/uploads\/2026\/04\/1.png 1600w\" sizes=\"auto, (max-width: 1024px) 100vw, 1024px\" \/><\/a><\/figure>\n<\/div>\n\n\n\n<div class=\"wp-block-column is-vertically-aligned-center is-layout-flow wp-block-column-is-layout-flow\" style=\"flex-basis:35%\">\n<figure class=\"wp-block-image aligncenter size-large is-resized has-custom-border\"><a href=\"https:\/\/aboutcom.com.br\/pt\/tpv-pocket\/\"><img loading=\"lazy\" decoding=\"async\" width=\"1024\" height=\"536\" src=\"https:\/\/aboutcom.com.br\/wp-content\/uploads\/2026\/04\/2-1024x536.png\" alt=\"\" class=\"wp-image-2109\" style=\"border-top-left-radius:35px;border-top-right-radius:35px;border-bottom-left-radius:35px;border-bottom-right-radius:35px;aspect-ratio:1.9104928082999293;object-fit:cover;width:400px\" srcset=\"https:\/\/aboutcom.com.br\/wp-content\/uploads\/2026\/04\/2-1024x536.png 1024w, https:\/\/aboutcom.com.br\/wp-content\/uploads\/2026\/04\/2-300x157.png 300w, https:\/\/aboutcom.com.br\/wp-content\/uploads\/2026\/04\/2-768x402.png 768w, https:\/\/aboutcom.com.br\/wp-content\/uploads\/2026\/04\/2-1536x804.png 1536w, https:\/\/aboutcom.com.br\/wp-content\/uploads\/2026\/04\/2-500x262.png 500w, https:\/\/aboutcom.com.br\/wp-content\/uploads\/2026\/04\/2.png 1600w\" sizes=\"auto, (max-width: 1024px) 100vw, 1024px\" \/><\/a><\/figure>\n<\/div>\n\n\n\n<div class=\"wp-block-column is-vertically-aligned-center is-layout-flow wp-block-column-is-layout-flow\" style=\"flex-basis:35%\">\n<figure class=\"wp-block-image aligncenter size-large is-resized has-custom-border\"><a href=\"https:\/\/aboutcom.com.br\/pt\/marca-pessoal-posicionamento\/\"><img loading=\"lazy\" decoding=\"async\" width=\"1024\" height=\"536\" src=\"https:\/\/aboutcom.com.br\/wp-content\/uploads\/2026\/04\/3-1024x536.png\" alt=\"\" class=\"wp-image-2110\" style=\"border-top-left-radius:35px;border-top-right-radius:35px;border-bottom-left-radius:35px;border-bottom-right-radius:35px;width:400px\" srcset=\"https:\/\/aboutcom.com.br\/wp-content\/uploads\/2026\/04\/3-1024x536.png 1024w, https:\/\/aboutcom.com.br\/wp-content\/uploads\/2026\/04\/3-300x157.png 300w, https:\/\/aboutcom.com.br\/wp-content\/uploads\/2026\/04\/3-768x402.png 768w, https:\/\/aboutcom.com.br\/wp-content\/uploads\/2026\/04\/3-1536x804.png 1536w, https:\/\/aboutcom.com.br\/wp-content\/uploads\/2026\/04\/3-500x262.png 500w, https:\/\/aboutcom.com.br\/wp-content\/uploads\/2026\/04\/3.png 1600w\" sizes=\"auto, (max-width: 1024px) 100vw, 1024px\" \/><\/a><\/figure>\n<\/div>\n<\/div>\n\n\n\n<div class=\"wp-block-columns are-vertically-aligned-center is-layout-flex wp-container-core-columns-is-layout-28f84493 wp-block-columns-is-layout-flex\">\n<div class=\"wp-block-column is-vertically-aligned-center is-layout-flow wp-block-column-is-layout-flow\" style=\"flex-basis:35%\">\n<figure class=\"wp-block-image aligncenter size-large is-resized has-custom-border\"><a href=\"https:\/\/aboutcom.com.br\/pt\/media-training\/\"><img loading=\"lazy\" decoding=\"async\" width=\"1024\" height=\"536\" src=\"https:\/\/aboutcom.com.br\/wp-content\/uploads\/2026\/04\/4-1024x536.png\" alt=\"\" class=\"wp-image-2111\" style=\"border-top-left-radius:35px;border-top-right-radius:35px;border-bottom-left-radius:35px;border-bottom-right-radius:35px;aspect-ratio:1.9104928082999293;object-fit:cover;width:400px\" srcset=\"https:\/\/aboutcom.com.br\/wp-content\/uploads\/2026\/04\/4-1024x536.png 1024w, https:\/\/aboutcom.com.br\/wp-content\/uploads\/2026\/04\/4-300x157.png 300w, https:\/\/aboutcom.com.br\/wp-content\/uploads\/2026\/04\/4-768x402.png 768w, https:\/\/aboutcom.com.br\/wp-content\/uploads\/2026\/04\/4-1536x804.png 1536w, https:\/\/aboutcom.com.br\/wp-content\/uploads\/2026\/04\/4-500x262.png 500w, https:\/\/aboutcom.com.br\/wp-content\/uploads\/2026\/04\/4.png 1600w\" sizes=\"auto, (max-width: 1024px) 100vw, 1024px\" \/><\/a><\/figure>\n<\/div>\n\n\n\n<div class=\"wp-block-column is-vertically-aligned-center is-layout-flow wp-block-column-is-layout-flow\" style=\"flex-basis:35%\">\n<figure class=\"wp-block-image aligncenter size-large is-resized has-custom-border\"><a href=\"https:\/\/aboutcom.com.br\/pt\/falas-impacto\/\"><img loading=\"lazy\" decoding=\"async\" width=\"1024\" height=\"536\" src=\"https:\/\/aboutcom.com.br\/wp-content\/uploads\/2026\/04\/5-1024x536.png\" alt=\"\" class=\"wp-image-2112\" style=\"border-top-left-radius:35px;border-top-right-radius:35px;border-bottom-left-radius:35px;border-bottom-right-radius:35px;aspect-ratio:1.9104928082999293;object-fit:cover;width:400px\" srcset=\"https:\/\/aboutcom.com.br\/wp-content\/uploads\/2026\/04\/5-1024x536.png 1024w, https:\/\/aboutcom.com.br\/wp-content\/uploads\/2026\/04\/5-300x157.png 300w, https:\/\/aboutcom.com.br\/wp-content\/uploads\/2026\/04\/5-768x402.png 768w, https:\/\/aboutcom.com.br\/wp-content\/uploads\/2026\/04\/5-1536x804.png 1536w, https:\/\/aboutcom.com.br\/wp-content\/uploads\/2026\/04\/5-500x262.png 500w, https:\/\/aboutcom.com.br\/wp-content\/uploads\/2026\/04\/5.png 1600w\" sizes=\"auto, (max-width: 1024px) 100vw, 1024px\" \/><\/a><\/figure>\n<\/div>\n\n\n\n<div class=\"wp-block-column is-vertically-aligned-center is-layout-flow wp-block-column-is-layout-flow\" style=\"flex-basis:35%\">\n<figure class=\"wp-block-image aligncenter size-large is-resized has-custom-border\"><a href=\"https:\/\/aboutcom.com.br\/pt\/social-selling\/\"><img loading=\"lazy\" decoding=\"async\" width=\"1600\" height=\"838\" src=\"https:\/\/aboutcom.com.br\/wp-content\/uploads\/2026\/04\/6-1024x536.png\" alt=\"\" class=\"wp-image-2113\" style=\"border-top-left-radius:35px;border-top-right-radius:35px;border-bottom-left-radius:35px;border-bottom-right-radius:35px;width:400px\" srcset=\"https:\/\/aboutcom.com.br\/wp-content\/uploads\/2026\/04\/6-1024x536.png 1024w, https:\/\/aboutcom.com.br\/wp-content\/uploads\/2026\/04\/6-300x157.png 300w, https:\/\/aboutcom.com.br\/wp-content\/uploads\/2026\/04\/6-768x402.png 768w, https:\/\/aboutcom.com.br\/wp-content\/uploads\/2026\/04\/6-1536x804.png 1536w, https:\/\/aboutcom.com.br\/wp-content\/uploads\/2026\/04\/6-500x262.png 500w, https:\/\/aboutcom.com.br\/wp-content\/uploads\/2026\/04\/6.png 1600w\" sizes=\"auto, (max-width: 1600px) 100vw, 1600px\" \/><\/a><\/figure>\n<\/div>\n<\/div>\n\n\n\n<p><\/p>\n","protected":false},"excerpt":{"rendered":"<p>TPV Pocket Nosso TPV em formato reduzido, para atender demandas de empresas que possuem at\u00e9 10 executivos para serem treinados. Programa 1 Carga hor\u00e1ria: 8h (dia inteiro) Programa 2 Carga hor\u00e1ria para sess\u00e3o presencial: 5h Carga hor\u00e1ria para sess\u00e3o online: 30 minutos<\/p>\n","protected":false},"author":6,"featured_media":0,"parent":0,"menu_order":0,"comment_status":"closed","ping_status":"closed","template":"","meta":{"_acf_changed":false,"inline_featured_image":false,"footnotes":""},"class_list":["post-2140","page","type-page","status-publish","hentry"],"blocksy_meta":{"has_hero_section":"disabled","styles_descriptor":{"styles":{"desktop":"","tablet":"","mobile":""},"google_fonts":[],"version":6}},"acf":[],"yoast_head":"<!-- This site is optimized with the Yoast SEO plugin v27.4 - https:\/\/yoast.com\/product\/yoast-seo-wordpress\/ -->\n<title>aboutCOM | TPV Pocket<\/title>\n<meta name=\"robots\" content=\"index, follow, max-snippet:-1, max-image-preview:large, max-video-preview:-1\" \/>\n<link rel=\"canonical\" href=\"https:\/\/aboutcom.com.br\/en\/tpv-pocket\/\" \/>\n<meta property=\"og:locale\" content=\"en_US\" \/>\n<meta property=\"og:locale:alternate\" content=\"pt_BR\" \/>\n<meta property=\"og:locale:alternate\" content=\"es_ES\" \/>\n<meta property=\"og:type\" content=\"article\" \/>\n<meta property=\"og:title\" content=\"aboutCOM | TPV Pocket\" \/>\n<meta property=\"og:description\" content=\"TPV Pocket Nosso TPV em formato reduzido, para atender demandas de empresas que possuem at\u00e9 10 executivos para serem treinados. Programa 1 Carga hor\u00e1ria: 8h (dia inteiro) Programa 2 Carga hor\u00e1ria para sess\u00e3o presencial: 5h Carga hor\u00e1ria para sess\u00e3o online: 30 minutos\" \/>\n<meta property=\"og:url\" content=\"https:\/\/aboutcom.com.br\/en\/tpv-pocket\/\" \/>\n<meta property=\"og:site_name\" content=\"Aboutcom\" \/>\n<meta property=\"article:modified_time\" content=\"2026-04-16T18:32:16+00:00\" \/>\n<meta property=\"og:image\" content=\"https:\/\/aboutcom.com.br\/wp-content\/uploads\/2026\/04\/2.png\" \/>\n\t<meta property=\"og:image:width\" content=\"1600\" \/>\n\t<meta property=\"og:image:height\" content=\"838\" \/>\n\t<meta property=\"og:image:type\" content=\"image\/png\" \/>\n<meta name=\"twitter:card\" content=\"summary_large_image\" \/>\n<meta name=\"twitter:label1\" content=\"Est. reading time\" \/>\n\t<meta name=\"twitter:data1\" content=\"2 minutes\" \/>\n<script type=\"application\/ld+json\" class=\"yoast-schema-graph\">{\"@context\":\"https:\\\/\\\/schema.org\",\"@graph\":[{\"@type\":\"WebPage\",\"@id\":\"https:\\\/\\\/aboutcom.com.br\\\/pt\\\/tpv-pocket\\\/\",\"url\":\"https:\\\/\\\/aboutcom.com.br\\\/pt\\\/tpv-pocket\\\/\",\"name\":\"aboutCOM | TPV Pocket\",\"isPartOf\":{\"@id\":\"https:\\\/\\\/aboutcom.com.br\\\/pt\\\/#website\"},\"primaryImageOfPage\":{\"@id\":\"https:\\\/\\\/aboutcom.com.br\\\/pt\\\/tpv-pocket\\\/#primaryimage\"},\"image\":{\"@id\":\"https:\\\/\\\/aboutcom.com.br\\\/pt\\\/tpv-pocket\\\/#primaryimage\"},\"thumbnailUrl\":\"https:\\\/\\\/aboutcom.com.br\\\/wp-content\\\/uploads\\\/2026\\\/04\\\/2-1024x536.png\",\"datePublished\":\"2026-04-16T18:09:37+00:00\",\"dateModified\":\"2026-04-16T18:32:16+00:00\",\"breadcrumb\":{\"@id\":\"https:\\\/\\\/aboutcom.com.br\\\/pt\\\/tpv-pocket\\\/#breadcrumb\"},\"inLanguage\":\"en-US\",\"potentialAction\":[{\"@type\":\"ReadAction\",\"target\":[\"https:\\\/\\\/aboutcom.com.br\\\/pt\\\/tpv-pocket\\\/\"]}]},{\"@type\":\"ImageObject\",\"inLanguage\":\"en-US\",\"@id\":\"https:\\\/\\\/aboutcom.com.br\\\/pt\\\/tpv-pocket\\\/#primaryimage\",\"url\":\"https:\\\/\\\/aboutcom.com.br\\\/wp-content\\\/uploads\\\/2026\\\/04\\\/2-1024x536.png\",\"contentUrl\":\"https:\\\/\\\/aboutcom.com.br\\\/wp-content\\\/uploads\\\/2026\\\/04\\\/2-1024x536.png\"},{\"@type\":\"BreadcrumbList\",\"@id\":\"https:\\\/\\\/aboutcom.com.br\\\/pt\\\/tpv-pocket\\\/#breadcrumb\",\"itemListElement\":[{\"@type\":\"ListItem\",\"position\":1,\"name\":\"Home\",\"item\":\"https:\\\/\\\/aboutcom.com.br\\\/pt\\\/\"},{\"@type\":\"ListItem\",\"position\":2,\"name\":\"aboutCOM | TPV Pocket\"}]},{\"@type\":\"WebSite\",\"@id\":\"https:\\\/\\\/aboutcom.com.br\\\/pt\\\/#website\",\"url\":\"https:\\\/\\\/aboutcom.com.br\\\/pt\\\/\",\"name\":\"Aboutcom\",\"description\":\"Communication Specialists\",\"publisher\":{\"@id\":\"https:\\\/\\\/aboutcom.com.br\\\/pt\\\/#organization\"},\"potentialAction\":[{\"@type\":\"SearchAction\",\"target\":{\"@type\":\"EntryPoint\",\"urlTemplate\":\"https:\\\/\\\/aboutcom.com.br\\\/pt\\\/?s={search_term_string}\"},\"query-input\":{\"@type\":\"PropertyValueSpecification\",\"valueRequired\":true,\"valueName\":\"search_term_string\"}}],\"inLanguage\":\"en-US\"},{\"@type\":\"Organization\",\"@id\":\"https:\\\/\\\/aboutcom.com.br\\\/pt\\\/#organization\",\"name\":\"Aboutcom\",\"url\":\"https:\\\/\\\/aboutcom.com.br\\\/pt\\\/\",\"logo\":{\"@type\":\"ImageObject\",\"inLanguage\":\"en-US\",\"@id\":\"https:\\\/\\\/aboutcom.com.br\\\/pt\\\/#\\\/schema\\\/logo\\\/image\\\/\",\"url\":\"https:\\\/\\\/aboutcom.com.br\\\/wp-content\\\/uploads\\\/2025\\\/08\\\/aboutCOM_LOGO-10-scaled.png\",\"contentUrl\":\"https:\\\/\\\/aboutcom.com.br\\\/wp-content\\\/uploads\\\/2025\\\/08\\\/aboutCOM_LOGO-10-scaled.png\",\"width\":2560,\"height\":786,\"caption\":\"Aboutcom\"},\"image\":{\"@id\":\"https:\\\/\\\/aboutcom.com.br\\\/pt\\\/#\\\/schema\\\/logo\\\/image\\\/\"}}]}<\/script>\n<!-- \/ Yoast SEO plugin. -->","yoast_head_json":{"title":"aboutCOM | TPV Pocket","robots":{"index":"index","follow":"follow","max-snippet":"max-snippet:-1","max-image-preview":"max-image-preview:large","max-video-preview":"max-video-preview:-1"},"canonical":"https:\/\/aboutcom.com.br\/en\/tpv-pocket\/","og_locale":"en_US","og_type":"article","og_title":"[:pt]aboutCOM | TPV Pocket[:] - Aboutcom","og_description":"TPV Pocket Nosso TPV em formato reduzido, para atender demandas de empresas que possuem at\u00e9 10 executivos para serem treinados. Programa 1 Carga hor\u00e1ria: 8h (dia inteiro) Programa 2 Carga hor\u00e1ria para sess\u00e3o presencial: 5h Carga hor\u00e1ria para sess\u00e3o online: 30 minutos","og_url":"https:\/\/aboutcom.com.br\/en\/tpv-pocket\/","og_site_name":"Aboutcom","article_modified_time":"2026-04-16T18:32:16+00:00","og_image":[{"width":1600,"height":838,"url":"https:\/\/aboutcom.com.br\/wp-content\/uploads\/2026\/04\/2.png","type":"image\/png"}],"twitter_card":"summary_large_image","twitter_misc":{"Est. reading time":"2 minutes"},"schema":{"@context":"https:\/\/schema.org","@graph":[{"@type":"WebPage","@id":"https:\/\/aboutcom.com.br\/pt\/tpv-pocket\/","url":"https:\/\/aboutcom.com.br\/pt\/tpv-pocket\/","name":"aboutCOM | TPV Pocket","isPartOf":{"@id":"https:\/\/aboutcom.com.br\/pt\/#website"},"primaryImageOfPage":{"@id":"https:\/\/aboutcom.com.br\/pt\/tpv-pocket\/#primaryimage"},"image":{"@id":"https:\/\/aboutcom.com.br\/pt\/tpv-pocket\/#primaryimage"},"thumbnailUrl":"https:\/\/aboutcom.com.br\/wp-content\/uploads\/2026\/04\/2-1024x536.png","datePublished":"2026-04-16T18:09:37+00:00","dateModified":"2026-04-16T18:32:16+00:00","breadcrumb":{"@id":"https:\/\/aboutcom.com.br\/pt\/tpv-pocket\/#breadcrumb"},"inLanguage":"en-US","potentialAction":[{"@type":"ReadAction","target":["https:\/\/aboutcom.com.br\/pt\/tpv-pocket\/"]}]},{"@type":"ImageObject","inLanguage":"en-US","@id":"https:\/\/aboutcom.com.br\/pt\/tpv-pocket\/#primaryimage","url":"https:\/\/aboutcom.com.br\/wp-content\/uploads\/2026\/04\/2-1024x536.png","contentUrl":"https:\/\/aboutcom.com.br\/wp-content\/uploads\/2026\/04\/2-1024x536.png"},{"@type":"BreadcrumbList","@id":"https:\/\/aboutcom.com.br\/pt\/tpv-pocket\/#breadcrumb","itemListElement":[{"@type":"ListItem","position":1,"name":"Home","item":"https:\/\/aboutcom.com.br\/pt\/"},{"@type":"ListItem","position":2,"name":"aboutCOM | TPV Pocket"}]},{"@type":"WebSite","@id":"https:\/\/aboutcom.com.br\/pt\/#website","url":"https:\/\/aboutcom.com.br\/pt\/","name":"Aboutcom","description":"Communication Specialists","publisher":{"@id":"https:\/\/aboutcom.com.br\/pt\/#organization"},"potentialAction":[{"@type":"SearchAction","target":{"@type":"EntryPoint","urlTemplate":"https:\/\/aboutcom.com.br\/pt\/?s={search_term_string}"},"query-input":{"@type":"PropertyValueSpecification","valueRequired":true,"valueName":"search_term_string"}}],"inLanguage":"en-US"},{"@type":"Organization","@id":"https:\/\/aboutcom.com.br\/pt\/#organization","name":"Aboutcom","url":"https:\/\/aboutcom.com.br\/pt\/","logo":{"@type":"ImageObject","inLanguage":"en-US","@id":"https:\/\/aboutcom.com.br\/pt\/#\/schema\/logo\/image\/","url":"https:\/\/aboutcom.com.br\/wp-content\/uploads\/2025\/08\/aboutCOM_LOGO-10-scaled.png","contentUrl":"https:\/\/aboutcom.com.br\/wp-content\/uploads\/2025\/08\/aboutCOM_LOGO-10-scaled.png","width":2560,"height":786,"caption":"Aboutcom"},"image":{"@id":"https:\/\/aboutcom.com.br\/pt\/#\/schema\/logo\/image\/"}}]}},"_links":{"self":[{"href":"https:\/\/aboutcom.com.br\/en\/wp-json\/wp\/v2\/pages\/2140","targetHints":{"allow":["GET"]}}],"collection":[{"href":"https:\/\/aboutcom.com.br\/en\/wp-json\/wp\/v2\/pages"}],"about":[{"href":"https:\/\/aboutcom.com.br\/en\/wp-json\/wp\/v2\/types\/page"}],"author":[{"embeddable":true,"href":"https:\/\/aboutcom.com.br\/en\/wp-json\/wp\/v2\/users\/6"}],"replies":[{"embeddable":true,"href":"https:\/\/aboutcom.com.br\/en\/wp-json\/wp\/v2\/comments?post=2140"}],"version-history":[{"count":2,"href":"https:\/\/aboutcom.com.br\/en\/wp-json\/wp\/v2\/pages\/2140\/revisions"}],"predecessor-version":[{"id":2158,"href":"https:\/\/aboutcom.com.br\/en\/wp-json\/wp\/v2\/pages\/2140\/revisions\/2158"}],"wp:attachment":[{"href":"https:\/\/aboutcom.com.br\/en\/wp-json\/wp\/v2\/media?parent=2140"}],"curies":[{"name":"wp","href":"https:\/\/api.w.org\/{rel}","templated":true}]}}