{"id":27,"date":"2019-11-14T15:12:08","date_gmt":"2019-11-14T15:12:08","guid":{"rendered":"http:\/\/aboutcom.com.br\/\/\/?page_id=27"},"modified":"2026-04-17T13:27:50","modified_gmt":"2026-04-17T13:27:50","slug":"home","status":"publish","type":"page","link":"https:\/\/aboutcom.com.br\/en\/","title":{"rendered":"Home Ingles"},"content":{"rendered":"<p>Ingl\u00eas<\/p>\n","protected":false},"excerpt":{"rendered":"<p>Ingl\u00eas<\/p>\n","protected":false},"author":1,"featured_media":0,"parent":0,"menu_order":0,"comment_status":"closed","ping_status":"closed","template":"","meta":{"_acf_changed":false,"inline_featured_image":false,"footnotes":""},"class_list":["post-27","page","type-page","status-publish","hentry"],"blocksy_meta":{"has_hero_section":"disabled","styles_descriptor":{"styles":{"desktop":"","tablet":"","mobile":""},"google_fonts":[],"version":6}},"acf":[],"yoast_head":"<!-- This site is optimized with the Yoast SEO plugin v27.4 - https:\/\/yoast.com\/product\/yoast-seo-wordpress\/ -->\n<title>Home Ingles<\/title>\n<meta name=\"description\" content=\"A aboutCOM \u00e9 uma consultoria de comunica\u00e7\u00e3o que une as melhores pr\u00e1ticas de mercado nacionais e internacionais \u00e0 vis\u00e3o de que, se cada mensagem a ser divulgada \u00e9 \u00fanica, igualmente \u00fanica tem de ser a forma como ela \u00e9 transmitida.\" \/>\n<meta name=\"robots\" content=\"index, follow, max-snippet:-1, max-image-preview:large, max-video-preview:-1\" \/>\n<link rel=\"canonical\" href=\"https:\/\/aboutcom.com.br\/en\/\" \/>\n<meta property=\"og:locale\" content=\"en_US\" \/>\n<meta property=\"og:locale:alternate\" content=\"pt_BR\" \/>\n<meta property=\"og:locale:alternate\" content=\"es_ES\" \/>\n<meta property=\"og:type\" content=\"article\" \/>\n<meta property=\"og:title\" content=\"Home Ingles\" \/>\n<meta property=\"og:description\" content=\"A aboutCOM \u00e9 uma consultoria de comunica\u00e7\u00e3o que une as melhores pr\u00e1ticas de mercado nacionais e internacionais \u00e0 vis\u00e3o de que, se cada mensagem a ser divulgada \u00e9 \u00fanica, igualmente \u00fanica tem de ser a forma como ela \u00e9 transmitida.\" \/>\n<meta property=\"og:url\" content=\"https:\/\/aboutcom.com.br\/en\/\" \/>\n<meta property=\"og:site_name\" content=\"Aboutcom\" \/>\n<meta property=\"article:modified_time\" content=\"2026-04-17T13:27:50+00:00\" \/>\n<meta property=\"og:image\" content=\"https:\/\/aboutcom.com.br\/wp-content\/uploads\/2025\/08\/Arte-abstrata.png\" \/>\n<meta name=\"twitter:card\" content=\"summary_large_image\" \/>\n<meta name=\"twitter:label1\" content=\"Est. reading time\" \/>\n\t<meta name=\"twitter:data1\" content=\"12 minutes\" \/>\n<script type=\"application\/ld+json\" class=\"yoast-schema-graph\">{\"@context\":\"https:\\\/\\\/schema.org\",\"@graph\":[{\"@type\":\"WebPage\",\"@id\":\"https:\\\/\\\/aboutcom.com.br\\\/pt\\\/\",\"url\":\"https:\\\/\\\/aboutcom.com.br\\\/pt\\\/\",\"name\":\"Home Ingles\",\"isPartOf\":{\"@id\":\"https:\\\/\\\/aboutcom.com.br\\\/pt\\\/#website\"},\"primaryImageOfPage\":{\"@id\":\"https:\\\/\\\/aboutcom.com.br\\\/pt\\\/#primaryimage\"},\"image\":{\"@id\":\"https:\\\/\\\/aboutcom.com.br\\\/pt\\\/#primaryimage\"},\"thumbnailUrl\":\"https:\\\/\\\/aboutcom.com.br\\\/wp-content\\\/uploads\\\/2025\\\/08\\\/Arte-abstrata.png\",\"datePublished\":\"2019-11-14T15:12:08+00:00\",\"dateModified\":\"2026-04-17T13:27:50+00:00\",\"description\":\"A aboutCOM \u00e9 uma consultoria de comunica\u00e7\u00e3o que une as melhores pr\u00e1ticas de mercado nacionais e internacionais \u00e0 vis\u00e3o de que, se cada mensagem a ser divulgada \u00e9 \u00fanica, igualmente \u00fanica tem de ser a forma como ela \u00e9 transmitida.\",\"breadcrumb\":{\"@id\":\"https:\\\/\\\/aboutcom.com.br\\\/pt\\\/#breadcrumb\"},\"inLanguage\":\"en-US\",\"potentialAction\":[{\"@type\":\"ReadAction\",\"target\":[\"https:\\\/\\\/aboutcom.com.br\\\/pt\\\/\"]}]},{\"@type\":\"ImageObject\",\"inLanguage\":\"en-US\",\"@id\":\"https:\\\/\\\/aboutcom.com.br\\\/pt\\\/#primaryimage\",\"url\":\"https:\\\/\\\/aboutcom.com.br\\\/wp-content\\\/uploads\\\/2025\\\/08\\\/Arte-abstrata.png\",\"contentUrl\":\"https:\\\/\\\/aboutcom.com.br\\\/wp-content\\\/uploads\\\/2025\\\/08\\\/Arte-abstrata.png\"},{\"@type\":\"BreadcrumbList\",\"@id\":\"https:\\\/\\\/aboutcom.com.br\\\/pt\\\/#breadcrumb\",\"itemListElement\":[{\"@type\":\"ListItem\",\"position\":1,\"name\":\"Home\",\"item\":\"https:\\\/\\\/aboutcom.com.br\\\/pt\\\/\"},{\"@type\":\"ListItem\",\"position\":2,\"name\":\"aboutCOM\"}]},{\"@type\":\"WebSite\",\"@id\":\"https:\\\/\\\/aboutcom.com.br\\\/pt\\\/#website\",\"url\":\"https:\\\/\\\/aboutcom.com.br\\\/pt\\\/\",\"name\":\"Aboutcom\",\"description\":\"Communication Specialists\",\"publisher\":{\"@id\":\"https:\\\/\\\/aboutcom.com.br\\\/pt\\\/#organization\"},\"potentialAction\":[{\"@type\":\"SearchAction\",\"target\":{\"@type\":\"EntryPoint\",\"urlTemplate\":\"https:\\\/\\\/aboutcom.com.br\\\/pt\\\/?s={search_term_string}\"},\"query-input\":{\"@type\":\"PropertyValueSpecification\",\"valueRequired\":true,\"valueName\":\"search_term_string\"}}],\"inLanguage\":\"en-US\"},{\"@type\":\"Organization\",\"@id\":\"https:\\\/\\\/aboutcom.com.br\\\/pt\\\/#organization\",\"name\":\"Aboutcom\",\"url\":\"https:\\\/\\\/aboutcom.com.br\\\/pt\\\/\",\"logo\":{\"@type\":\"ImageObject\",\"inLanguage\":\"en-US\",\"@id\":\"https:\\\/\\\/aboutcom.com.br\\\/pt\\\/#\\\/schema\\\/logo\\\/image\\\/\",\"url\":\"https:\\\/\\\/aboutcom.com.br\\\/wp-content\\\/uploads\\\/2025\\\/08\\\/aboutCOM_LOGO-10-scaled.png\",\"contentUrl\":\"https:\\\/\\\/aboutcom.com.br\\\/wp-content\\\/uploads\\\/2025\\\/08\\\/aboutCOM_LOGO-10-scaled.png\",\"width\":2560,\"height\":786,\"caption\":\"Aboutcom\"},\"image\":{\"@id\":\"https:\\\/\\\/aboutcom.com.br\\\/pt\\\/#\\\/schema\\\/logo\\\/image\\\/\"}}]}<\/script>\n<!-- \/ Yoast SEO plugin. -->","yoast_head_json":{"title":"Home Ingles","description":"A aboutCOM \u00e9 uma consultoria de comunica\u00e7\u00e3o que une as melhores pr\u00e1ticas de mercado nacionais e internacionais \u00e0 vis\u00e3o de que, se cada mensagem a ser divulgada \u00e9 \u00fanica, igualmente \u00fanica tem de ser a forma como ela \u00e9 transmitida.","robots":{"index":"index","follow":"follow","max-snippet":"max-snippet:-1","max-image-preview":"max-image-preview:large","max-video-preview":"max-video-preview:-1"},"canonical":"https:\/\/aboutcom.com.br\/en\/","og_locale":"en_US","og_type":"article","og_title":"[:pt][:pt]aboutCOM[:en]Home Ingles[:es]Home Espanhol[:] [:]","og_description":"[:pt]A aboutCOM \u00e9 uma consultoria de comunica\u00e7\u00e3o que une as melhores pr\u00e1ticas de mercado nacionais e internacionais \u00e0 vis\u00e3o de que, se cada mensagem a ser divulgada \u00e9 \u00fanica, igualmente \u00fanica tem de ser a forma como ela \u00e9 transmitida.[:]","og_url":"https:\/\/aboutcom.com.br\/en\/","og_site_name":"Aboutcom","article_modified_time":"2026-04-17T13:27:50+00:00","og_image":[{"url":"https:\/\/aboutcom.com.br\/wp-content\/uploads\/2025\/08\/Arte-abstrata.png","type":"","width":"","height":""}],"twitter_card":"summary_large_image","twitter_misc":{"Est. reading time":"12 minutes"},"schema":{"@context":"https:\/\/schema.org","@graph":[{"@type":"WebPage","@id":"https:\/\/aboutcom.com.br\/pt\/","url":"https:\/\/aboutcom.com.br\/pt\/","name":"Home Ingles","isPartOf":{"@id":"https:\/\/aboutcom.com.br\/pt\/#website"},"primaryImageOfPage":{"@id":"https:\/\/aboutcom.com.br\/pt\/#primaryimage"},"image":{"@id":"https:\/\/aboutcom.com.br\/pt\/#primaryimage"},"thumbnailUrl":"https:\/\/aboutcom.com.br\/wp-content\/uploads\/2025\/08\/Arte-abstrata.png","datePublished":"2019-11-14T15:12:08+00:00","dateModified":"2026-04-17T13:27:50+00:00","description":"A aboutCOM \u00e9 uma consultoria de comunica\u00e7\u00e3o que une as melhores pr\u00e1ticas de mercado nacionais e internacionais \u00e0 vis\u00e3o de que, se cada mensagem a ser divulgada \u00e9 \u00fanica, igualmente \u00fanica tem de ser a forma como ela \u00e9 transmitida.","breadcrumb":{"@id":"https:\/\/aboutcom.com.br\/pt\/#breadcrumb"},"inLanguage":"en-US","potentialAction":[{"@type":"ReadAction","target":["https:\/\/aboutcom.com.br\/pt\/"]}]},{"@type":"ImageObject","inLanguage":"en-US","@id":"https:\/\/aboutcom.com.br\/pt\/#primaryimage","url":"https:\/\/aboutcom.com.br\/wp-content\/uploads\/2025\/08\/Arte-abstrata.png","contentUrl":"https:\/\/aboutcom.com.br\/wp-content\/uploads\/2025\/08\/Arte-abstrata.png"},{"@type":"BreadcrumbList","@id":"https:\/\/aboutcom.com.br\/pt\/#breadcrumb","itemListElement":[{"@type":"ListItem","position":1,"name":"Home","item":"https:\/\/aboutcom.com.br\/pt\/"},{"@type":"ListItem","position":2,"name":"aboutCOM"}]},{"@type":"WebSite","@id":"https:\/\/aboutcom.com.br\/pt\/#website","url":"https:\/\/aboutcom.com.br\/pt\/","name":"Aboutcom","description":"Communication Specialists","publisher":{"@id":"https:\/\/aboutcom.com.br\/pt\/#organization"},"potentialAction":[{"@type":"SearchAction","target":{"@type":"EntryPoint","urlTemplate":"https:\/\/aboutcom.com.br\/pt\/?s={search_term_string}"},"query-input":{"@type":"PropertyValueSpecification","valueRequired":true,"valueName":"search_term_string"}}],"inLanguage":"en-US"},{"@type":"Organization","@id":"https:\/\/aboutcom.com.br\/pt\/#organization","name":"Aboutcom","url":"https:\/\/aboutcom.com.br\/pt\/","logo":{"@type":"ImageObject","inLanguage":"en-US","@id":"https:\/\/aboutcom.com.br\/pt\/#\/schema\/logo\/image\/","url":"https:\/\/aboutcom.com.br\/wp-content\/uploads\/2025\/08\/aboutCOM_LOGO-10-scaled.png","contentUrl":"https:\/\/aboutcom.com.br\/wp-content\/uploads\/2025\/08\/aboutCOM_LOGO-10-scaled.png","width":2560,"height":786,"caption":"Aboutcom"},"image":{"@id":"https:\/\/aboutcom.com.br\/pt\/#\/schema\/logo\/image\/"}}]}},"_links":{"self":[{"href":"https:\/\/aboutcom.com.br\/en\/wp-json\/wp\/v2\/pages\/27","targetHints":{"allow":["GET"]}}],"collection":[{"href":"https:\/\/aboutcom.com.br\/en\/wp-json\/wp\/v2\/pages"}],"about":[{"href":"https:\/\/aboutcom.com.br\/en\/wp-json\/wp\/v2\/types\/page"}],"author":[{"embeddable":true,"href":"https:\/\/aboutcom.com.br\/en\/wp-json\/wp\/v2\/users\/1"}],"replies":[{"embeddable":true,"href":"https:\/\/aboutcom.com.br\/en\/wp-json\/wp\/v2\/comments?post=27"}],"version-history":[{"count":5,"href":"https:\/\/aboutcom.com.br\/en\/wp-json\/wp\/v2\/pages\/27\/revisions"}],"predecessor-version":[{"id":2175,"href":"https:\/\/aboutcom.com.br\/en\/wp-json\/wp\/v2\/pages\/27\/revisions\/2175"}],"wp:attachment":[{"href":"https:\/\/aboutcom.com.br\/en\/wp-json\/wp\/v2\/media?parent=27"}],"curies":[{"name":"wp","href":"https:\/\/api.w.org\/{rel}","templated":true}]}}