{"id":29,"date":"2019-11-14T15:12:23","date_gmt":"2019-11-14T15:12:23","guid":{"rendered":"http:\/\/aboutcom.com.br\/\/\/?page_id=29"},"modified":"2025-09-10T14:36:10","modified_gmt":"2025-09-10T14:36:10","slug":"t2h","status":"publish","type":"page","link":"https:\/\/aboutcom.com.br\/en\/t2h\/","title":{"rendered":"T2H"},"content":{"rendered":"\n<div class=\"wp-block-columns are-vertically-aligned-center is-layout-flex wp-container-core-columns-is-layout-28f84493 wp-block-columns-is-layout-flex\">\n<div class=\"wp-block-column is-layout-flow wp-block-column-is-layout-flow\" style=\"flex-basis:33.34%\"><\/div>\n\n\n\n<div class=\"wp-block-column is-vertically-aligned-center has-border-color has-palette-color-7-background-color has-background is-layout-flow wp-container-core-column-is-layout-b2a27621 wp-block-column-is-layout-flow\" style=\"border-color:var(--theme-palette-color-7, #a1a0a0);border-width:10px;border-radius:50px;padding-top:0;padding-right:0;padding-bottom:0;padding-left:0;flex-basis:200%\">\n<h2 class=\"wp-block-heading has-text-align-center has-palette-color-8-color has-text-color has-link-color wp-elements-02e542f23e8a2b9d7747b35717be85c5\">Manifesto T2H<\/h2>\n\n\n\n<p class=\"has-text-align-center has-palette-color-8-color has-text-color has-link-color wp-elements-8b2b5b8ca9fe6dd3075c5d063ff3e320\" style=\"border-style:none;border-width:0px;font-size:clamp(14px, 0.875rem + ((1vw - 3.2px) * 0.234), 17px);line-height:1.8\">RELACIONAMENTO.<br>Esta \u00e9 a palavra que permeia a aboutCOM desde seu nascimento. O foco em tecnologia e suas particularidades foi natural &#8211; e cresceu \u00e0 medida em que este assunto passou a permear muito a forma como nos relacionamos tamb\u00e9m.<\/p>\n\n\n\n<p class=\"has-text-align-center has-palette-color-8-color has-text-color has-link-color wp-elements-2543131ae57e26c7de342b2d10eb7cea\" style=\"border-style:none;border-width:0px;font-size:clamp(14px, 0.875rem + ((1vw - 3.2px) * 0.234), 17px);line-height:1.8\">O nosso discurso sempre foi H2H (human to human) ainda que o grande foco siga com o mercado B2B (business to business). Sempre foi sobre encontrar as reais necessidades dentro de cada empresa atendida e adequar nosso trabalho para que a comunica\u00e7\u00e3o mais fluida com seus p\u00fablicos repercuta em seus neg\u00f3cios. E fazemos isso nos apoiando nas ferramentas mais atuais de comunica\u00e7\u00e3o e marketing. Entendemos que criar e estreitar relacionamentos, est\u00e1 muito mais em encontrar o lado humano de cada inova\u00e7\u00e3o, j\u00e1 est\u00e1 e ser\u00e1 cada vez mais Tech 2 Human.<\/p>\n<\/div>\n\n\n\n<div class=\"wp-block-column is-layout-flow wp-block-column-is-layout-flow\" style=\"flex-basis:33.33%\"><\/div>\n<\/div>\n\n\n\n<div class=\"wp-block-columns are-vertically-aligned-center is-layout-flex wp-container-core-columns-is-layout-28f84493 wp-block-columns-is-layout-flex\">\n<div class=\"wp-block-column is-vertically-aligned-center is-layout-flow wp-block-column-is-layout-flow\" style=\"flex-basis:66.66%\">\n<h2 class=\"wp-block-heading\">Metodologia T2H<\/h2>\n\n\n\n<h5 class=\"wp-block-heading has-palette-color-10-color has-text-color has-link-color wp-elements-ba61189694ec9325f9bd82e5f3f943f9\"><strong>A jornada de transforma\u00e7\u00e3o da comunica\u00e7\u00e3o da sua empresa.<\/strong><\/h5>\n\n\n\n<p>Passando por cada etapa da metodologia T2H, sua empresa vai ver:<\/p>\n\n\n\n<ul class=\"wp-block-list\">\n<li><strong><span style=\"color: #f58634\">Integra\u00e7\u00e3o real entre todas as ferramentas de comunica\u00e7\u00e3o<\/span><\/strong> utilizadas pela empresa<\/li>\n\n\n\n<li>Plano de <strong><span style=\"color: #3e4095\">comunica\u00e7\u00e3o voltado aos objetivos reais de neg\u00f3cios<\/span><\/strong><\/li>\n\n\n\n<li>Personas atingidas com <strong><span style=\"color: #a53692\">empatia<\/span><\/strong><\/li>\n\n\n\n<li><strong><span style=\"color: #ed3237\">Conversas consistentes <\/span><\/strong>e de valor em canais diferentes<\/li>\n\n\n\n<li><strong><span style=\"color: #ffdd21\">Readequa\u00e7\u00e3o<\/span><\/strong> das mensagens e canais de acordo com as <strong><span style=\"color: #ffdd21\">mudan\u00e7as e moderniza\u00e7\u00f5es <\/span><\/strong>das demandas de mercado<\/li>\n<\/ul>\n<\/div>\n\n\n\n<div class=\"wp-block-column is-vertically-aligned-center is-layout-flow wp-block-column-is-layout-flow\" style=\"flex-basis:33.33%\">\n<figure class=\"wp-block-image size-large\"><img loading=\"lazy\" decoding=\"async\" width=\"1024\" height=\"745\" src=\"https:\/\/aboutcom.com.br\/wp-content\/uploads\/2025\/08\/t2h-foto-1-1024x745.png\" alt=\"Metodologia em comunica\u00e7\u00e3o\" class=\"wp-image-1772\" srcset=\"https:\/\/aboutcom.com.br\/wp-content\/uploads\/2025\/08\/t2h-foto-1-1024x745.png 1024w, https:\/\/aboutcom.com.br\/wp-content\/uploads\/2025\/08\/t2h-foto-1-300x218.png 300w, https:\/\/aboutcom.com.br\/wp-content\/uploads\/2025\/08\/t2h-foto-1-768x559.png 768w, https:\/\/aboutcom.com.br\/wp-content\/uploads\/2025\/08\/t2h-foto-1-500x364.png 500w, https:\/\/aboutcom.com.br\/wp-content\/uploads\/2025\/08\/t2h-foto-1.png 1405w\" sizes=\"auto, (max-width: 1024px) 100vw, 1024px\" \/><\/figure>\n<\/div>\n<\/div>\n\n\n\n<figure class=\"wp-block-image aligncenter size-full\"><img loading=\"lazy\" decoding=\"async\" width=\"1920\" height=\"1080\" src=\"https:\/\/aboutcom.com.br\/wp-content\/uploads\/2025\/08\/linhadotempo.png\" alt=\"Metodologia T2H explicada em linha do tempo pelas engrenagens\" class=\"wp-image-1774\" srcset=\"https:\/\/aboutcom.com.br\/wp-content\/uploads\/2025\/08\/linhadotempo.png 1920w, https:\/\/aboutcom.com.br\/wp-content\/uploads\/2025\/08\/linhadotempo-300x169.png 300w, https:\/\/aboutcom.com.br\/wp-content\/uploads\/2025\/08\/linhadotempo-1024x576.png 1024w, https:\/\/aboutcom.com.br\/wp-content\/uploads\/2025\/08\/linhadotempo-768x432.png 768w, https:\/\/aboutcom.com.br\/wp-content\/uploads\/2025\/08\/linhadotempo-1536x864.png 1536w, https:\/\/aboutcom.com.br\/wp-content\/uploads\/2025\/08\/linhadotempo-500x281.png 500w\" sizes=\"auto, (max-width: 1920px) 100vw, 1920px\" \/><\/figure>\n\n\n\n<div class=\"wp-block-buttons is-layout-flex wp-block-buttons-is-layout-flex\">\n<div class=\"wp-block-button\"><a class=\"wp-block-button__link wp-element-button\" href=\"https:\/\/aboutcom.com.br\/pt\/servicos\/\">Saiba tudo que a aboutCOM pode fazer pela sua empresa.<\/a><\/div>\n<\/div>\n\n\n\n<p><\/p>\n","protected":false},"excerpt":{"rendered":"<p>Manifesto T2H RELACIONAMENTO.Esta \u00e9 a palavra que permeia a aboutCOM desde seu nascimento. O foco em tecnologia e suas particularidades foi natural &#8211; e cresceu \u00e0 medida em que este assunto passou a permear muito a forma como nos relacionamos tamb\u00e9m. O nosso discurso sempre foi H2H (human to human) ainda que o grande foco [&hellip;]<\/p>\n","protected":false},"author":1,"featured_media":0,"parent":0,"menu_order":0,"comment_status":"closed","ping_status":"closed","template":"","meta":{"_acf_changed":false,"inline_featured_image":false,"footnotes":""},"class_list":["post-29","page","type-page","status-publish","hentry"],"blocksy_meta":{"has_hero_section":"disabled","styles_descriptor":{"styles":{"desktop":"","tablet":"","mobile":""},"google_fonts":[],"version":6}},"acf":[],"yoast_head":"<!-- This site is optimized with the Yoast SEO plugin v27.3 - https:\/\/yoast.com\/product\/yoast-seo-wordpress\/ -->\n<title>T2H<\/title>\n<meta name=\"description\" content=\"Tech 2 human \u00e9 falar sobre a tecnologia sem \u2018tecniqu\u00eas\u2019 e mostrando o real impacto \u2013 positivo ou negativo \u2013 que ela tem em nossas vidas. Essa \u00e9 a metodologia utilizada pela aboutCOM\" \/>\n<meta name=\"robots\" content=\"index, follow, max-snippet:-1, max-image-preview:large, max-video-preview:-1\" \/>\n<link rel=\"canonical\" href=\"https:\/\/aboutcom.com.br\/en\/t2h\/\" \/>\n<meta property=\"og:locale\" content=\"en_US\" \/>\n<meta property=\"og:locale:alternate\" content=\"pt_BR\" \/>\n<meta property=\"og:locale:alternate\" content=\"es_ES\" \/>\n<meta property=\"og:type\" content=\"article\" \/>\n<meta property=\"og:title\" content=\"T2H\" \/>\n<meta property=\"og:description\" content=\"Tech 2 human \u00e9 falar sobre a tecnologia sem \u2018tecniqu\u00eas\u2019 e mostrando o real impacto \u2013 positivo ou negativo \u2013 que ela tem em nossas vidas. Essa \u00e9 a metodologia utilizada pela aboutCOM\" \/>\n<meta property=\"og:url\" content=\"https:\/\/aboutcom.com.br\/en\/t2h\/\" \/>\n<meta property=\"og:site_name\" content=\"Aboutcom\" \/>\n<meta property=\"article:modified_time\" content=\"2025-09-10T14:36:10+00:00\" \/>\n<meta property=\"og:image\" content=\"https:\/\/aboutcom.com.br\/wp-content\/uploads\/2025\/08\/t2h-foto-1.png\" \/>\n\t<meta property=\"og:image:width\" content=\"1405\" \/>\n\t<meta property=\"og:image:height\" content=\"1022\" \/>\n\t<meta property=\"og:image:type\" content=\"image\/png\" \/>\n<meta name=\"twitter:card\" content=\"summary_large_image\" \/>\n<meta name=\"twitter:label1\" content=\"Est. reading time\" \/>\n\t<meta name=\"twitter:data1\" content=\"3 minutes\" \/>\n<script type=\"application\/ld+json\" class=\"yoast-schema-graph\">{\"@context\":\"https:\\\/\\\/schema.org\",\"@graph\":[{\"@type\":\"WebPage\",\"@id\":\"https:\\\/\\\/aboutcom.com.br\\\/pt\\\/t2h\\\/\",\"url\":\"https:\\\/\\\/aboutcom.com.br\\\/pt\\\/t2h\\\/\",\"name\":\"T2H\",\"isPartOf\":{\"@id\":\"https:\\\/\\\/aboutcom.com.br\\\/pt\\\/#website\"},\"primaryImageOfPage\":{\"@id\":\"https:\\\/\\\/aboutcom.com.br\\\/pt\\\/t2h\\\/#primaryimage\"},\"image\":{\"@id\":\"https:\\\/\\\/aboutcom.com.br\\\/pt\\\/t2h\\\/#primaryimage\"},\"thumbnailUrl\":\"https:\\\/\\\/aboutcom.com.br\\\/wp-content\\\/uploads\\\/2025\\\/08\\\/t2h-foto-1-1024x745.png\",\"datePublished\":\"2019-11-14T15:12:23+00:00\",\"dateModified\":\"2025-09-10T14:36:10+00:00\",\"description\":\"Tech 2 human \u00e9 falar sobre a tecnologia sem \u2018tecniqu\u00eas\u2019 e mostrando o real impacto \u2013 positivo ou negativo \u2013 que ela tem em nossas vidas. Essa \u00e9 a metodologia utilizada pela aboutCOM\",\"breadcrumb\":{\"@id\":\"https:\\\/\\\/aboutcom.com.br\\\/pt\\\/t2h\\\/#breadcrumb\"},\"inLanguage\":\"en-US\",\"potentialAction\":[{\"@type\":\"ReadAction\",\"target\":[\"https:\\\/\\\/aboutcom.com.br\\\/pt\\\/t2h\\\/\"]}]},{\"@type\":\"ImageObject\",\"inLanguage\":\"en-US\",\"@id\":\"https:\\\/\\\/aboutcom.com.br\\\/pt\\\/t2h\\\/#primaryimage\",\"url\":\"https:\\\/\\\/aboutcom.com.br\\\/wp-content\\\/uploads\\\/2025\\\/08\\\/t2h-foto-1-1024x745.png\",\"contentUrl\":\"https:\\\/\\\/aboutcom.com.br\\\/wp-content\\\/uploads\\\/2025\\\/08\\\/t2h-foto-1-1024x745.png\"},{\"@type\":\"BreadcrumbList\",\"@id\":\"https:\\\/\\\/aboutcom.com.br\\\/pt\\\/t2h\\\/#breadcrumb\",\"itemListElement\":[{\"@type\":\"ListItem\",\"position\":1,\"name\":\"Home\",\"item\":\"https:\\\/\\\/aboutcom.com.br\\\/pt\\\/\"},{\"@type\":\"ListItem\",\"position\":2,\"name\":\"aboutCOM | Tech 2 Human\"}]},{\"@type\":\"WebSite\",\"@id\":\"https:\\\/\\\/aboutcom.com.br\\\/pt\\\/#website\",\"url\":\"https:\\\/\\\/aboutcom.com.br\\\/pt\\\/\",\"name\":\"Aboutcom\",\"description\":\"Communication Specialists\",\"publisher\":{\"@id\":\"https:\\\/\\\/aboutcom.com.br\\\/pt\\\/#organization\"},\"potentialAction\":[{\"@type\":\"SearchAction\",\"target\":{\"@type\":\"EntryPoint\",\"urlTemplate\":\"https:\\\/\\\/aboutcom.com.br\\\/pt\\\/?s={search_term_string}\"},\"query-input\":{\"@type\":\"PropertyValueSpecification\",\"valueRequired\":true,\"valueName\":\"search_term_string\"}}],\"inLanguage\":\"en-US\"},{\"@type\":\"Organization\",\"@id\":\"https:\\\/\\\/aboutcom.com.br\\\/pt\\\/#organization\",\"name\":\"Aboutcom\",\"url\":\"https:\\\/\\\/aboutcom.com.br\\\/pt\\\/\",\"logo\":{\"@type\":\"ImageObject\",\"inLanguage\":\"en-US\",\"@id\":\"https:\\\/\\\/aboutcom.com.br\\\/pt\\\/#\\\/schema\\\/logo\\\/image\\\/\",\"url\":\"https:\\\/\\\/aboutcom.com.br\\\/wp-content\\\/uploads\\\/2025\\\/08\\\/aboutCOM_LOGO-10-scaled.png\",\"contentUrl\":\"https:\\\/\\\/aboutcom.com.br\\\/wp-content\\\/uploads\\\/2025\\\/08\\\/aboutCOM_LOGO-10-scaled.png\",\"width\":2560,\"height\":786,\"caption\":\"Aboutcom\"},\"image\":{\"@id\":\"https:\\\/\\\/aboutcom.com.br\\\/pt\\\/#\\\/schema\\\/logo\\\/image\\\/\"}}]}<\/script>\n<!-- \/ Yoast SEO plugin. -->","yoast_head_json":{"title":"T2H","description":"Tech 2 human \u00e9 falar sobre a tecnologia sem \u2018tecniqu\u00eas\u2019 e mostrando o real impacto \u2013 positivo ou negativo \u2013 que ela tem em nossas vidas. Essa \u00e9 a metodologia utilizada pela aboutCOM","robots":{"index":"index","follow":"follow","max-snippet":"max-snippet:-1","max-image-preview":"max-image-preview:large","max-video-preview":"max-video-preview:-1"},"canonical":"https:\/\/aboutcom.com.br\/en\/t2h\/","og_locale":"en_US","og_type":"article","og_title":"[:pt]aboutCOM | Tech 2 Human[:en]T2H[:es]T2H[:] - Aboutcom","og_description":"Tech 2 human \u00e9 falar sobre a tecnologia sem \u2018tecniqu\u00eas\u2019 e mostrando o real impacto \u2013 positivo ou negativo \u2013 que ela tem em nossas vidas. Essa \u00e9 a metodologia utilizada pela aboutCOM","og_url":"https:\/\/aboutcom.com.br\/en\/t2h\/","og_site_name":"Aboutcom","article_modified_time":"2025-09-10T14:36:10+00:00","og_image":[{"width":1405,"height":1022,"url":"https:\/\/aboutcom.com.br\/wp-content\/uploads\/2025\/08\/t2h-foto-1.png","type":"image\/png"}],"twitter_card":"summary_large_image","twitter_misc":{"Est. reading time":"3 minutes"},"schema":{"@context":"https:\/\/schema.org","@graph":[{"@type":"WebPage","@id":"https:\/\/aboutcom.com.br\/pt\/t2h\/","url":"https:\/\/aboutcom.com.br\/pt\/t2h\/","name":"T2H","isPartOf":{"@id":"https:\/\/aboutcom.com.br\/pt\/#website"},"primaryImageOfPage":{"@id":"https:\/\/aboutcom.com.br\/pt\/t2h\/#primaryimage"},"image":{"@id":"https:\/\/aboutcom.com.br\/pt\/t2h\/#primaryimage"},"thumbnailUrl":"https:\/\/aboutcom.com.br\/wp-content\/uploads\/2025\/08\/t2h-foto-1-1024x745.png","datePublished":"2019-11-14T15:12:23+00:00","dateModified":"2025-09-10T14:36:10+00:00","description":"Tech 2 human \u00e9 falar sobre a tecnologia sem \u2018tecniqu\u00eas\u2019 e mostrando o real impacto \u2013 positivo ou negativo \u2013 que ela tem em nossas vidas. Essa \u00e9 a metodologia utilizada pela aboutCOM","breadcrumb":{"@id":"https:\/\/aboutcom.com.br\/pt\/t2h\/#breadcrumb"},"inLanguage":"en-US","potentialAction":[{"@type":"ReadAction","target":["https:\/\/aboutcom.com.br\/pt\/t2h\/"]}]},{"@type":"ImageObject","inLanguage":"en-US","@id":"https:\/\/aboutcom.com.br\/pt\/t2h\/#primaryimage","url":"https:\/\/aboutcom.com.br\/wp-content\/uploads\/2025\/08\/t2h-foto-1-1024x745.png","contentUrl":"https:\/\/aboutcom.com.br\/wp-content\/uploads\/2025\/08\/t2h-foto-1-1024x745.png"},{"@type":"BreadcrumbList","@id":"https:\/\/aboutcom.com.br\/pt\/t2h\/#breadcrumb","itemListElement":[{"@type":"ListItem","position":1,"name":"Home","item":"https:\/\/aboutcom.com.br\/pt\/"},{"@type":"ListItem","position":2,"name":"aboutCOM | Tech 2 Human"}]},{"@type":"WebSite","@id":"https:\/\/aboutcom.com.br\/pt\/#website","url":"https:\/\/aboutcom.com.br\/pt\/","name":"Aboutcom","description":"Communication Specialists","publisher":{"@id":"https:\/\/aboutcom.com.br\/pt\/#organization"},"potentialAction":[{"@type":"SearchAction","target":{"@type":"EntryPoint","urlTemplate":"https:\/\/aboutcom.com.br\/pt\/?s={search_term_string}"},"query-input":{"@type":"PropertyValueSpecification","valueRequired":true,"valueName":"search_term_string"}}],"inLanguage":"en-US"},{"@type":"Organization","@id":"https:\/\/aboutcom.com.br\/pt\/#organization","name":"Aboutcom","url":"https:\/\/aboutcom.com.br\/pt\/","logo":{"@type":"ImageObject","inLanguage":"en-US","@id":"https:\/\/aboutcom.com.br\/pt\/#\/schema\/logo\/image\/","url":"https:\/\/aboutcom.com.br\/wp-content\/uploads\/2025\/08\/aboutCOM_LOGO-10-scaled.png","contentUrl":"https:\/\/aboutcom.com.br\/wp-content\/uploads\/2025\/08\/aboutCOM_LOGO-10-scaled.png","width":2560,"height":786,"caption":"Aboutcom"},"image":{"@id":"https:\/\/aboutcom.com.br\/pt\/#\/schema\/logo\/image\/"}}]}},"_links":{"self":[{"href":"https:\/\/aboutcom.com.br\/en\/wp-json\/wp\/v2\/pages\/29","targetHints":{"allow":["GET"]}}],"collection":[{"href":"https:\/\/aboutcom.com.br\/en\/wp-json\/wp\/v2\/pages"}],"about":[{"href":"https:\/\/aboutcom.com.br\/en\/wp-json\/wp\/v2\/types\/page"}],"author":[{"embeddable":true,"href":"https:\/\/aboutcom.com.br\/en\/wp-json\/wp\/v2\/users\/1"}],"replies":[{"embeddable":true,"href":"https:\/\/aboutcom.com.br\/en\/wp-json\/wp\/v2\/comments?post=29"}],"version-history":[{"count":5,"href":"https:\/\/aboutcom.com.br\/en\/wp-json\/wp\/v2\/pages\/29\/revisions"}],"predecessor-version":[{"id":1980,"href":"https:\/\/aboutcom.com.br\/en\/wp-json\/wp\/v2\/pages\/29\/revisions\/1980"}],"wp:attachment":[{"href":"https:\/\/aboutcom.com.br\/en\/wp-json\/wp\/v2\/media?parent=29"}],"curies":[{"name":"wp","href":"https:\/\/api.w.org\/{rel}","templated":true}]}}