{"id":2146,"date":"2026-04-16T18:13:49","date_gmt":"2026-04-16T18:13:49","guid":{"rendered":"https:\/\/aboutcom.com.br\/pt\/?page_id=2146"},"modified":"2026-04-16T18:56:32","modified_gmt":"2026-04-16T18:56:32","slug":"falas-impacto","status":"publish","type":"page","link":"https:\/\/aboutcom.com.br\/es\/falas-impacto\/","title":{"rendered":"aboutCOM | Falas de Impacto"},"content":{"rendered":"\n<div class=\"wp-block-columns is-layout-flex wp-container-core-columns-is-layout-28f84493 wp-block-columns-is-layout-flex\">\n<div class=\"wp-block-column is-vertically-aligned-center is-layout-flow wp-block-column-is-layout-flow\">\n<figure class=\"wp-block-image size-large has-custom-border\"><img loading=\"lazy\" decoding=\"async\" width=\"1024\" height=\"536\" src=\"https:\/\/aboutcom.com.br\/wp-content\/uploads\/2026\/04\/5-1024x536.png\" alt=\"\" class=\"wp-image-2112\" style=\"border-top-left-radius:35px;border-top-right-radius:35px;border-bottom-left-radius:35px;border-bottom-right-radius:35px\" srcset=\"https:\/\/aboutcom.com.br\/wp-content\/uploads\/2026\/04\/5-1024x536.png 1024w, https:\/\/aboutcom.com.br\/wp-content\/uploads\/2026\/04\/5-300x157.png 300w, https:\/\/aboutcom.com.br\/wp-content\/uploads\/2026\/04\/5-768x402.png 768w, https:\/\/aboutcom.com.br\/wp-content\/uploads\/2026\/04\/5-1536x804.png 1536w, https:\/\/aboutcom.com.br\/wp-content\/uploads\/2026\/04\/5-500x262.png 500w, https:\/\/aboutcom.com.br\/wp-content\/uploads\/2026\/04\/5.png 1600w\" sizes=\"auto, (max-width: 1024px) 100vw, 1024px\" \/><\/figure>\n<\/div>\n\n\n\n<div class=\"wp-block-column is-vertically-aligned-top is-layout-flow wp-block-column-is-layout-flow\">\n<h3 class=\"wp-block-heading has-palette-color-2-color has-text-color has-link-color wp-elements-03902680f23307cb499bd95b8633e5a5\">Falas de impacto<\/h3>\n\n\n\n<p class=\"has-medium-font-size\"><strong>Dura\u00e7\u00e3o: 1h30<\/strong><\/p>\n\n\n\n<p class=\"has-medium-font-size\">Representar a sua empresa hoje vai muito al\u00e9m de dar entrevistas ou participar de reuni\u00f5es e<em> town halls<\/em>. Os eventos exigem palestrantes cada vez mais capacitados para compartilhar seus conhecimentos para al\u00e9m dos produtos da sua empresa e, neste treinamento, daremos dicas de como fazer isso.<\/p>\n<\/div>\n<\/div>\n\n\n\n<div class=\"wp-block-columns are-vertically-aligned-center has-palette-color-8-color has-palette-color-2-background-color has-text-color has-background has-link-color wp-elements-fec43db351f4796fdab6066b652b08b9 is-layout-flex wp-container-core-columns-is-layout-28f84493 wp-block-columns-is-layout-flex\" style=\"border-top-left-radius:35px;border-top-right-radius:35px;border-bottom-left-radius:35px;border-bottom-right-radius:35px\">\n<div class=\"wp-block-column is-vertically-aligned-center is-layout-flow wp-block-column-is-layout-flow\" style=\"border-style:none;border-width:0px;padding-right:0;padding-left:0\">\n<h4 class=\"wp-block-heading has-palette-color-8-color has-text-color has-link-color wp-elements-0fa24dfb9d8d4e22a0c296f0a280f092\">Inclui:<\/h4>\n\n\n\n<ul class=\"wp-block-list\">\n<li class=\"has-palette-color-8-color has-text-color has-link-color has-medium-font-size wp-elements-70125181f0a66e88237b77c59c1f3990\">Palestra de impacto: pr\u00e1ticas e refer\u00eancias<\/li>\n\n\n\n<li class=\"has-palette-color-8-color has-text-color has-link-color has-medium-font-size wp-elements-f23a026f691bc6729959a0403bc7cca1\">O que podemos e devemos aplicar no universo corporativo e profissional<\/li>\n\n\n\n<li class=\"has-palette-color-8-color has-text-color has-link-color has-medium-font-size wp-elements-5d85a9208905762c6f0d06ff9aebb876\">Como prender a audi\u00eancia: falhas e armadilhas comuns<\/li>\n\n\n\n<li class=\"has-palette-color-8-color has-text-color has-link-color has-medium-font-size wp-elements-b5221cf4b8589b9ed225005bc8551544\">Como definir a ideia central da sua palestra (e que importe n\u00e3o somente a voc\u00ea mesmo)<\/li>\n\n\n\n<li class=\"has-palette-color-8-color has-text-color has-link-color has-medium-font-size wp-elements-72301b6d6310784def716053604ea35a\">O que existe al\u00e9m da linguagem verbal<\/li>\n\n\n\n<li class=\"has-palette-color-8-color has-text-color has-link-color has-medium-font-size wp-elements-cd4ab9b860cd077f0572cef23145940b\">Como se preparar para palestras, mesas redondas e <em>master classes<\/em><\/li>\n<\/ul>\n<\/div>\n<\/div>\n\n\n\n<div style=\"height:60px\" aria-hidden=\"true\" class=\"wp-block-spacer\"><\/div>\n\n\n\n<hr class=\"wp-block-separator alignwide has-alpha-channel-opacity\"\/>\n\n\n\n<div class=\"wp-block-buttons is-content-justification-center is-layout-flex wp-container-core-buttons-is-layout-a89b3969 wp-block-buttons-is-layout-flex\">\n<div class=\"wp-block-button\"><a class=\"wp-block-button__link has-medium-font-size has-custom-font-size wp-element-button\" href=\"https:\/\/aboutcom.com.br\/pt\/treinamentos-corporativos\/\">Treinamentos Corporativos aboutCOM<\/a><\/div>\n<\/div>\n\n\n\n<div class=\"wp-block-columns are-vertically-aligned-center is-layout-flex wp-container-core-columns-is-layout-28f84493 wp-block-columns-is-layout-flex\">\n<div class=\"wp-block-column is-vertically-aligned-center is-layout-flow wp-block-column-is-layout-flow\" style=\"flex-basis:35%\">\n<figure class=\"wp-block-image aligncenter size-large is-resized has-custom-border\"><a href=\"https:\/\/aboutcom.com.br\/pt\/programa-tpv\/\"><img loading=\"lazy\" decoding=\"async\" width=\"1024\" height=\"536\" src=\"https:\/\/aboutcom.com.br\/wp-content\/uploads\/2026\/04\/1-1024x536.png\" alt=\"\" class=\"wp-image-2108\" style=\"border-top-left-radius:35px;border-top-right-radius:35px;border-bottom-left-radius:35px;border-bottom-right-radius:35px;aspect-ratio:1.9104928082999293;object-fit:cover;width:400px\" srcset=\"https:\/\/aboutcom.com.br\/wp-content\/uploads\/2026\/04\/1-1024x536.png 1024w, https:\/\/aboutcom.com.br\/wp-content\/uploads\/2026\/04\/1-300x157.png 300w, https:\/\/aboutcom.com.br\/wp-content\/uploads\/2026\/04\/1-768x402.png 768w, https:\/\/aboutcom.com.br\/wp-content\/uploads\/2026\/04\/1-1536x804.png 1536w, https:\/\/aboutcom.com.br\/wp-content\/uploads\/2026\/04\/1-500x262.png 500w, https:\/\/aboutcom.com.br\/wp-content\/uploads\/2026\/04\/1.png 1600w\" sizes=\"auto, (max-width: 1024px) 100vw, 1024px\" \/><\/a><\/figure>\n<\/div>\n\n\n\n<div class=\"wp-block-column is-vertically-aligned-center is-layout-flow wp-block-column-is-layout-flow\" style=\"flex-basis:35%\">\n<figure class=\"wp-block-image aligncenter size-large is-resized has-custom-border\"><a href=\"https:\/\/aboutcom.com.br\/pt\/tpv-pocket\/\"><img loading=\"lazy\" decoding=\"async\" width=\"1024\" height=\"536\" src=\"https:\/\/aboutcom.com.br\/wp-content\/uploads\/2026\/04\/2-1024x536.png\" alt=\"\" class=\"wp-image-2109\" style=\"border-top-left-radius:35px;border-top-right-radius:35px;border-bottom-left-radius:35px;border-bottom-right-radius:35px;aspect-ratio:1.9104928082999293;object-fit:cover;width:400px\" srcset=\"https:\/\/aboutcom.com.br\/wp-content\/uploads\/2026\/04\/2-1024x536.png 1024w, https:\/\/aboutcom.com.br\/wp-content\/uploads\/2026\/04\/2-300x157.png 300w, https:\/\/aboutcom.com.br\/wp-content\/uploads\/2026\/04\/2-768x402.png 768w, https:\/\/aboutcom.com.br\/wp-content\/uploads\/2026\/04\/2-1536x804.png 1536w, https:\/\/aboutcom.com.br\/wp-content\/uploads\/2026\/04\/2-500x262.png 500w, https:\/\/aboutcom.com.br\/wp-content\/uploads\/2026\/04\/2.png 1600w\" sizes=\"auto, (max-width: 1024px) 100vw, 1024px\" \/><\/a><\/figure>\n<\/div>\n\n\n\n<div class=\"wp-block-column is-vertically-aligned-center is-layout-flow wp-block-column-is-layout-flow\" style=\"flex-basis:35%\">\n<figure class=\"wp-block-image aligncenter size-large is-resized has-custom-border\"><a href=\"https:\/\/aboutcom.com.br\/pt\/marca-pessoal-posicionamento\/\"><img loading=\"lazy\" decoding=\"async\" width=\"1024\" height=\"536\" src=\"https:\/\/aboutcom.com.br\/wp-content\/uploads\/2026\/04\/3-1024x536.png\" alt=\"\" class=\"wp-image-2110\" style=\"border-top-left-radius:35px;border-top-right-radius:35px;border-bottom-left-radius:35px;border-bottom-right-radius:35px;width:400px\" srcset=\"https:\/\/aboutcom.com.br\/wp-content\/uploads\/2026\/04\/3-1024x536.png 1024w, https:\/\/aboutcom.com.br\/wp-content\/uploads\/2026\/04\/3-300x157.png 300w, https:\/\/aboutcom.com.br\/wp-content\/uploads\/2026\/04\/3-768x402.png 768w, https:\/\/aboutcom.com.br\/wp-content\/uploads\/2026\/04\/3-1536x804.png 1536w, https:\/\/aboutcom.com.br\/wp-content\/uploads\/2026\/04\/3-500x262.png 500w, https:\/\/aboutcom.com.br\/wp-content\/uploads\/2026\/04\/3.png 1600w\" sizes=\"auto, (max-width: 1024px) 100vw, 1024px\" \/><\/a><\/figure>\n<\/div>\n<\/div>\n\n\n\n<div class=\"wp-block-columns are-vertically-aligned-center is-layout-flex wp-container-core-columns-is-layout-28f84493 wp-block-columns-is-layout-flex\">\n<div class=\"wp-block-column is-vertically-aligned-center is-layout-flow wp-block-column-is-layout-flow\" style=\"flex-basis:35%\">\n<figure class=\"wp-block-image aligncenter size-large is-resized has-custom-border\"><a href=\"https:\/\/aboutcom.com.br\/pt\/media-training\/\"><img loading=\"lazy\" decoding=\"async\" width=\"1024\" height=\"536\" src=\"https:\/\/aboutcom.com.br\/wp-content\/uploads\/2026\/04\/4-1024x536.png\" alt=\"\" class=\"wp-image-2111\" style=\"border-top-left-radius:35px;border-top-right-radius:35px;border-bottom-left-radius:35px;border-bottom-right-radius:35px;aspect-ratio:1.9104928082999293;object-fit:cover;width:400px\" srcset=\"https:\/\/aboutcom.com.br\/wp-content\/uploads\/2026\/04\/4-1024x536.png 1024w, https:\/\/aboutcom.com.br\/wp-content\/uploads\/2026\/04\/4-300x157.png 300w, https:\/\/aboutcom.com.br\/wp-content\/uploads\/2026\/04\/4-768x402.png 768w, https:\/\/aboutcom.com.br\/wp-content\/uploads\/2026\/04\/4-1536x804.png 1536w, https:\/\/aboutcom.com.br\/wp-content\/uploads\/2026\/04\/4-500x262.png 500w, https:\/\/aboutcom.com.br\/wp-content\/uploads\/2026\/04\/4.png 1600w\" sizes=\"auto, (max-width: 1024px) 100vw, 1024px\" \/><\/a><\/figure>\n<\/div>\n\n\n\n<div class=\"wp-block-column is-vertically-aligned-center is-layout-flow wp-block-column-is-layout-flow\" style=\"flex-basis:35%\">\n<figure class=\"wp-block-image aligncenter size-large is-resized has-custom-border\"><a href=\"https:\/\/aboutcom.com.br\/pt\/falas-impacto\/\"><img loading=\"lazy\" decoding=\"async\" width=\"1024\" height=\"536\" src=\"https:\/\/aboutcom.com.br\/wp-content\/uploads\/2026\/04\/5-1024x536.png\" alt=\"\" class=\"wp-image-2112\" style=\"border-top-left-radius:35px;border-top-right-radius:35px;border-bottom-left-radius:35px;border-bottom-right-radius:35px;aspect-ratio:1.9104928082999293;object-fit:cover;width:400px\" srcset=\"https:\/\/aboutcom.com.br\/wp-content\/uploads\/2026\/04\/5-1024x536.png 1024w, https:\/\/aboutcom.com.br\/wp-content\/uploads\/2026\/04\/5-300x157.png 300w, https:\/\/aboutcom.com.br\/wp-content\/uploads\/2026\/04\/5-768x402.png 768w, https:\/\/aboutcom.com.br\/wp-content\/uploads\/2026\/04\/5-1536x804.png 1536w, https:\/\/aboutcom.com.br\/wp-content\/uploads\/2026\/04\/5-500x262.png 500w, https:\/\/aboutcom.com.br\/wp-content\/uploads\/2026\/04\/5.png 1600w\" sizes=\"auto, (max-width: 1024px) 100vw, 1024px\" \/><\/a><\/figure>\n<\/div>\n\n\n\n<div class=\"wp-block-column is-vertically-aligned-center is-layout-flow wp-block-column-is-layout-flow\" style=\"flex-basis:35%\">\n<figure class=\"wp-block-image aligncenter size-large is-resized has-custom-border\"><a href=\"https:\/\/aboutcom.com.br\/pt\/social-selling\/\"><img loading=\"lazy\" decoding=\"async\" width=\"1600\" height=\"838\" src=\"https:\/\/aboutcom.com.br\/wp-content\/uploads\/2026\/04\/6-1024x536.png\" alt=\"\" class=\"wp-image-2113\" style=\"border-top-left-radius:35px;border-top-right-radius:35px;border-bottom-left-radius:35px;border-bottom-right-radius:35px;width:400px\" srcset=\"https:\/\/aboutcom.com.br\/wp-content\/uploads\/2026\/04\/6-1024x536.png 1024w, https:\/\/aboutcom.com.br\/wp-content\/uploads\/2026\/04\/6-300x157.png 300w, https:\/\/aboutcom.com.br\/wp-content\/uploads\/2026\/04\/6-768x402.png 768w, https:\/\/aboutcom.com.br\/wp-content\/uploads\/2026\/04\/6-1536x804.png 1536w, https:\/\/aboutcom.com.br\/wp-content\/uploads\/2026\/04\/6-500x262.png 500w, https:\/\/aboutcom.com.br\/wp-content\/uploads\/2026\/04\/6.png 1600w\" sizes=\"auto, (max-width: 1600px) 100vw, 1600px\" \/><\/a><\/figure>\n<\/div>\n<\/div>\n\n\n\n<p><\/p>\n","protected":false},"excerpt":{"rendered":"<p>Falas de impacto Dura\u00e7\u00e3o: 1h30 Representar a sua empresa hoje vai muito al\u00e9m de dar entrevistas ou participar de reuni\u00f5es e town halls. Os eventos exigem palestrantes cada vez mais capacitados para compartilhar seus conhecimentos para al\u00e9m dos produtos da sua empresa e, neste treinamento, daremos dicas de como fazer isso. Inclui:<\/p>\n","protected":false},"author":6,"featured_media":0,"parent":0,"menu_order":0,"comment_status":"closed","ping_status":"closed","template":"","meta":{"_acf_changed":false,"inline_featured_image":false,"footnotes":""},"class_list":["post-2146","page","type-page","status-publish","hentry"],"blocksy_meta":{"has_hero_section":"disabled","styles_descriptor":{"styles":{"desktop":"","tablet":"","mobile":""},"google_fonts":[],"version":6}},"acf":[],"yoast_head":"<!-- This site is optimized with the Yoast SEO plugin v27.4 - https:\/\/yoast.com\/product\/yoast-seo-wordpress\/ -->\n<title>aboutCOM | Falas de Impacto<\/title>\n<meta name=\"robots\" content=\"index, follow, max-snippet:-1, max-image-preview:large, max-video-preview:-1\" \/>\n<link rel=\"canonical\" href=\"https:\/\/aboutcom.com.br\/es\/falas-impacto\/\" \/>\n<meta property=\"og:locale\" content=\"pt_BR\" \/>\n<meta property=\"og:locale:alternate\" content=\"pt_BR\" \/>\n<meta property=\"og:locale:alternate\" content=\"en_US\" \/>\n<meta property=\"og:type\" content=\"article\" \/>\n<meta property=\"og:title\" content=\"aboutCOM | Falas de Impacto\" \/>\n<meta property=\"og:description\" content=\"Falas de impacto Dura\u00e7\u00e3o: 1h30 Representar a sua empresa hoje vai muito al\u00e9m de dar entrevistas ou participar de reuni\u00f5es e town halls. Os eventos exigem palestrantes cada vez mais capacitados para compartilhar seus conhecimentos para al\u00e9m dos produtos da sua empresa e, neste treinamento, daremos dicas de como fazer isso. Inclui:\" \/>\n<meta property=\"og:url\" content=\"https:\/\/aboutcom.com.br\/es\/falas-impacto\/\" \/>\n<meta property=\"og:site_name\" content=\"aboutCOM\" \/>\n<meta property=\"article:modified_time\" content=\"2026-04-16T18:56:32+00:00\" \/>\n<meta property=\"og:image\" content=\"https:\/\/aboutcom.com.br\/wp-content\/uploads\/2026\/04\/5.png\" \/>\n\t<meta property=\"og:image:width\" content=\"1600\" \/>\n\t<meta property=\"og:image:height\" content=\"838\" \/>\n\t<meta property=\"og:image:type\" content=\"image\/png\" \/>\n<meta name=\"twitter:card\" content=\"summary_large_image\" \/>\n<meta name=\"twitter:label1\" content=\"Tiempo de lectura\" \/>\n\t<meta name=\"twitter:data1\" content=\"3 minutos\" \/>\n<script type=\"application\/ld+json\" class=\"yoast-schema-graph\">{\"@context\":\"https:\\\/\\\/schema.org\",\"@graph\":[{\"@type\":\"WebPage\",\"@id\":\"https:\\\/\\\/aboutcom.com.br\\\/pt\\\/falas-impacto\\\/\",\"url\":\"https:\\\/\\\/aboutcom.com.br\\\/pt\\\/falas-impacto\\\/\",\"name\":\"aboutCOM | Falas de Impacto\",\"isPartOf\":{\"@id\":\"https:\\\/\\\/aboutcom.com.br\\\/pt\\\/#website\"},\"primaryImageOfPage\":{\"@id\":\"https:\\\/\\\/aboutcom.com.br\\\/pt\\\/falas-impacto\\\/#primaryimage\"},\"image\":{\"@id\":\"https:\\\/\\\/aboutcom.com.br\\\/pt\\\/falas-impacto\\\/#primaryimage\"},\"thumbnailUrl\":\"https:\\\/\\\/aboutcom.com.br\\\/wp-content\\\/uploads\\\/2026\\\/04\\\/5-1024x536.png\",\"datePublished\":\"2026-04-16T18:13:49+00:00\",\"dateModified\":\"2026-04-16T18:56:32+00:00\",\"breadcrumb\":{\"@id\":\"https:\\\/\\\/aboutcom.com.br\\\/pt\\\/falas-impacto\\\/#breadcrumb\"},\"inLanguage\":\"es-ES\",\"potentialAction\":[{\"@type\":\"ReadAction\",\"target\":[\"https:\\\/\\\/aboutcom.com.br\\\/pt\\\/falas-impacto\\\/\"]}]},{\"@type\":\"ImageObject\",\"inLanguage\":\"es-ES\",\"@id\":\"https:\\\/\\\/aboutcom.com.br\\\/pt\\\/falas-impacto\\\/#primaryimage\",\"url\":\"https:\\\/\\\/aboutcom.com.br\\\/wp-content\\\/uploads\\\/2026\\\/04\\\/5-1024x536.png\",\"contentUrl\":\"https:\\\/\\\/aboutcom.com.br\\\/wp-content\\\/uploads\\\/2026\\\/04\\\/5-1024x536.png\"},{\"@type\":\"BreadcrumbList\",\"@id\":\"https:\\\/\\\/aboutcom.com.br\\\/pt\\\/falas-impacto\\\/#breadcrumb\",\"itemListElement\":[{\"@type\":\"ListItem\",\"position\":1,\"name\":\"Inicio\",\"item\":\"https:\\\/\\\/aboutcom.com.br\\\/pt\\\/\"},{\"@type\":\"ListItem\",\"position\":2,\"name\":\"aboutCOM | Falas de Impacto\"}]},{\"@type\":\"WebSite\",\"@id\":\"https:\\\/\\\/aboutcom.com.br\\\/pt\\\/#website\",\"url\":\"https:\\\/\\\/aboutcom.com.br\\\/pt\\\/\",\"name\":\"aboutCOM\",\"description\":\"Especialistas em Comunica\u00e7\u00e3o\",\"publisher\":{\"@id\":\"https:\\\/\\\/aboutcom.com.br\\\/pt\\\/#organization\"},\"potentialAction\":[{\"@type\":\"SearchAction\",\"target\":{\"@type\":\"EntryPoint\",\"urlTemplate\":\"https:\\\/\\\/aboutcom.com.br\\\/pt\\\/?s={search_term_string}\"},\"query-input\":{\"@type\":\"PropertyValueSpecification\",\"valueRequired\":true,\"valueName\":\"search_term_string\"}}],\"inLanguage\":\"es-ES\"},{\"@type\":\"Organization\",\"@id\":\"https:\\\/\\\/aboutcom.com.br\\\/pt\\\/#organization\",\"name\":\"aboutCOM\",\"url\":\"https:\\\/\\\/aboutcom.com.br\\\/pt\\\/\",\"logo\":{\"@type\":\"ImageObject\",\"inLanguage\":\"es-ES\",\"@id\":\"https:\\\/\\\/aboutcom.com.br\\\/pt\\\/#\\\/schema\\\/logo\\\/image\\\/\",\"url\":\"https:\\\/\\\/aboutcom.com.br\\\/wp-content\\\/uploads\\\/2025\\\/08\\\/aboutCOM_LOGO-10-scaled.png\",\"contentUrl\":\"https:\\\/\\\/aboutcom.com.br\\\/wp-content\\\/uploads\\\/2025\\\/08\\\/aboutCOM_LOGO-10-scaled.png\",\"width\":2560,\"height\":786,\"caption\":\"aboutCOM\"},\"image\":{\"@id\":\"https:\\\/\\\/aboutcom.com.br\\\/pt\\\/#\\\/schema\\\/logo\\\/image\\\/\"}}]}<\/script>\n<!-- \/ Yoast SEO plugin. -->","yoast_head_json":{"title":"aboutCOM | Falas de Impacto","robots":{"index":"index","follow":"follow","max-snippet":"max-snippet:-1","max-image-preview":"max-image-preview:large","max-video-preview":"max-video-preview:-1"},"canonical":"https:\/\/aboutcom.com.br\/es\/falas-impacto\/","og_locale":"pt_BR","og_type":"article","og_title":"[:pt]aboutCOM | Falas de Impacto[:] - aboutCOM","og_description":"Falas de impacto Dura\u00e7\u00e3o: 1h30 Representar a sua empresa hoje vai muito al\u00e9m de dar entrevistas ou participar de reuni\u00f5es e town halls. Os eventos exigem palestrantes cada vez mais capacitados para compartilhar seus conhecimentos para al\u00e9m dos produtos da sua empresa e, neste treinamento, daremos dicas de como fazer isso. Inclui:","og_url":"https:\/\/aboutcom.com.br\/es\/falas-impacto\/","og_site_name":"aboutCOM","article_modified_time":"2026-04-16T18:56:32+00:00","og_image":[{"width":1600,"height":838,"url":"https:\/\/aboutcom.com.br\/wp-content\/uploads\/2026\/04\/5.png","type":"image\/png"}],"twitter_card":"summary_large_image","twitter_misc":{"Tiempo de lectura":"3 minutos"},"schema":{"@context":"https:\/\/schema.org","@graph":[{"@type":"WebPage","@id":"https:\/\/aboutcom.com.br\/pt\/falas-impacto\/","url":"https:\/\/aboutcom.com.br\/pt\/falas-impacto\/","name":"aboutCOM | Falas de Impacto","isPartOf":{"@id":"https:\/\/aboutcom.com.br\/pt\/#website"},"primaryImageOfPage":{"@id":"https:\/\/aboutcom.com.br\/pt\/falas-impacto\/#primaryimage"},"image":{"@id":"https:\/\/aboutcom.com.br\/pt\/falas-impacto\/#primaryimage"},"thumbnailUrl":"https:\/\/aboutcom.com.br\/wp-content\/uploads\/2026\/04\/5-1024x536.png","datePublished":"2026-04-16T18:13:49+00:00","dateModified":"2026-04-16T18:56:32+00:00","breadcrumb":{"@id":"https:\/\/aboutcom.com.br\/pt\/falas-impacto\/#breadcrumb"},"inLanguage":"es-ES","potentialAction":[{"@type":"ReadAction","target":["https:\/\/aboutcom.com.br\/pt\/falas-impacto\/"]}]},{"@type":"ImageObject","inLanguage":"es-ES","@id":"https:\/\/aboutcom.com.br\/pt\/falas-impacto\/#primaryimage","url":"https:\/\/aboutcom.com.br\/wp-content\/uploads\/2026\/04\/5-1024x536.png","contentUrl":"https:\/\/aboutcom.com.br\/wp-content\/uploads\/2026\/04\/5-1024x536.png"},{"@type":"BreadcrumbList","@id":"https:\/\/aboutcom.com.br\/pt\/falas-impacto\/#breadcrumb","itemListElement":[{"@type":"ListItem","position":1,"name":"Inicio","item":"https:\/\/aboutcom.com.br\/pt\/"},{"@type":"ListItem","position":2,"name":"aboutCOM | Falas de Impacto"}]},{"@type":"WebSite","@id":"https:\/\/aboutcom.com.br\/pt\/#website","url":"https:\/\/aboutcom.com.br\/pt\/","name":"aboutCOM","description":"Especialistas em Comunica\u00e7\u00e3o","publisher":{"@id":"https:\/\/aboutcom.com.br\/pt\/#organization"},"potentialAction":[{"@type":"SearchAction","target":{"@type":"EntryPoint","urlTemplate":"https:\/\/aboutcom.com.br\/pt\/?s={search_term_string}"},"query-input":{"@type":"PropertyValueSpecification","valueRequired":true,"valueName":"search_term_string"}}],"inLanguage":"es-ES"},{"@type":"Organization","@id":"https:\/\/aboutcom.com.br\/pt\/#organization","name":"aboutCOM","url":"https:\/\/aboutcom.com.br\/pt\/","logo":{"@type":"ImageObject","inLanguage":"es-ES","@id":"https:\/\/aboutcom.com.br\/pt\/#\/schema\/logo\/image\/","url":"https:\/\/aboutcom.com.br\/wp-content\/uploads\/2025\/08\/aboutCOM_LOGO-10-scaled.png","contentUrl":"https:\/\/aboutcom.com.br\/wp-content\/uploads\/2025\/08\/aboutCOM_LOGO-10-scaled.png","width":2560,"height":786,"caption":"aboutCOM"},"image":{"@id":"https:\/\/aboutcom.com.br\/pt\/#\/schema\/logo\/image\/"}}]}},"_links":{"self":[{"href":"https:\/\/aboutcom.com.br\/es\/wp-json\/wp\/v2\/pages\/2146","targetHints":{"allow":["GET"]}}],"collection":[{"href":"https:\/\/aboutcom.com.br\/es\/wp-json\/wp\/v2\/pages"}],"about":[{"href":"https:\/\/aboutcom.com.br\/es\/wp-json\/wp\/v2\/types\/page"}],"author":[{"embeddable":true,"href":"https:\/\/aboutcom.com.br\/es\/wp-json\/wp\/v2\/users\/6"}],"replies":[{"embeddable":true,"href":"https:\/\/aboutcom.com.br\/es\/wp-json\/wp\/v2\/comments?post=2146"}],"version-history":[{"count":3,"href":"https:\/\/aboutcom.com.br\/es\/wp-json\/wp\/v2\/pages\/2146\/revisions"}],"predecessor-version":[{"id":2168,"href":"https:\/\/aboutcom.com.br\/es\/wp-json\/wp\/v2\/pages\/2146\/revisions\/2168"}],"wp:attachment":[{"href":"https:\/\/aboutcom.com.br\/es\/wp-json\/wp\/v2\/media?parent=2146"}],"curies":[{"name":"wp","href":"https:\/\/api.w.org\/{rel}","templated":true}]}}