{"id":1986,"date":"2025-10-14T15:04:01","date_gmt":"2025-10-14T15:04:01","guid":{"rendered":"https:\/\/aboutcom.com.br\/pt\/?page_id=1986"},"modified":"2026-04-17T13:00:34","modified_gmt":"2026-04-17T13:00:34","slug":"treinamentos","status":"publish","type":"page","link":"https:\/\/aboutcom.com.br\/pt\/treinamentos\/","title":{"rendered":"aboutCOM | Treinamentos"},"content":{"rendered":"\n<h2 class=\"wp-block-heading\">Treinamentos aboutCOM<\/h2>\n\n\n\n<p class=\"has-medium-font-size\"><strong>Capacitar porta-vozes vai al\u00e9m da t\u00e9cnica<\/strong>; \u00e9 sobre construir autoridade e garantir a seguran\u00e7a da mensagem institucional em qualquer cen\u00e1rio.<\/p>\n\n\n\n<p class=\"has-medium-font-size\">Enquanto um treinamento comum ensina &#8220;o que&#8221; dizer, normalmente apenas para a imprensa, a capacita\u00e7\u00e3o ajuda a <strong>desenvolver a intelig\u00eancia emocional, a desenvoltura e a agilidade mental <\/strong>necess\u00e1rias para que a mensagem da empresa chegue clara a qualquer interlocutor e gere interesse.<\/p>\n\n\n\n<p class=\"has-medium-font-size\">Ao dominar a narrativa, o porta-voz deixa de apenas transmitir dados para se tornar um pilar de <strong>credibilidade e confian\u00e7a<\/strong> diante de todos os stakeholders, <strong>protegendo a reputa\u00e7\u00e3o corporativa e amplificando a voz da empresa.<\/strong><\/p>\n\n\n\n<div class=\"wp-block-getwid-button-group\"><div class=\"wp-block-getwid-button-group__wrapper has-spacing-medium has-alignment-center\">\n<div class=\"wp-block-button\"><a class=\"wp-block-button__link has-medium-font-size has-custom-font-size wp-element-button\" href=\"https:\/\/aboutcom.com.br\/pt\/treinamentos-corporativos\/\">CORPORATIVOS<\/a><\/div>\n\n\n\n<div class=\"wp-block-button has-custom-width wp-block-button__width-25\"><a class=\"wp-block-button__link has-medium-font-size has-custom-font-size wp-element-button\" href=\"https:\/\/aboutcom.com.br\/pt\/treinamentos-livres\/\">LIVRES<\/a><\/div>\n<\/div><\/div>\n\n\n\n<p><\/p>\n","protected":false},"excerpt":{"rendered":"<p>Treinamentos aboutCOM Capacitar porta-vozes vai al\u00e9m da t\u00e9cnica; \u00e9 sobre construir autoridade e garantir a seguran\u00e7a da mensagem institucional em qualquer cen\u00e1rio. Enquanto um treinamento comum ensina &#8220;o que&#8221; dizer, normalmente apenas para a imprensa, a capacita\u00e7\u00e3o ajuda a desenvolver a intelig\u00eancia emocional, a desenvoltura e a agilidade mental necess\u00e1rias para que a mensagem da [&hellip;]<\/p>\n","protected":false},"author":6,"featured_media":0,"parent":0,"menu_order":0,"comment_status":"closed","ping_status":"closed","template":"","meta":{"_acf_changed":false,"inline_featured_image":false,"footnotes":""},"class_list":["post-1986","page","type-page","status-publish","hentry"],"blocksy_meta":{"has_hero_section":"disabled","styles_descriptor":{"styles":{"desktop":"","tablet":"","mobile":""},"google_fonts":[],"version":6}},"acf":[],"yoast_head":"<!-- This site is optimized with the Yoast SEO plugin v27.6 - https:\/\/yoast.com\/product\/yoast-seo-wordpress\/ -->\n<title>aboutCOM | Treinamentos<\/title>\n<meta name=\"description\" content=\"Capacitar porta-vozes vai al\u00e9m da t\u00e9cnica; \u00e9 sobre construir autoridade e garantir a seguran\u00e7a da mensagem institucional em qualquer cen\u00e1rio.\" \/>\n<meta name=\"robots\" content=\"index, follow, max-snippet:-1, max-image-preview:large, max-video-preview:-1\" \/>\n<link rel=\"canonical\" href=\"https:\/\/aboutcom.com.br\/pt\/treinamentos\/\" \/>\n<meta property=\"og:locale\" content=\"pt_BR\" \/>\n<meta property=\"og:locale:alternate\" content=\"en_US\" \/>\n<meta property=\"og:locale:alternate\" content=\"es_ES\" \/>\n<meta property=\"og:type\" content=\"article\" \/>\n<meta property=\"og:title\" content=\"aboutCOM | Treinamentos\" \/>\n<meta property=\"og:description\" content=\"Capacitar porta-vozes vai al\u00e9m da t\u00e9cnica; \u00e9 sobre construir autoridade e garantir a seguran\u00e7a da mensagem institucional em qualquer cen\u00e1rio.\" \/>\n<meta property=\"og:url\" content=\"https:\/\/aboutcom.com.br\/pt\/treinamentos\/\" \/>\n<meta property=\"og:site_name\" content=\"aboutCOM\" \/>\n<meta property=\"article:modified_time\" content=\"2026-04-17T13:00:34+00:00\" \/>\n<meta name=\"twitter:card\" content=\"summary_large_image\" \/>\n<meta name=\"twitter:label1\" content=\"Est. tempo de leitura\" \/>\n\t<meta name=\"twitter:data1\" content=\"1 minuto\" \/>\n<script type=\"application\/ld+json\" class=\"yoast-schema-graph\">{\"@context\":\"https:\\\/\\\/schema.org\",\"@graph\":[{\"@type\":\"WebPage\",\"@id\":\"https:\\\/\\\/aboutcom.com.br\\\/pt\\\/treinamentos\\\/\",\"url\":\"https:\\\/\\\/aboutcom.com.br\\\/pt\\\/treinamentos\\\/\",\"name\":\"aboutCOM | Treinamentos\",\"isPartOf\":{\"@id\":\"https:\\\/\\\/aboutcom.com.br\\\/pt\\\/#website\"},\"datePublished\":\"2025-10-14T15:04:01+00:00\",\"dateModified\":\"2026-04-17T13:00:34+00:00\",\"description\":\"Capacitar porta-vozes vai al\u00e9m da t\u00e9cnica; \u00e9 sobre construir autoridade e garantir a seguran\u00e7a da mensagem institucional em qualquer cen\u00e1rio.\",\"breadcrumb\":{\"@id\":\"https:\\\/\\\/aboutcom.com.br\\\/pt\\\/treinamentos\\\/#breadcrumb\"},\"inLanguage\":\"pt-BR\",\"potentialAction\":[{\"@type\":\"ReadAction\",\"target\":[\"https:\\\/\\\/aboutcom.com.br\\\/pt\\\/treinamentos\\\/\"]}]},{\"@type\":\"BreadcrumbList\",\"@id\":\"https:\\\/\\\/aboutcom.com.br\\\/pt\\\/treinamentos\\\/#breadcrumb\",\"itemListElement\":[{\"@type\":\"ListItem\",\"position\":1,\"name\":\"In\u00edcio\",\"item\":\"https:\\\/\\\/aboutcom.com.br\\\/pt\\\/\"},{\"@type\":\"ListItem\",\"position\":2,\"name\":\"aboutCOM | Treinamentos\"}]},{\"@type\":\"WebSite\",\"@id\":\"https:\\\/\\\/aboutcom.com.br\\\/pt\\\/#website\",\"url\":\"https:\\\/\\\/aboutcom.com.br\\\/pt\\\/\",\"name\":\"aboutCOM\",\"description\":\"Especialistas em Comunica\u00e7\u00e3o\",\"publisher\":{\"@id\":\"https:\\\/\\\/aboutcom.com.br\\\/pt\\\/#organization\"},\"potentialAction\":[{\"@type\":\"SearchAction\",\"target\":{\"@type\":\"EntryPoint\",\"urlTemplate\":\"https:\\\/\\\/aboutcom.com.br\\\/pt\\\/?s={search_term_string}\"},\"query-input\":{\"@type\":\"PropertyValueSpecification\",\"valueRequired\":true,\"valueName\":\"search_term_string\"}}],\"inLanguage\":\"pt-BR\"},{\"@type\":\"Organization\",\"@id\":\"https:\\\/\\\/aboutcom.com.br\\\/pt\\\/#organization\",\"name\":\"aboutCOM\",\"url\":\"https:\\\/\\\/aboutcom.com.br\\\/pt\\\/\",\"logo\":{\"@type\":\"ImageObject\",\"inLanguage\":\"pt-BR\",\"@id\":\"https:\\\/\\\/aboutcom.com.br\\\/pt\\\/#\\\/schema\\\/logo\\\/image\\\/\",\"url\":\"https:\\\/\\\/aboutcom.com.br\\\/wp-content\\\/uploads\\\/2025\\\/08\\\/aboutCOM_LOGO-10-scaled.png\",\"contentUrl\":\"https:\\\/\\\/aboutcom.com.br\\\/wp-content\\\/uploads\\\/2025\\\/08\\\/aboutCOM_LOGO-10-scaled.png\",\"width\":2560,\"height\":786,\"caption\":\"aboutCOM\"},\"image\":{\"@id\":\"https:\\\/\\\/aboutcom.com.br\\\/pt\\\/#\\\/schema\\\/logo\\\/image\\\/\"}}]}<\/script>\n<!-- \/ Yoast SEO plugin. -->","yoast_head_json":{"title":"aboutCOM | Treinamentos","description":"Capacitar porta-vozes vai al\u00e9m da t\u00e9cnica; \u00e9 sobre construir autoridade e garantir a seguran\u00e7a da mensagem institucional em qualquer cen\u00e1rio.","robots":{"index":"index","follow":"follow","max-snippet":"max-snippet:-1","max-image-preview":"max-image-preview:large","max-video-preview":"max-video-preview:-1"},"canonical":"https:\/\/aboutcom.com.br\/pt\/treinamentos\/","og_locale":"pt_BR","og_type":"article","og_title":"[:pt]aboutCOM | Treinamentos[:] - aboutCOM","og_description":"[:pt]Capacitar porta-vozes vai al\u00e9m da t\u00e9cnica; \u00e9 sobre construir autoridade e garantir a seguran\u00e7a da mensagem institucional em qualquer cen\u00e1rio.[:]","og_url":"https:\/\/aboutcom.com.br\/pt\/treinamentos\/","og_site_name":"aboutCOM","article_modified_time":"2026-04-17T13:00:34+00:00","twitter_card":"summary_large_image","twitter_misc":{"Est. tempo de leitura":"1 minuto"},"schema":{"@context":"https:\/\/schema.org","@graph":[{"@type":"WebPage","@id":"https:\/\/aboutcom.com.br\/pt\/treinamentos\/","url":"https:\/\/aboutcom.com.br\/pt\/treinamentos\/","name":"aboutCOM | Treinamentos","isPartOf":{"@id":"https:\/\/aboutcom.com.br\/pt\/#website"},"datePublished":"2025-10-14T15:04:01+00:00","dateModified":"2026-04-17T13:00:34+00:00","description":"Capacitar porta-vozes vai al\u00e9m da t\u00e9cnica; \u00e9 sobre construir autoridade e garantir a seguran\u00e7a da mensagem institucional em qualquer cen\u00e1rio.","breadcrumb":{"@id":"https:\/\/aboutcom.com.br\/pt\/treinamentos\/#breadcrumb"},"inLanguage":"pt-BR","potentialAction":[{"@type":"ReadAction","target":["https:\/\/aboutcom.com.br\/pt\/treinamentos\/"]}]},{"@type":"BreadcrumbList","@id":"https:\/\/aboutcom.com.br\/pt\/treinamentos\/#breadcrumb","itemListElement":[{"@type":"ListItem","position":1,"name":"In\u00edcio","item":"https:\/\/aboutcom.com.br\/pt\/"},{"@type":"ListItem","position":2,"name":"aboutCOM | Treinamentos"}]},{"@type":"WebSite","@id":"https:\/\/aboutcom.com.br\/pt\/#website","url":"https:\/\/aboutcom.com.br\/pt\/","name":"aboutCOM","description":"Especialistas em Comunica\u00e7\u00e3o","publisher":{"@id":"https:\/\/aboutcom.com.br\/pt\/#organization"},"potentialAction":[{"@type":"SearchAction","target":{"@type":"EntryPoint","urlTemplate":"https:\/\/aboutcom.com.br\/pt\/?s={search_term_string}"},"query-input":{"@type":"PropertyValueSpecification","valueRequired":true,"valueName":"search_term_string"}}],"inLanguage":"pt-BR"},{"@type":"Organization","@id":"https:\/\/aboutcom.com.br\/pt\/#organization","name":"aboutCOM","url":"https:\/\/aboutcom.com.br\/pt\/","logo":{"@type":"ImageObject","inLanguage":"pt-BR","@id":"https:\/\/aboutcom.com.br\/pt\/#\/schema\/logo\/image\/","url":"https:\/\/aboutcom.com.br\/wp-content\/uploads\/2025\/08\/aboutCOM_LOGO-10-scaled.png","contentUrl":"https:\/\/aboutcom.com.br\/wp-content\/uploads\/2025\/08\/aboutCOM_LOGO-10-scaled.png","width":2560,"height":786,"caption":"aboutCOM"},"image":{"@id":"https:\/\/aboutcom.com.br\/pt\/#\/schema\/logo\/image\/"}}]}},"_links":{"self":[{"href":"https:\/\/aboutcom.com.br\/pt\/wp-json\/wp\/v2\/pages\/1986","targetHints":{"allow":["GET"]}}],"collection":[{"href":"https:\/\/aboutcom.com.br\/pt\/wp-json\/wp\/v2\/pages"}],"about":[{"href":"https:\/\/aboutcom.com.br\/pt\/wp-json\/wp\/v2\/types\/page"}],"author":[{"embeddable":true,"href":"https:\/\/aboutcom.com.br\/pt\/wp-json\/wp\/v2\/users\/6"}],"replies":[{"embeddable":true,"href":"https:\/\/aboutcom.com.br\/pt\/wp-json\/wp\/v2\/comments?post=1986"}],"version-history":[{"count":5,"href":"https:\/\/aboutcom.com.br\/pt\/wp-json\/wp\/v2\/pages\/1986\/revisions"}],"predecessor-version":[{"id":2174,"href":"https:\/\/aboutcom.com.br\/pt\/wp-json\/wp\/v2\/pages\/1986\/revisions\/2174"}],"wp:attachment":[{"href":"https:\/\/aboutcom.com.br\/pt\/wp-json\/wp\/v2\/media?parent=1986"}],"curies":[{"name":"wp","href":"https:\/\/api.w.org\/{rel}","templated":true}]}}